{"id":2186,"date":"2018-09-08T10:28:45","date_gmt":"2018-09-08T10:28:45","guid":{"rendered":"https:\/\/www.finnsauna.fi\/distributors\/"},"modified":"2020-04-23T12:23:21","modified_gmt":"2020-04-23T12:23:21","slug":"vertriebspartner","status":"publish","type":"page","link":"https:\/\/www.finnsauna.fi\/de\/vertriebspartner\/","title":{"rendered":"Vertriebspartner"},"content":{"rendered":"<section class=\"l-section wpb_row kuva-paddinki height_auto with_img\"><div class=\"l-section-img\" role=\"img\" aria-label=\"Distributors Wanted\" data-img-width=\"1920\" data-img-height=\"752\" style=\"background-image: url(https:\/\/www.finnsauna.fi\/wp-content\/uploads\/bg-design-custom.jpg);background-position: top left;background-repeat: no-repeat;background-size: auto;\"><\/div><div class=\"l-section-h i-cf\"><div class=\"g-cols vc_row via_flex valign_top type_default stacking_default\"><div class=\"vc_col-sm-12 wpb_column vc_column_container has_bg_color\"><div class=\"vc_column-inner us_custom_f1cbd626\"><div class=\"wpb_wrapper\"><div class=\"g-cols wpb_row via_flex valign_top type_default stacking_default\"><div class=\"vc_col-sm-12 wpb_column vc_column_container\"><div class=\"vc_column-inner\"><div class=\"wpb_wrapper\">[vc_custom_heading text=&#8220;Vertriebspartner gesucht&#8220; font_container=&#8220;tag:h1|text_align:center|color:%23ffffff&#8220; use_theme_fonts=&#8220;yes&#8220; css=&#8220;%7B%22default%22%3A%7B%22padding-top%22%3A%2220px%22%2C%22padding-bottom%22%3A%2220px%22%2C%22background-color%22%3A%22%230069b4%22%2C%22color%22%3A%22%23ffffff%22%7D%7D&#8220; el_class=&#8220;sivu-paddinki&#8220;]<\/div><\/div><\/div><\/div><div class=\"g-cols wpb_row us_custom_464722d3 sivu-paddinki via_flex valign_top type_default stacking_default\"><div class=\"vc_col-sm-2 wpb_column vc_column_container\"><div class=\"vc_column-inner\"><div class=\"wpb_wrapper\"><div class=\"w-separator size_custom\" style=\"height:2px\"><\/div><\/div><\/div><\/div><div class=\"vc_col-sm-8 wpb_column vc_column_container\"><div class=\"vc_column-inner\"><div class=\"wpb_wrapper\"><div class=\"w-separator size_small\"><\/div><div class=\"w-image align_center\"><div class=\"w-image-h\"><img decoding=\"async\" width=\"40\" height=\"40\" src=\"https:\/\/www.finnsauna.fi\/wp-content\/uploads\/icon-finnsaunas.png\" class=\"attachment-full size-full\" alt=\"\" loading=\"lazy\" \/><\/div><\/div><div class=\"w-separator size_small\"><\/div><div class=\"wpb_text_column ingressi\"><div class=\"wpb_wrapper\"><p style=\"text-align: center;\"><strong>M\u00f6chten Sie Vertriebspartner werden?<\/strong><\/p>\n<p style=\"text-align: center;\">Wenn Sie glauben, eines der Produkte auf unserer Website erfolgreich repr\u00e4sentieren und vermarkten zu k\u00f6nnen, laden wir Sie ein, unserem Verkaufsnetzwerk beizutreten. Nehmen Sie die Herausforderung an und f\u00fcllen Sie das Formular aus!<\/p>\n<\/div><\/div><div class=\"w-separator size_medium with_line width_default thick_1 style_solid color_border align_center with_content\"><div class=\"w-separator-h\"><i class=\"fas fa-chevron-down\"><\/i><\/div><\/div><\/div><\/div><\/div><div class=\"vc_col-sm-2 wpb_column vc_column_container\"><div class=\"vc_column-inner\"><div class=\"wpb_wrapper\"><\/div><\/div><\/div><\/div><\/div><\/div><\/div><\/div><\/div><\/section><section class=\"l-section wpb_row height_small\"><div class=\"l-section-h i-cf\"><div class=\"g-cols vc_row via_flex valign_top type_default stacking_default\"><div class=\"vc_col-sm-2 wpb_column vc_column_container\"><div class=\"vc_column-inner\"><div class=\"wpb_wrapper\"><\/div><\/div><\/div><div class=\"vc_col-sm-8 wpb_column vc_column_container\"><div class=\"vc_column-inner\"><div class=\"wpb_wrapper\">\n<div class=\"wpcf7 no-js\" id=\"wpcf7-f2189-o1\" lang=\"en-US\" dir=\"ltr\" data-wpcf7-id=\"2189\">\n<div class=\"screen-reader-response\"><p role=\"status\" aria-live=\"polite\" aria-atomic=\"true\"><\/p> <ul><\/ul><\/div>\n<form action=\"\/de\/wp-json\/wp\/v2\/pages\/2186#wpcf7-f2189-o1\" method=\"post\" class=\"wpcf7-form init\" aria-label=\"Contact form\" novalidate=\"novalidate\" data-status=\"init\">\n<fieldset class=\"hidden-fields-container\"><input type=\"hidden\" name=\"_wpcf7\" value=\"2189\" \/><input type=\"hidden\" name=\"_wpcf7_version\" value=\"6.1.5\" \/><input type=\"hidden\" name=\"_wpcf7_locale\" value=\"en_US\" \/><input type=\"hidden\" name=\"_wpcf7_unit_tag\" value=\"wpcf7-f2189-o1\" \/><input type=\"hidden\" name=\"_wpcf7_container_post\" value=\"0\" \/><input type=\"hidden\" name=\"_wpcf7_posted_data_hash\" value=\"\" \/><input type=\"hidden\" name=\"_wpcf7_recaptcha_response\" value=\"\" \/>\n<\/fieldset>\n<p><label> Name (erforderlich)<br \/>\n<span class=\"wpcf7-form-control-wrap\" data-name=\"your-name\"><input size=\"40\" maxlength=\"400\" class=\"wpcf7-form-control wpcf7-text wpcf7-validates-as-required\" aria-required=\"true\" aria-invalid=\"false\" value=\"\" type=\"text\" name=\"your-name\" \/><\/span> <\/label>\n<\/p>\n<p><label> Firma (erforderlich)<br \/>\n<span class=\"wpcf7-form-control-wrap\" data-name=\"company\"><input size=\"40\" maxlength=\"400\" class=\"wpcf7-form-control wpcf7-text wpcf7-validates-as-required\" aria-required=\"true\" aria-invalid=\"false\" value=\"\" type=\"text\" name=\"company\" \/><\/span> <\/label>\n<\/p>\n<p><label>Strasse<br \/>\n<span class=\"wpcf7-form-control-wrap\" data-name=\"street\"><input size=\"40\" maxlength=\"400\" class=\"wpcf7-form-control wpcf7-text\" aria-invalid=\"false\" value=\"\" type=\"text\" name=\"street\" \/><\/span> <\/label>\n<\/p>\n<p><label>Postleitzahl (erforderlich)<br \/>\n<span class=\"wpcf7-form-control-wrap\" data-name=\"zip\"><input size=\"40\" maxlength=\"400\" class=\"wpcf7-form-control wpcf7-text wpcf7-validates-as-required\" aria-required=\"true\" aria-invalid=\"false\" value=\"\" type=\"text\" name=\"zip\" \/><\/span> <\/label>\n<\/p>\n<p><label>Stadt (erforderlich)<br \/>\n<span class=\"wpcf7-form-control-wrap\" data-name=\"city\"><input size=\"40\" maxlength=\"400\" class=\"wpcf7-form-control wpcf7-text wpcf7-validates-as-required\" aria-required=\"true\" aria-invalid=\"false\" value=\"\" type=\"text\" name=\"city\" \/><\/span> <\/label>\n<\/p>\n<p><label>Land (erforderlich)<br \/>\n<span class=\"wpcf7-form-control-wrap\" data-name=\"country\"><input size=\"40\" maxlength=\"400\" class=\"wpcf7-form-control wpcf7-text wpcf7-validates-as-required\" aria-required=\"true\" aria-invalid=\"false\" value=\"\" type=\"text\" name=\"country\" \/><\/span> <\/label>\n<\/p>\n<p><label> Email (erforderlich)<br \/>\n<span class=\"wpcf7-form-control-wrap\" data-name=\"your-email\"><input size=\"40\" maxlength=\"400\" class=\"wpcf7-form-control wpcf7-email wpcf7-validates-as-required wpcf7-text wpcf7-validates-as-email\" aria-required=\"true\" aria-invalid=\"false\" value=\"\" type=\"email\" name=\"your-email\" \/><\/span> <\/label>\n<\/p>\n<p><label> Telefon<br \/>\n<span class=\"wpcf7-form-control-wrap\" data-name=\"phone\"><input size=\"40\" maxlength=\"400\" class=\"wpcf7-form-control wpcf7-tel wpcf7-text wpcf7-validates-as-tel\" aria-invalid=\"false\" value=\"\" type=\"tel\" name=\"phone\" \/><\/span> <\/label>\n<\/p>\n<p>Wir sind an den folgenden Produkten interessiert:\n<\/p>\n<p><span class=\"wpcf7-form-control-wrap\" data-name=\"checkbox-341\"><span class=\"wpcf7-form-control wpcf7-checkbox\"><span class=\"wpcf7-list-item first\"><input type=\"checkbox\" name=\"checkbox-341[]\" value=\"Infrarotheizer\" \/><span class=\"wpcf7-list-item-label\">Infrarotheizer<\/span><\/span><span class=\"wpcf7-list-item\"><input type=\"checkbox\" name=\"checkbox-341[]\" value=\"Saunatextilien\" \/><span class=\"wpcf7-list-item-label\">Saunatextilien<\/span><\/span><span class=\"wpcf7-list-item\"><input type=\"checkbox\" name=\"checkbox-341[]\" value=\"Saunast\u00fchle und Ruheliegen\" \/><span class=\"wpcf7-list-item-label\">Saunast\u00fchle und Ruheliegen<\/span><\/span><span class=\"wpcf7-list-item\"><input type=\"checkbox\" name=\"checkbox-341[]\" value=\"K\u00fcbel &amp; Kellen\" \/><span class=\"wpcf7-list-item-label\">K\u00fcbel &amp; Kellen<\/span><\/span><span class=\"wpcf7-list-item\"><input type=\"checkbox\" name=\"checkbox-341[]\" value=\"Saunabeleuchtung\" \/><span class=\"wpcf7-list-item-label\">Saunabeleuchtung<\/span><\/span><span class=\"wpcf7-list-item last\"><input type=\"checkbox\" name=\"checkbox-341[]\" value=\"Feuchtigkeitssperre\" \/><span class=\"wpcf7-list-item-label\">Feuchtigkeitssperre<\/span><\/span><\/span><\/span>\n<\/p>\n<p><label> Ihre Nachricht<br \/>\n<span class=\"wpcf7-form-control-wrap\" data-name=\"your-message\"><textarea cols=\"40\" rows=\"10\" maxlength=\"2000\" class=\"wpcf7-form-control wpcf7-textarea\" aria-invalid=\"false\" name=\"your-message\"><\/textarea><\/span> <\/label>\n<\/p>\n<p><input class=\"wpcf7-form-control wpcf7-submit has-spinner\" type=\"submit\" value=\"Senden\" \/>\n<\/p><div class=\"wpcf7-response-output\" aria-hidden=\"true\"><\/div>\n<\/form>\n<\/div>\n<\/div><\/div><\/div><div class=\"vc_col-sm-2 wpb_column vc_column_container\"><div class=\"vc_column-inner\"><div class=\"wpb_wrapper\"><\/div><\/div><\/div><\/div><\/div><\/section>\n","protected":false},"excerpt":{"rendered":"[vc_custom_heading text=\"Vertriebspartner gesucht\" font_container=\"tag:h1|text_align:center|color:%23ffffff\" use_theme_fonts=\"yes\" css=\"%7B%22default%22%3A%7B%22padding-top%22%3A%2220px%22%2C%22padding-bottom%22%3A%2220px%22%2C%22background-color%22%3A%22%230069b4%22%2C%22color%22%3A%22%23ffffff%22%7D%7D\" el_class=\"sivu-paddinki\"]M\u00f6chten Sie Vertriebspartner werden? Wenn Sie glauben, eines der Produkte auf unserer Website erfolgreich repr\u00e4sentieren und vermarkten zu k\u00f6nnen, laden wir Sie ein, unserem Verkaufsnetzwerk beizutreten. Nehmen Sie die Herausforderung an und f\u00fcllen Sie das Formular aus! Name (erforderlich) Firma (erforderlich) Strasse Postleitzahl (erforderlich) Stadt (erforderlich) Land (erforderlich) Email...","protected":false},"author":1,"featured_media":0,"parent":0,"menu_order":9,"comment_status":"closed","ping_status":"closed","template":"","meta":{"footnotes":""},"class_list":["post-2186","page","type-page","status-publish","hentry"],"yoast_head":"<!-- This site is optimized with the Yoast SEO plugin v27.1.1 - https:\/\/yoast.com\/product\/yoast-seo-wordpress\/ -->\n<title>Vertriebspartner - Finnsauna<\/title>\n<meta name=\"description\" content=\"Wenn Sie glauben, eines der Produkte auf unserer Website erfolgreich repr\u00e4sentieren und vermarkten zu k\u00f6nnen, laden wir Sie ein, unserem Verkaufsnetzwerk beizutreten. Nehmen Sie die Herausforderung an und f\u00fcllen Sie das Formular aus!\" \/>\n<meta name=\"robots\" content=\"index, follow, max-snippet:-1, max-image-preview:large, max-video-preview:-1\" \/>\n<link rel=\"canonical\" href=\"https:\/\/www.finnsauna.fi\/de\/vertriebspartner\/\" \/>\n<meta property=\"og:locale\" content=\"de_DE\" \/>\n<meta property=\"og:type\" content=\"article\" \/>\n<meta property=\"og:title\" content=\"Vertriebspartner - Finnsauna\" \/>\n<meta property=\"og:description\" content=\"Wenn Sie glauben, eines der Produkte auf unserer Website erfolgreich repr\u00e4sentieren und vermarkten zu k\u00f6nnen, laden wir Sie ein, unserem Verkaufsnetzwerk beizutreten. Nehmen Sie die Herausforderung an und f\u00fcllen Sie das Formular aus!\" \/>\n<meta property=\"og:url\" content=\"https:\/\/www.finnsauna.fi\/de\/vertriebspartner\/\" \/>\n<meta property=\"og:site_name\" content=\"Finnsauna\" \/>\n<meta property=\"article:modified_time\" content=\"2020-04-23T12:23:21+00:00\" \/>\n<meta name=\"twitter:card\" content=\"summary_large_image\" \/>\n<meta name=\"twitter:label1\" content=\"Gesch\u00e4tzte Lesezeit\" \/>\n\t<meta name=\"twitter:data1\" content=\"1\u00a0Minute\" \/>\n<script type=\"application\/ld+json\" class=\"yoast-schema-graph\">{\"@context\":\"https:\/\/schema.org\",\"@graph\":[{\"@type\":\"WebPage\",\"@id\":\"https:\/\/www.finnsauna.fi\/de\/vertriebspartner\/\",\"url\":\"https:\/\/www.finnsauna.fi\/de\/vertriebspartner\/\",\"name\":\"Vertriebspartner - Finnsauna\",\"isPartOf\":{\"@id\":\"https:\/\/www.finnsauna.fi\/#website\"},\"datePublished\":\"2018-09-08T10:28:45+00:00\",\"dateModified\":\"2020-04-23T12:23:21+00:00\",\"description\":\"Wenn Sie glauben, eines der Produkte auf unserer Website erfolgreich repr\u00e4sentieren und vermarkten zu k\u00f6nnen, laden wir Sie ein, unserem Verkaufsnetzwerk beizutreten. Nehmen Sie die Herausforderung an und f\u00fcllen Sie das Formular aus!\",\"breadcrumb\":{\"@id\":\"https:\/\/www.finnsauna.fi\/de\/vertriebspartner\/#breadcrumb\"},\"inLanguage\":\"de\",\"potentialAction\":[{\"@type\":\"ReadAction\",\"target\":[\"https:\/\/www.finnsauna.fi\/de\/vertriebspartner\/\"]}]},{\"@type\":\"BreadcrumbList\",\"@id\":\"https:\/\/www.finnsauna.fi\/de\/vertriebspartner\/#breadcrumb\",\"itemListElement\":[{\"@type\":\"ListItem\",\"position\":1,\"name\":\"Home\",\"item\":\"https:\/\/www.finnsauna.fi\/de\/\"},{\"@type\":\"ListItem\",\"position\":2,\"name\":\"Vertriebspartner\"}]},{\"@type\":\"WebSite\",\"@id\":\"https:\/\/www.finnsauna.fi\/#website\",\"url\":\"https:\/\/www.finnsauna.fi\/\",\"name\":\"Finnsauna\",\"description\":\"Sauna products from Finland\",\"potentialAction\":[{\"@type\":\"SearchAction\",\"target\":{\"@type\":\"EntryPoint\",\"urlTemplate\":\"https:\/\/www.finnsauna.fi\/?s={search_term_string}\"},\"query-input\":{\"@type\":\"PropertyValueSpecification\",\"valueRequired\":true,\"valueName\":\"search_term_string\"}}],\"inLanguage\":\"de\"}]}<\/script>\n<!-- \/ Yoast SEO plugin. -->","yoast_head_json":{"title":"Vertriebspartner - Finnsauna","description":"Wenn Sie glauben, eines der Produkte auf unserer Website erfolgreich repr\u00e4sentieren und vermarkten zu k\u00f6nnen, laden wir Sie ein, unserem Verkaufsnetzwerk beizutreten. Nehmen Sie die Herausforderung an und f\u00fcllen Sie das Formular aus!","robots":{"index":"index","follow":"follow","max-snippet":"max-snippet:-1","max-image-preview":"max-image-preview:large","max-video-preview":"max-video-preview:-1"},"canonical":"https:\/\/www.finnsauna.fi\/de\/vertriebspartner\/","og_locale":"de_DE","og_type":"article","og_title":"Vertriebspartner - Finnsauna","og_description":"Wenn Sie glauben, eines der Produkte auf unserer Website erfolgreich repr\u00e4sentieren und vermarkten zu k\u00f6nnen, laden wir Sie ein, unserem Verkaufsnetzwerk beizutreten. Nehmen Sie die Herausforderung an und f\u00fcllen Sie das Formular aus!","og_url":"https:\/\/www.finnsauna.fi\/de\/vertriebspartner\/","og_site_name":"Finnsauna","article_modified_time":"2020-04-23T12:23:21+00:00","twitter_card":"summary_large_image","twitter_misc":{"Gesch\u00e4tzte Lesezeit":"1\u00a0Minute"},"schema":{"@context":"https:\/\/schema.org","@graph":[{"@type":"WebPage","@id":"https:\/\/www.finnsauna.fi\/de\/vertriebspartner\/","url":"https:\/\/www.finnsauna.fi\/de\/vertriebspartner\/","name":"Vertriebspartner - Finnsauna","isPartOf":{"@id":"https:\/\/www.finnsauna.fi\/#website"},"datePublished":"2018-09-08T10:28:45+00:00","dateModified":"2020-04-23T12:23:21+00:00","description":"Wenn Sie glauben, eines der Produkte auf unserer Website erfolgreich repr\u00e4sentieren und vermarkten zu k\u00f6nnen, laden wir Sie ein, unserem Verkaufsnetzwerk beizutreten. Nehmen Sie die Herausforderung an und f\u00fcllen Sie das Formular aus!","breadcrumb":{"@id":"https:\/\/www.finnsauna.fi\/de\/vertriebspartner\/#breadcrumb"},"inLanguage":"de","potentialAction":[{"@type":"ReadAction","target":["https:\/\/www.finnsauna.fi\/de\/vertriebspartner\/"]}]},{"@type":"BreadcrumbList","@id":"https:\/\/www.finnsauna.fi\/de\/vertriebspartner\/#breadcrumb","itemListElement":[{"@type":"ListItem","position":1,"name":"Home","item":"https:\/\/www.finnsauna.fi\/de\/"},{"@type":"ListItem","position":2,"name":"Vertriebspartner"}]},{"@type":"WebSite","@id":"https:\/\/www.finnsauna.fi\/#website","url":"https:\/\/www.finnsauna.fi\/","name":"Finnsauna","description":"Sauna products from Finland","potentialAction":[{"@type":"SearchAction","target":{"@type":"EntryPoint","urlTemplate":"https:\/\/www.finnsauna.fi\/?s={search_term_string}"},"query-input":{"@type":"PropertyValueSpecification","valueRequired":true,"valueName":"search_term_string"}}],"inLanguage":"de"}]}},"_links":{"self":[{"href":"https:\/\/www.finnsauna.fi\/de\/wp-json\/wp\/v2\/pages\/2186","targetHints":{"allow":["GET"]}}],"collection":[{"href":"https:\/\/www.finnsauna.fi\/de\/wp-json\/wp\/v2\/pages"}],"about":[{"href":"https:\/\/www.finnsauna.fi\/de\/wp-json\/wp\/v2\/types\/page"}],"author":[{"embeddable":true,"href":"https:\/\/www.finnsauna.fi\/de\/wp-json\/wp\/v2\/users\/1"}],"replies":[{"embeddable":true,"href":"https:\/\/www.finnsauna.fi\/de\/wp-json\/wp\/v2\/comments?post=2186"}],"version-history":[{"count":5,"href":"https:\/\/www.finnsauna.fi\/de\/wp-json\/wp\/v2\/pages\/2186\/revisions"}],"predecessor-version":[{"id":2550,"href":"https:\/\/www.finnsauna.fi\/de\/wp-json\/wp\/v2\/pages\/2186\/revisions\/2550"}],"wp:attachment":[{"href":"https:\/\/www.finnsauna.fi\/de\/wp-json\/wp\/v2\/media?parent=2186"}],"curies":[{"name":"wp","href":"https:\/\/api.w.org\/{rel}","templated":true}]}}