{"id":2178,"date":"2018-09-09T07:44:10","date_gmt":"2018-09-09T07:44:10","guid":{"rendered":"https:\/\/www.finnsauna.fi\/vapour-barrier\/"},"modified":"2020-04-23T12:23:21","modified_gmt":"2020-04-23T12:23:21","slug":"feuchtigkeitssperre","status":"publish","type":"page","link":"https:\/\/www.finnsauna.fi\/de\/baumaterial\/feuchtigkeitssperre\/","title":{"rendered":"Feuchtigkeitssperre"},"content":{"rendered":"<section class=\"l-section wpb_row kuva-paddinki height_auto with_img\"><div class=\"l-section-img\" role=\"img\" aria-label=\"Kelo ceiling panels\" data-img-width=\"1920\" data-img-height=\"752\" style=\"background-image: url(https:\/\/www.finnsauna.fi\/wp-content\/uploads\/bg-kelo-ceiling-panels.jpg);background-position: top left;background-repeat: no-repeat;background-size: auto;\"><\/div><div class=\"l-section-h i-cf\"><div class=\"g-cols vc_row via_flex valign_top type_default stacking_default\"><div class=\"vc_col-sm-12 wpb_column vc_column_container has_bg_color\"><div class=\"vc_column-inner us_custom_f1cbd626\"><div class=\"wpb_wrapper\"><div class=\"g-cols wpb_row via_flex valign_top type_default stacking_default\"><div class=\"vc_col-sm-12 wpb_column vc_column_container\"><div class=\"vc_column-inner\"><div class=\"wpb_wrapper\">[vc_custom_heading text=&#8220;Feuchtigkeitssperre&#8220; font_container=&#8220;tag:h1|text_align:left|color:%23ffffff&#8220; use_theme_fonts=&#8220;yes&#8220; css=&#8220;%7B%22default%22%3A%7B%22padding-top%22%3A%2220px%22%2C%22padding-bottom%22%3A%2220px%22%2C%22background-color%22%3A%22%230069b4%22%2C%22color%22%3A%22%23ffffff%22%7D%7D&#8220; el_class=&#8220;sivu-paddinki&#8220;]<\/div><\/div><\/div><\/div><div class=\"g-cols wpb_row sivu-paddinki via_flex valign_middle type_default stacking_default\"><div class=\"vc_col-sm-6 wpb_column vc_column_container\"><div class=\"vc_column-inner\"><div class=\"wpb_wrapper\"><div class=\"w-slider style_none fit_scaledown nav_dots count_2\"><div class=\"w-slider-h\" aria-hidden=\"true\"><div class=\"royalSlider\"><div class=\"rsContent\"><a class=\"rsImg\" data-rsw=\"1080\" data-rsh=\"906\" data-rsBigImg=\"https:\/\/www.finnsauna.fi\/wp-content\/uploads\/aluminium-paper.jpg\" href=\"https:\/\/www.finnsauna.fi\/wp-content\/uploads\/aluminium-paper.jpg\"><span data-alt=\"Paavo Aluminium paper\"><\/span><\/a><\/div><div class=\"rsContent\"><a class=\"rsImg\" data-rsw=\"1080\" data-rsh=\"906\" data-rsBigImg=\"https:\/\/www.finnsauna.fi\/wp-content\/uploads\/aluminium-tape.jpg\" href=\"https:\/\/www.finnsauna.fi\/wp-content\/uploads\/aluminium-tape.jpg\"><span data-alt=\"Sitko Aluminium Tape\"><\/span><\/a><\/div><\/div><img decoding=\"async\" src=\"https:\/\/www.finnsauna.fi\/wp-content\/uploads\/aluminium-paper.jpg\" width=\"1080\" height=\"906\" alt=\"Paavo Aluminium paper\" loading=\"lazy\"><\/div><div class=\"w-slider-json\" onclick='return {&quot;autoScaleSlider&quot;:true,&quot;addActiveClass&quot;:true,&quot;loop&quot;:true,&quot;fadeInLoadedSlide&quot;:false,&quot;slidesSpacing&quot;:0,&quot;imageScalePadding&quot;:0,&quot;numImagesToPreload&quot;:2,&quot;arrowsNav&quot;:false,&quot;arrowsNavAutoHide&quot;:false,&quot;transitionType&quot;:&quot;move&quot;,&quot;transitionSpeed&quot;:250,&quot;block&quot;:{&quot;moveEffect&quot;:&quot;none&quot;,&quot;speed&quot;:300},&quot;thumbs&quot;:{&quot;fitInViewport&quot;:false,&quot;firstMargin&quot;:false,&quot;spacing&quot;:4},&quot;controlNavigation&quot;:&quot;bullets&quot;,&quot;autoplay&quot;:{&quot;enabled&quot;:true,&quot;pauseOnHover&quot;:true,&quot;delay&quot;:3000},&quot;fullscreen&quot;:{&quot;enabled&quot;:true},&quot;autoScaleSliderWidth&quot;:1080,&quot;autoScaleSliderHeight&quot;:906}'><\/div><\/div><\/div><\/div><\/div><div class=\"vc_col-sm-6 wpb_column vc_column_container\"><div class=\"vc_column-inner\"><div class=\"wpb_wrapper\"><div class=\"w-separator size_small\"><\/div>[vc_custom_heading text=&#8220;Feuchtigkeitssperre&#8220; use_theme_fonts=&#8220;yes&#8220; el_class=&#8220;sininen&#8220;]<div class=\"w-separator size_small with_line width_default thick_1 style_solid color_border align_center\"><div class=\"w-separator-h\"><\/div><\/div><div class=\"wpb_text_column ingressi\"><div class=\"wpb_wrapper\"><p><strong>Das finnische Paavo Aluminium-Dampfpapier ist die richtige Feuchtigkeitsbarriere f\u00fcr neue oder umgebaute Saunen.<\/strong> Es ist CE-gekennzeichnet nach EN 13984: 2004 Standards.<\/p>\n<\/div><\/div><div class=\"w-separator size_small with_line width_default thick_1 style_solid color_border align_center\"><div class=\"w-separator-h\"><\/div><\/div><div class=\"wpb_text_column\"><div class=\"wpb_wrapper\"><p>Das Paavo-Aluminiumpapier ist seit \u00fcber 30 Jahren auf dem Markt. Die gr\u00f6\u00dften finnischen Bau-, Eisenwarenketten und Saunahersteller verwenden Paavo-Dampfpapier und sind heute auch in vielen Teilen Mitteleuropas zu finden.<\/p>\n<p>Verpackung und Gr\u00f6\u00dfe von Paavo: 30m2\/Rolle, Breite 125cm, 145 Rollen\/Palette<\/p>\n<\/div><\/div><\/div><\/div><\/div><\/div><\/div><\/div><\/div><\/div><\/div><\/section><section class=\"l-section wpb_row height_medium\"><div class=\"l-section-h i-cf\"><div class=\"g-cols vc_row via_flex valign_top type_default stacking_default\"><div class=\"vc_col-sm-2 wpb_column vc_column_container\"><div class=\"vc_column-inner\"><div class=\"wpb_wrapper\"><\/div><\/div><\/div><div class=\"vc_col-sm-12 vc_col-lg-8 vc_col-md-8 wpb_column vc_column_container\"><div class=\"vc_column-inner\"><div class=\"wpb_wrapper\"><div class=\"w-separator size_medium with_line width_default thick_1 style_solid color_border align_center with_text with_content\"><div class=\"w-separator-h\"><h4 class=\"w-separator-text\"><span>Vorteile von Paavo Aluminiumpapier<\/span><\/h4><\/div><\/div><div class=\"wpb_text_column\"><div class=\"wpb_wrapper\"><p>\u2022 Die Oberfl\u00e4che besteht aus Aluminium und ist daher nicht brennbar<br \/>\n\u2022 Wasserbest\u00e4ndig und sch\u00fctzt so effektiv vor Feuchtigkeit<br \/>\n\u2022 Reflektiert W\u00e4rme auch zur\u00fcck<br \/>\n\u2022 Einfach, sauber und leicht zu installieren durch Heften<\/p>\n<\/div><\/div><div class=\"w-separator size_medium\"><\/div><div class=\"wpb_text_column\"><div class=\"wpb_wrapper\"><p>Zusammen mit dem Dampfpapier bieten wir Sitko Aluminium Klebeband an. Dieses Hochleistungs-Isolierband ist ideal f\u00fcr den Einsatz als Dampfsperre. Es besteht aus einer dicken Aluminiumoberfl\u00e4che und starkem Kleber. Es ist hitzebest\u00e4ndig bis zu +140 Grad Celsius. Da es von Hand zerrei\u00dfbar ist, erm\u00f6glicht es eine einfache Handhabung.<\/p>\n<p>Verpackung und Gr\u00f6\u00dfe von Sitko: 5cm x 50m, 24 Rollen\/Box<\/p>\n<\/div><\/div><\/div><\/div><\/div><div class=\"vc_col-sm-1 vc_col-lg-2 vc_col-md-2 vc_hidden-sm wpb_column vc_column_container\"><div class=\"vc_column-inner\"><div class=\"wpb_wrapper\"><\/div><\/div><\/div><\/div><\/div><\/section>\n","protected":false},"excerpt":{"rendered":"[vc_custom_heading text=\"Feuchtigkeitssperre\" font_container=\"tag:h1|text_align:left|color:%23ffffff\" use_theme_fonts=\"yes\" css=\"%7B%22default%22%3A%7B%22padding-top%22%3A%2220px%22%2C%22padding-bottom%22%3A%2220px%22%2C%22background-color%22%3A%22%230069b4%22%2C%22color%22%3A%22%23ffffff%22%7D%7D\" el_class=\"sivu-paddinki\"][vc_custom_heading text=\"Feuchtigkeitssperre\" use_theme_fonts=\"yes\" el_class=\"sininen\"]Das finnische Paavo Aluminium-Dampfpapier ist die richtige Feuchtigkeitsbarriere f\u00fcr neue oder umgebaute Saunen. Es ist CE-gekennzeichnet nach EN 13984: 2004 Standards. Das Paavo-Aluminiumpapier ist seit \u00fcber 30 Jahren auf dem Markt. Die gr\u00f6\u00dften finnischen Bau-, Eisenwarenketten und Saunahersteller verwenden Paavo-Dampfpapier und sind heute auch in vielen Teilen...","protected":false},"author":1,"featured_media":0,"parent":2196,"menu_order":3,"comment_status":"closed","ping_status":"closed","template":"","meta":{"footnotes":""},"class_list":["post-2178","page","type-page","status-publish","hentry"],"yoast_head":"<!-- This site is optimized with the Yoast SEO plugin v27.1.1 - https:\/\/yoast.com\/product\/yoast-seo-wordpress\/ -->\n<title>Feuchtigkeitssperre - Finnsauna<\/title>\n<meta name=\"description\" content=\"Das finnische Paavo Aluminium-Dampfpapier ist die richtige Feuchtigkeitsbarriere f\u00fcr neue oder umgebaute Saunen.\" \/>\n<meta name=\"robots\" content=\"index, follow, max-snippet:-1, max-image-preview:large, max-video-preview:-1\" \/>\n<link rel=\"canonical\" href=\"https:\/\/www.finnsauna.fi\/de\/baumaterial\/feuchtigkeitssperre\/\" \/>\n<meta property=\"og:locale\" content=\"de_DE\" \/>\n<meta property=\"og:type\" content=\"article\" \/>\n<meta property=\"og:title\" content=\"Feuchtigkeitssperre - Finnsauna\" \/>\n<meta property=\"og:description\" content=\"Das finnische Paavo Aluminium-Dampfpapier ist die richtige Feuchtigkeitsbarriere f\u00fcr neue oder umgebaute Saunen.\" \/>\n<meta property=\"og:url\" content=\"https:\/\/www.finnsauna.fi\/de\/baumaterial\/feuchtigkeitssperre\/\" \/>\n<meta property=\"og:site_name\" content=\"Finnsauna\" \/>\n<meta property=\"article:modified_time\" content=\"2020-04-23T12:23:21+00:00\" \/>\n<meta name=\"twitter:card\" content=\"summary_large_image\" \/>\n<meta name=\"twitter:label1\" content=\"Gesch\u00e4tzte Lesezeit\" \/>\n\t<meta name=\"twitter:data1\" content=\"2\u00a0Minuten\" \/>\n<script type=\"application\/ld+json\" class=\"yoast-schema-graph\">{\"@context\":\"https:\/\/schema.org\",\"@graph\":[{\"@type\":\"WebPage\",\"@id\":\"https:\/\/www.finnsauna.fi\/de\/baumaterial\/feuchtigkeitssperre\/\",\"url\":\"https:\/\/www.finnsauna.fi\/de\/baumaterial\/feuchtigkeitssperre\/\",\"name\":\"Feuchtigkeitssperre - Finnsauna\",\"isPartOf\":{\"@id\":\"https:\/\/www.finnsauna.fi\/#website\"},\"datePublished\":\"2018-09-09T07:44:10+00:00\",\"dateModified\":\"2020-04-23T12:23:21+00:00\",\"description\":\"Das finnische Paavo Aluminium-Dampfpapier ist die richtige Feuchtigkeitsbarriere f\u00fcr neue oder umgebaute Saunen.\",\"breadcrumb\":{\"@id\":\"https:\/\/www.finnsauna.fi\/de\/baumaterial\/feuchtigkeitssperre\/#breadcrumb\"},\"inLanguage\":\"de\",\"potentialAction\":[{\"@type\":\"ReadAction\",\"target\":[\"https:\/\/www.finnsauna.fi\/de\/baumaterial\/feuchtigkeitssperre\/\"]}]},{\"@type\":\"BreadcrumbList\",\"@id\":\"https:\/\/www.finnsauna.fi\/de\/baumaterial\/feuchtigkeitssperre\/#breadcrumb\",\"itemListElement\":[{\"@type\":\"ListItem\",\"position\":1,\"name\":\"Home\",\"item\":\"https:\/\/www.finnsauna.fi\/de\/\"},{\"@type\":\"ListItem\",\"position\":2,\"name\":\"Baumaterial\",\"item\":\"https:\/\/www.finnsauna.fi\/de\/baumaterial\/\"},{\"@type\":\"ListItem\",\"position\":3,\"name\":\"Feuchtigkeitssperre\"}]},{\"@type\":\"WebSite\",\"@id\":\"https:\/\/www.finnsauna.fi\/#website\",\"url\":\"https:\/\/www.finnsauna.fi\/\",\"name\":\"Finnsauna\",\"description\":\"Sauna products from Finland\",\"potentialAction\":[{\"@type\":\"SearchAction\",\"target\":{\"@type\":\"EntryPoint\",\"urlTemplate\":\"https:\/\/www.finnsauna.fi\/?s={search_term_string}\"},\"query-input\":{\"@type\":\"PropertyValueSpecification\",\"valueRequired\":true,\"valueName\":\"search_term_string\"}}],\"inLanguage\":\"de\"}]}<\/script>\n<!-- \/ Yoast SEO plugin. -->","yoast_head_json":{"title":"Feuchtigkeitssperre - Finnsauna","description":"Das finnische Paavo Aluminium-Dampfpapier ist die richtige Feuchtigkeitsbarriere f\u00fcr neue oder umgebaute Saunen.","robots":{"index":"index","follow":"follow","max-snippet":"max-snippet:-1","max-image-preview":"max-image-preview:large","max-video-preview":"max-video-preview:-1"},"canonical":"https:\/\/www.finnsauna.fi\/de\/baumaterial\/feuchtigkeitssperre\/","og_locale":"de_DE","og_type":"article","og_title":"Feuchtigkeitssperre - Finnsauna","og_description":"Das finnische Paavo Aluminium-Dampfpapier ist die richtige Feuchtigkeitsbarriere f\u00fcr neue oder umgebaute Saunen.","og_url":"https:\/\/www.finnsauna.fi\/de\/baumaterial\/feuchtigkeitssperre\/","og_site_name":"Finnsauna","article_modified_time":"2020-04-23T12:23:21+00:00","twitter_card":"summary_large_image","twitter_misc":{"Gesch\u00e4tzte Lesezeit":"2\u00a0Minuten"},"schema":{"@context":"https:\/\/schema.org","@graph":[{"@type":"WebPage","@id":"https:\/\/www.finnsauna.fi\/de\/baumaterial\/feuchtigkeitssperre\/","url":"https:\/\/www.finnsauna.fi\/de\/baumaterial\/feuchtigkeitssperre\/","name":"Feuchtigkeitssperre - Finnsauna","isPartOf":{"@id":"https:\/\/www.finnsauna.fi\/#website"},"datePublished":"2018-09-09T07:44:10+00:00","dateModified":"2020-04-23T12:23:21+00:00","description":"Das finnische Paavo Aluminium-Dampfpapier ist die richtige Feuchtigkeitsbarriere f\u00fcr neue oder umgebaute Saunen.","breadcrumb":{"@id":"https:\/\/www.finnsauna.fi\/de\/baumaterial\/feuchtigkeitssperre\/#breadcrumb"},"inLanguage":"de","potentialAction":[{"@type":"ReadAction","target":["https:\/\/www.finnsauna.fi\/de\/baumaterial\/feuchtigkeitssperre\/"]}]},{"@type":"BreadcrumbList","@id":"https:\/\/www.finnsauna.fi\/de\/baumaterial\/feuchtigkeitssperre\/#breadcrumb","itemListElement":[{"@type":"ListItem","position":1,"name":"Home","item":"https:\/\/www.finnsauna.fi\/de\/"},{"@type":"ListItem","position":2,"name":"Baumaterial","item":"https:\/\/www.finnsauna.fi\/de\/baumaterial\/"},{"@type":"ListItem","position":3,"name":"Feuchtigkeitssperre"}]},{"@type":"WebSite","@id":"https:\/\/www.finnsauna.fi\/#website","url":"https:\/\/www.finnsauna.fi\/","name":"Finnsauna","description":"Sauna products from Finland","potentialAction":[{"@type":"SearchAction","target":{"@type":"EntryPoint","urlTemplate":"https:\/\/www.finnsauna.fi\/?s={search_term_string}"},"query-input":{"@type":"PropertyValueSpecification","valueRequired":true,"valueName":"search_term_string"}}],"inLanguage":"de"}]}},"_links":{"self":[{"href":"https:\/\/www.finnsauna.fi\/de\/wp-json\/wp\/v2\/pages\/2178","targetHints":{"allow":["GET"]}}],"collection":[{"href":"https:\/\/www.finnsauna.fi\/de\/wp-json\/wp\/v2\/pages"}],"about":[{"href":"https:\/\/www.finnsauna.fi\/de\/wp-json\/wp\/v2\/types\/page"}],"author":[{"embeddable":true,"href":"https:\/\/www.finnsauna.fi\/de\/wp-json\/wp\/v2\/users\/1"}],"replies":[{"embeddable":true,"href":"https:\/\/www.finnsauna.fi\/de\/wp-json\/wp\/v2\/comments?post=2178"}],"version-history":[{"count":4,"href":"https:\/\/www.finnsauna.fi\/de\/wp-json\/wp\/v2\/pages\/2178\/revisions"}],"predecessor-version":[{"id":2549,"href":"https:\/\/www.finnsauna.fi\/de\/wp-json\/wp\/v2\/pages\/2178\/revisions\/2549"}],"up":[{"embeddable":true,"href":"https:\/\/www.finnsauna.fi\/de\/wp-json\/wp\/v2\/pages\/2196"}],"wp:attachment":[{"href":"https:\/\/www.finnsauna.fi\/de\/wp-json\/wp\/v2\/media?parent=2178"}],"curies":[{"name":"wp","href":"https:\/\/api.w.org\/{rel}","templated":true}]}}