{"id":2160,"date":"2018-09-07T11:31:11","date_gmt":"2018-09-07T11:31:11","guid":{"rendered":"https:\/\/www.finnsauna.fi\/textilien\/custom-design\/"},"modified":"2024-03-09T19:24:06","modified_gmt":"2024-03-09T19:24:06","slug":"massgefertiges-design","status":"publish","type":"page","link":"https:\/\/www.finnsauna.fi\/de\/textilien\/massgefertiges-design\/","title":{"rendered":"Ma\u00dfgefertigtes Design"},"content":{"rendered":"<section class=\"l-section wpb_row kuva-paddinki height_auto with_img\"><div class=\"l-section-img\" role=\"img\" aria-label=\"Custom Design\" data-img-width=\"1920\" data-img-height=\"752\" style=\"background-image: url(https:\/\/www.finnsauna.fi\/wp-content\/uploads\/custom-design-finnsauna.jpg);background-position: top left;background-repeat: no-repeat;background-size: auto;\"><\/div><div class=\"l-section-h i-cf\"><div class=\"g-cols vc_row via_flex valign_top type_default stacking_default\"><div class=\"vc_col-sm-12 wpb_column vc_column_container has_bg_color\"><div class=\"vc_column-inner us_custom_f1cbd626\"><div class=\"wpb_wrapper\"><div class=\"g-cols wpb_row via_flex valign_top type_default stacking_default\"><div class=\"vc_col-sm-12 wpb_column vc_column_container\"><div class=\"vc_column-inner\"><div class=\"wpb_wrapper\">[vc_custom_heading text=&#8220;Ma\u00dfgefertigtes Design&#8220; font_container=&#8220;tag:h1|text_align:center|color:%23ffffff&#8220; use_theme_fonts=&#8220;yes&#8220; css=&#8220;%7B%22default%22%3A%7B%22padding-top%22%3A%2220px%22%2C%22padding-bottom%22%3A%2220px%22%2C%22background-color%22%3A%22%230069b4%22%2C%22color%22%3A%22%23ffffff%22%7D%7D&#8220; el_class=&#8220;sivu-paddinki&#8220;]<\/div><\/div><\/div><\/div><div class=\"g-cols wpb_row us_custom_464722d3 sivu-paddinki via_flex valign_top type_default stacking_default\"><div class=\"vc_col-sm-2 wpb_column vc_column_container\"><div class=\"vc_column-inner\"><div class=\"wpb_wrapper\"><div class=\"w-separator size_custom\" style=\"height:2px\"><\/div><\/div><\/div><\/div><div class=\"vc_col-sm-8 wpb_column vc_column_container\"><div class=\"vc_column-inner\"><div class=\"wpb_wrapper\"><div class=\"w-separator size_small\"><\/div><div class=\"w-image align_center\"><div class=\"w-image-h\"><img decoding=\"async\" width=\"40\" height=\"40\" src=\"https:\/\/www.finnsauna.fi\/wp-content\/uploads\/icon-finnsaunas.png\" class=\"attachment-full size-full\" alt=\"\" loading=\"lazy\" \/><\/div><\/div><div class=\"w-separator size_small\"><\/div><div class=\"wpb_text_column ingressi\"><div class=\"wpb_wrapper\"><p style=\"text-align: center;\">Bereits in kleineren Bestellmengen k\u00f6nnen Sie Ihr individuelles Design f\u00fcr Textilien erstellen und diese mit eigenem Logoetikett oder Anh\u00e4nger versehen. <strong>Das individuelle Design kann z.B. Ihr Firmenlogo, das Farbthema Ihres Unternehmens oder ein Erkennungsmerkmal Ihrer Firma enthalten.<\/strong> Sie k\u00f6nnen Ihre Ideen f\u00fcr ein Muster einreichen oder Vorschl\u00e4ge von unserem Designer erfragen. Die Anh\u00e4nger oder Etiketten mit Ihrem eigenen Logo sind entweder bedruckt oder gewebt. Wir bieten des Weiteren auch Stickerei auf den Textilien an.<\/p>\n<\/div><\/div><div class=\"w-separator size_medium\"><\/div><div class=\"w-btn-wrapper align_center\"><a class=\"w-btn us-btn-style_3 us_custom_6f9c3709 icon_atleft\" target=\"_blank\" rel=\"nofollow\" href=\"https:\/\/www.finnsauna.fi\/wp-content\/uploads\/JOKIPII-CATALOGUE_sauna-bath-2024-1-ma.pdf\"><i class=\"fas fa-download\"><\/i><span class=\"w-btn-label\">Katalog<\/span><\/a><\/div><div class=\"w-separator size_medium\"><\/div><\/div><\/div><\/div><div class=\"vc_col-sm-2 wpb_column vc_column_container\"><div class=\"vc_column-inner\"><div class=\"wpb_wrapper\"><\/div><\/div><\/div><\/div><\/div><\/div><\/div><\/div><\/div><\/section><section class=\"l-section wpb_row height_auto\"><div class=\"l-section-h i-cf\"><div class=\"g-cols vc_row via_flex valign_top type_default stacking_default\"><div class=\"vc_col-sm-12 wpb_column vc_column_container\"><div class=\"vc_column-inner\"><div class=\"wpb_wrapper\"><div class=\"w-separator size_medium with_line width_default thick_1 style_solid color_border align_center with_text with_content\"><div class=\"w-separator-h\"><h3 class=\"w-separator-text\"><span>Ma\u00dfgefertigtes Design Beispiele<\/span><\/h3><\/div><\/div><div class=\"g-cols wpb_row via_flex valign_top type_default stacking_default\"><div class=\"vc_col-sm-12 wpb_column vc_column_container\"><div class=\"vc_column-inner\"><div class=\"wpb_wrapper\"><div class=\"w-grid us_grid type_grid layout_gallery_default cols_5 preload_style_spinner\" id=\"us_grid_1\" style=\"--columns:5;--gap:4px;\" data-filterable=\"true\"><style>@media (max-width:767px){#us_grid_1{--columns:4!important}}@media (max-width:479px){#us_grid_1{--columns:2!important}}.layout_gallery_default .w-grid-item-h{}<\/style><div class=\"w-grid-list\">\t<article class=\"w-grid-item size_1x1 post-1253 attachment type-attachment status-inherit hentry\" data-id=\"1253\">\r\n\t\t<div class=\"w-grid-item-h\">\r\n\t\t\t\t\t\t\t<a ref=\"magnificPopupGrid\" href=\"https:\/\/www.finnsauna.fi\/wp-content\/uploads\/custom-design.jpg\" class=\"w-grid-item-anchor\" aria-label=\"Custom Design flat woven linen\"><\/a>\r\n\t\t\t\t\t\t<div class=\"w-post-elm post_image usg_post_image_1 stretched\"><img loading=\"lazy\" decoding=\"async\" width=\"640\" height=\"780\" src=\"https:\/\/www.finnsauna.fi\/wp-content\/uploads\/custom-design.jpg\" class=\"attachment-full size-full\" alt=\"Custom Design flat woven linen\" srcset=\"https:\/\/www.finnsauna.fi\/wp-content\/uploads\/custom-design.jpg 640w, https:\/\/www.finnsauna.fi\/wp-content\/uploads\/custom-design-246x300.jpg 246w\" sizes=\"auto, (max-width: 640px) 100vw, 640px\" \/><\/div>\t\t<\/div>\r\n\t\t\t<\/article>\r\n\t<article class=\"w-grid-item size_1x1 post-1246 attachment type-attachment status-inherit hentry\" data-id=\"1246\">\r\n\t\t<div class=\"w-grid-item-h\">\r\n\t\t\t\t\t\t\t<a ref=\"magnificPopupGrid\" href=\"https:\/\/www.finnsauna.fi\/wp-content\/uploads\/Custom-design-Feedex-ullapyyhe80x145-45x55.jpg\" class=\"w-grid-item-anchor\" aria-label=\"Custom Design roll towel and hand towel, flat woven linen\"><\/a>\r\n\t\t\t\t\t\t<div class=\"w-post-elm post_image usg_post_image_1 stretched\"><img loading=\"lazy\" decoding=\"async\" width=\"640\" height=\"780\" src=\"https:\/\/www.finnsauna.fi\/wp-content\/uploads\/Custom-design-Feedex-ullapyyhe80x145-45x55.jpg\" class=\"attachment-full size-full\" alt=\"Custom Design roll towel and hand towel, flat woven linen\" srcset=\"https:\/\/www.finnsauna.fi\/wp-content\/uploads\/Custom-design-Feedex-ullapyyhe80x145-45x55.jpg 640w, https:\/\/www.finnsauna.fi\/wp-content\/uploads\/Custom-design-Feedex-ullapyyhe80x145-45x55-246x300.jpg 246w\" sizes=\"auto, (max-width: 640px) 100vw, 640px\" \/><\/div>\t\t<\/div>\r\n\t\t\t<\/article>\r\n\t<article class=\"w-grid-item size_1x1 post-1248 attachment type-attachment status-inherit hentry\" data-id=\"1248\">\r\n\t\t<div class=\"w-grid-item-h\">\r\n\t\t\t\t\t\t\t<a ref=\"magnificPopupGrid\" href=\"https:\/\/www.finnsauna.fi\/wp-content\/uploads\/Custom-design-OP45x55.jpg\" class=\"w-grid-item-anchor\" aria-label=\"Custom Design flat woven linen towels\"><\/a>\r\n\t\t\t\t\t\t<div class=\"w-post-elm post_image usg_post_image_1 stretched\"><img loading=\"lazy\" decoding=\"async\" width=\"640\" height=\"780\" src=\"https:\/\/www.finnsauna.fi\/wp-content\/uploads\/Custom-design-OP45x55.jpg\" class=\"attachment-full size-full\" alt=\"Custom Design flat woven linen towels\" srcset=\"https:\/\/www.finnsauna.fi\/wp-content\/uploads\/Custom-design-OP45x55.jpg 640w, https:\/\/www.finnsauna.fi\/wp-content\/uploads\/Custom-design-OP45x55-246x300.jpg 246w\" sizes=\"auto, (max-width: 640px) 100vw, 640px\" \/><\/div>\t\t<\/div>\r\n\t\t\t<\/article>\r\n\t<article class=\"w-grid-item size_1x1 post-1245 attachment type-attachment status-inherit hentry\" data-id=\"1245\">\r\n\t\t<div class=\"w-grid-item-h\">\r\n\t\t\t\t\t\t\t<a ref=\"magnificPopupGrid\" href=\"https:\/\/www.finnsauna.fi\/wp-content\/uploads\/custom-design-boco.jpg\" class=\"w-grid-item-anchor\" aria-label=\"Custom Design flat woven linen towel\"><\/a>\r\n\t\t\t\t\t\t<div class=\"w-post-elm post_image usg_post_image_1 stretched\"><img loading=\"lazy\" decoding=\"async\" width=\"640\" height=\"780\" src=\"https:\/\/www.finnsauna.fi\/wp-content\/uploads\/custom-design-boco.jpg\" class=\"attachment-full size-full\" alt=\"Custom Design flat woven linen towel\" srcset=\"https:\/\/www.finnsauna.fi\/wp-content\/uploads\/custom-design-boco.jpg 640w, https:\/\/www.finnsauna.fi\/wp-content\/uploads\/custom-design-boco-246x300.jpg 246w\" sizes=\"auto, (max-width: 640px) 100vw, 640px\" \/><\/div>\t\t<\/div>\r\n\t\t\t<\/article>\r\n\t<article class=\"w-grid-item size_1x1 post-1251 attachment type-attachment status-inherit hentry\" data-id=\"1251\">\r\n\t\t<div class=\"w-grid-item-h\">\r\n\t\t\t\t\t\t\t<a ref=\"magnificPopupGrid\" href=\"https:\/\/www.finnsauna.fi\/wp-content\/uploads\/CUstom-design-Staples45x55ja80x145.jpg\" class=\"w-grid-item-anchor\" aria-label=\"Custom Design roll towel, flat woven linen\"><\/a>\r\n\t\t\t\t\t\t<div class=\"w-post-elm post_image usg_post_image_1 stretched\"><img loading=\"lazy\" decoding=\"async\" width=\"640\" height=\"780\" src=\"https:\/\/www.finnsauna.fi\/wp-content\/uploads\/CUstom-design-Staples45x55ja80x145.jpg\" class=\"attachment-full size-full\" alt=\"Custom Design roll towel, flat woven linen\" srcset=\"https:\/\/www.finnsauna.fi\/wp-content\/uploads\/CUstom-design-Staples45x55ja80x145.jpg 640w, https:\/\/www.finnsauna.fi\/wp-content\/uploads\/CUstom-design-Staples45x55ja80x145-246x300.jpg 246w\" sizes=\"auto, (max-width: 640px) 100vw, 640px\" \/><\/div>\t\t<\/div>\r\n\t\t\t<\/article>\r\n\t<article class=\"w-grid-item size_1x1 post-1249 attachment type-attachment status-inherit hentry\" data-id=\"1249\">\r\n\t\t<div class=\"w-grid-item-h\">\r\n\t\t\t\t\t\t\t<a ref=\"magnificPopupGrid\" href=\"https:\/\/www.finnsauna.fi\/wp-content\/uploads\/Custom-design-schafen-hirvi.jpg\" class=\"w-grid-item-anchor\" aria-label=\"Custom Design sauna pillows\"><\/a>\r\n\t\t\t\t\t\t<div class=\"w-post-elm post_image usg_post_image_1 stretched\"><img loading=\"lazy\" decoding=\"async\" width=\"640\" height=\"780\" src=\"https:\/\/www.finnsauna.fi\/wp-content\/uploads\/Custom-design-schafen-hirvi.jpg\" class=\"attachment-full size-full\" alt=\"Custom Design sauna pillows\" srcset=\"https:\/\/www.finnsauna.fi\/wp-content\/uploads\/Custom-design-schafen-hirvi.jpg 640w, https:\/\/www.finnsauna.fi\/wp-content\/uploads\/Custom-design-schafen-hirvi-246x300.jpg 246w\" sizes=\"auto, (max-width: 640px) 100vw, 640px\" \/><\/div>\t\t<\/div>\r\n\t\t\t<\/article>\r\n\t<article class=\"w-grid-item size_1x1 post-1254 attachment type-attachment status-inherit hentry\" data-id=\"1254\">\r\n\t\t<div class=\"w-grid-item-h\">\r\n\t\t\t\t\t\t\t<a ref=\"magnificPopupGrid\" href=\"https:\/\/www.finnsauna.fi\/wp-content\/uploads\/Custom-designSchafer.jpg\" class=\"w-grid-item-anchor\" aria-label=\"Custom Design sauna pillow\"><\/a>\r\n\t\t\t\t\t\t<div class=\"w-post-elm post_image usg_post_image_1 stretched\"><img loading=\"lazy\" decoding=\"async\" width=\"640\" height=\"780\" src=\"https:\/\/www.finnsauna.fi\/wp-content\/uploads\/Custom-designSchafer.jpg\" class=\"attachment-full size-full\" alt=\"Custom Design sauna pillow\" srcset=\"https:\/\/www.finnsauna.fi\/wp-content\/uploads\/Custom-designSchafer.jpg 640w, https:\/\/www.finnsauna.fi\/wp-content\/uploads\/Custom-designSchafer-246x300.jpg 246w\" sizes=\"auto, (max-width: 640px) 100vw, 640px\" \/><\/div>\t\t<\/div>\r\n\t\t\t<\/article>\r\n\t<article class=\"w-grid-item size_1x1 post-1250 attachment type-attachment status-inherit hentry\" data-id=\"1250\">\r\n\t\t<div class=\"w-grid-item-h\">\r\n\t\t\t\t\t\t\t<a ref=\"magnificPopupGrid\" href=\"https:\/\/www.finnsauna.fi\/wp-content\/uploads\/Custom-design-SSFSchaferLinea.jpg\" class=\"w-grid-item-anchor\" aria-label=\"Custom Design sauna pillows\"><\/a>\r\n\t\t\t\t\t\t<div class=\"w-post-elm post_image usg_post_image_1 stretched\"><img loading=\"lazy\" decoding=\"async\" width=\"640\" height=\"780\" src=\"https:\/\/www.finnsauna.fi\/wp-content\/uploads\/Custom-design-SSFSchaferLinea.jpg\" class=\"attachment-full size-full\" alt=\"Custom Design sauna pillows\" srcset=\"https:\/\/www.finnsauna.fi\/wp-content\/uploads\/Custom-design-SSFSchaferLinea.jpg 640w, https:\/\/www.finnsauna.fi\/wp-content\/uploads\/Custom-design-SSFSchaferLinea-246x300.jpg 246w\" sizes=\"auto, (max-width: 640px) 100vw, 640px\" \/><\/div>\t\t<\/div>\r\n\t\t\t<\/article>\r\n\t<article class=\"w-grid-item size_1x1 post-1252 attachment type-attachment status-inherit hentry\" data-id=\"1252\">\r\n\t\t<div class=\"w-grid-item-h\">\r\n\t\t\t\t\t\t\t<a ref=\"magnificPopupGrid\" href=\"https:\/\/www.finnsauna.fi\/wp-content\/uploads\/Custom-design-ToimintaterapeuttiliittoTOI45x55.jpg\" class=\"w-grid-item-anchor\" aria-label=\"Custom Design flat woven linen, bench cover\"><\/a>\r\n\t\t\t\t\t\t<div class=\"w-post-elm post_image usg_post_image_1 stretched\"><img loading=\"lazy\" decoding=\"async\" width=\"640\" height=\"780\" src=\"https:\/\/www.finnsauna.fi\/wp-content\/uploads\/Custom-design-ToimintaterapeuttiliittoTOI45x55.jpg\" class=\"attachment-full size-full\" alt=\"Custom Design flat woven linen, bench cover\" srcset=\"https:\/\/www.finnsauna.fi\/wp-content\/uploads\/Custom-design-ToimintaterapeuttiliittoTOI45x55.jpg 640w, https:\/\/www.finnsauna.fi\/wp-content\/uploads\/Custom-design-ToimintaterapeuttiliittoTOI45x55-246x300.jpg 246w\" sizes=\"auto, (max-width: 640px) 100vw, 640px\" \/><\/div>\t\t<\/div>\r\n\t\t\t<\/article>\r\n\t<article class=\"w-grid-item size_1x1 post-1573 attachment type-attachment status-inherit hentry\" data-id=\"1573\">\r\n\t\t<div class=\"w-grid-item-h\">\r\n\t\t\t\t\t\t\t<a ref=\"magnificPopupGrid\" href=\"https:\/\/www.finnsauna.fi\/wp-content\/uploads\/OP-Pohjola-jacq.frot-75x150cm-rasia-070509_001.jpg\" class=\"w-grid-item-anchor\" aria-label=\"OP-Pohjola jacq.frot 75x150cm +rasia 070509_001\"><\/a>\r\n\t\t\t\t\t\t<div class=\"w-post-elm post_image usg_post_image_1 stretched\"><img loading=\"lazy\" decoding=\"async\" width=\"2362\" height=\"1274\" src=\"https:\/\/www.finnsauna.fi\/wp-content\/uploads\/OP-Pohjola-jacq.frot-75x150cm-rasia-070509_001.jpg\" class=\"attachment-full size-full\" alt=\"\" srcset=\"https:\/\/www.finnsauna.fi\/wp-content\/uploads\/OP-Pohjola-jacq.frot-75x150cm-rasia-070509_001.jpg 2362w, https:\/\/www.finnsauna.fi\/wp-content\/uploads\/OP-Pohjola-jacq.frot-75x150cm-rasia-070509_001-300x162.jpg 300w, https:\/\/www.finnsauna.fi\/wp-content\/uploads\/OP-Pohjola-jacq.frot-75x150cm-rasia-070509_001-1024x552.jpg 1024w, https:\/\/www.finnsauna.fi\/wp-content\/uploads\/OP-Pohjola-jacq.frot-75x150cm-rasia-070509_001-768x414.jpg 768w\" sizes=\"auto, (max-width: 2362px) 100vw, 2362px\" \/><\/div>\t\t<\/div>\r\n\t\t\t<\/article>\r\n<\/div>\t<div class=\"w-grid-preloader\">\r\n\t\t<div class=\"g-preloader type_1\">\r\n\t\t\t<div><\/div>\r\n\t\t<\/div>\r\n\t<\/div>\r\n\t\t<div class=\"w-grid-json hidden\" onclick='return {&quot;action&quot;:&quot;us_ajax_grid&quot;,&quot;infinite_scroll&quot;:0,&quot;max_num_pages&quot;:1,&quot;pagination&quot;:&quot;none&quot;,&quot;template_vars&quot;:{&quot;columns&quot;:&quot;5&quot;,&quot;exclude_items&quot;:&quot;none&quot;,&quot;img_size&quot;:&quot;full&quot;,&quot;ignore_items_size&quot;:0,&quot;items_layout&quot;:&quot;gallery_default&quot;,&quot;items_offset&quot;:&quot;1&quot;,&quot;load_animation&quot;:&quot;none&quot;,&quot;overriding_link&quot;:&quot;%7B%22type%22%3A%22popup_image%22%7D&quot;,&quot;post_id&quot;:0,&quot;query_args&quot;:{&quot;post_type&quot;:[&quot;attachment&quot;],&quot;post__in&quot;:[&quot;683&quot;,&quot;676&quot;,&quot;678&quot;,&quot;675&quot;,&quot;681&quot;,&quot;679&quot;,&quot;684&quot;,&quot;680&quot;,&quot;682&quot;,&quot;1572&quot;],&quot;post_status&quot;:&quot;inherit&quot;,&quot;post_mime_type&quot;:&quot;image&quot;,&quot;posts_per_page&quot;:999},&quot;orderby_query_args&quot;:{&quot;orderby&quot;:{&quot;post__in&quot;:&quot;ASC&quot;},&quot;order&quot;:&quot;ASC&quot;},&quot;type&quot;:&quot;grid&quot;,&quot;us_grid_post_type&quot;:&quot;attachment&quot;,&quot;us_grid_ajax_index&quot;:1,&quot;us_grid_filter_query_string&quot;:null,&quot;us_grid_index&quot;:1,&quot;page_args&quot;:[],&quot;lang&quot;:&quot;de&quot;}}'><\/div>\r\n\t<\/div><\/div><\/div><\/div><\/div><div class=\"w-separator size_medium\"><\/div><\/div><\/div><\/div><\/div><\/div><\/section>\n","protected":false},"excerpt":{"rendered":"","protected":false},"author":1,"featured_media":0,"parent":1999,"menu_order":5,"comment_status":"closed","ping_status":"closed","template":"","meta":{"footnotes":""},"class_list":["post-2160","page","type-page","status-publish","hentry"],"yoast_head":"<!-- This site is optimized with the Yoast SEO plugin v27.1.1 - https:\/\/yoast.com\/product\/yoast-seo-wordpress\/ -->\n<title>Ma\u00dfgefertigtes Design - Finnsauna<\/title>\n<meta name=\"description\" content=\"Bereits in kleineren Bestellmengen k\u00f6nnen Sie Ihr individuelles Design f\u00fcr Textilien erstellen und diese mit eigenem Logoetikett oder Anh\u00e4nger versehen.\" \/>\n<meta name=\"robots\" content=\"index, follow, max-snippet:-1, max-image-preview:large, max-video-preview:-1\" \/>\n<link rel=\"canonical\" href=\"https:\/\/www.finnsauna.fi\/de\/textilien\/massgefertiges-design\/\" \/>\n<meta property=\"og:locale\" content=\"de_DE\" \/>\n<meta property=\"og:type\" content=\"article\" \/>\n<meta property=\"og:title\" content=\"Ma\u00dfgefertigtes Design - Finnsauna\" \/>\n<meta property=\"og:description\" content=\"Bereits in kleineren Bestellmengen k\u00f6nnen Sie Ihr individuelles Design f\u00fcr Textilien erstellen und diese mit eigenem Logoetikett oder Anh\u00e4nger versehen.\" \/>\n<meta property=\"og:url\" content=\"https:\/\/www.finnsauna.fi\/de\/textilien\/massgefertiges-design\/\" \/>\n<meta property=\"og:site_name\" content=\"Finnsauna\" \/>\n<meta property=\"article:modified_time\" content=\"2024-03-09T19:24:06+00:00\" \/>\n<meta name=\"twitter:card\" content=\"summary_large_image\" \/>\n<meta name=\"twitter:label1\" content=\"Gesch\u00e4tzte Lesezeit\" \/>\n\t<meta name=\"twitter:data1\" content=\"1\u00a0Minute\" \/>\n<script type=\"application\/ld+json\" class=\"yoast-schema-graph\">{\"@context\":\"https:\/\/schema.org\",\"@graph\":[{\"@type\":\"WebPage\",\"@id\":\"https:\/\/www.finnsauna.fi\/de\/textilien\/massgefertiges-design\/\",\"url\":\"https:\/\/www.finnsauna.fi\/de\/textilien\/massgefertiges-design\/\",\"name\":\"Ma\u00dfgefertigtes Design - Finnsauna\",\"isPartOf\":{\"@id\":\"https:\/\/www.finnsauna.fi\/#website\"},\"datePublished\":\"2018-09-07T11:31:11+00:00\",\"dateModified\":\"2024-03-09T19:24:06+00:00\",\"description\":\"Bereits in kleineren Bestellmengen k\u00f6nnen Sie Ihr individuelles Design f\u00fcr Textilien erstellen und diese mit eigenem Logoetikett oder Anh\u00e4nger versehen.\",\"breadcrumb\":{\"@id\":\"https:\/\/www.finnsauna.fi\/de\/textilien\/massgefertiges-design\/#breadcrumb\"},\"inLanguage\":\"de\",\"potentialAction\":[{\"@type\":\"ReadAction\",\"target\":[\"https:\/\/www.finnsauna.fi\/de\/textilien\/massgefertiges-design\/\"]}]},{\"@type\":\"BreadcrumbList\",\"@id\":\"https:\/\/www.finnsauna.fi\/de\/textilien\/massgefertiges-design\/#breadcrumb\",\"itemListElement\":[{\"@type\":\"ListItem\",\"position\":1,\"name\":\"Home\",\"item\":\"https:\/\/www.finnsauna.fi\/de\/\"},{\"@type\":\"ListItem\",\"position\":2,\"name\":\"Textilien\",\"item\":\"https:\/\/www.finnsauna.fi\/de\/textilien\/\"},{\"@type\":\"ListItem\",\"position\":3,\"name\":\"Ma\u00dfgefertigtes Design\"}]},{\"@type\":\"WebSite\",\"@id\":\"https:\/\/www.finnsauna.fi\/#website\",\"url\":\"https:\/\/www.finnsauna.fi\/\",\"name\":\"Finnsauna\",\"description\":\"Sauna products from Finland\",\"potentialAction\":[{\"@type\":\"SearchAction\",\"target\":{\"@type\":\"EntryPoint\",\"urlTemplate\":\"https:\/\/www.finnsauna.fi\/?s={search_term_string}\"},\"query-input\":{\"@type\":\"PropertyValueSpecification\",\"valueRequired\":true,\"valueName\":\"search_term_string\"}}],\"inLanguage\":\"de\"}]}<\/script>\n<!-- \/ Yoast SEO plugin. -->","yoast_head_json":{"title":"Ma\u00dfgefertigtes Design - Finnsauna","description":"Bereits in kleineren Bestellmengen k\u00f6nnen Sie Ihr individuelles Design f\u00fcr Textilien erstellen und diese mit eigenem Logoetikett oder Anh\u00e4nger versehen.","robots":{"index":"index","follow":"follow","max-snippet":"max-snippet:-1","max-image-preview":"max-image-preview:large","max-video-preview":"max-video-preview:-1"},"canonical":"https:\/\/www.finnsauna.fi\/de\/textilien\/massgefertiges-design\/","og_locale":"de_DE","og_type":"article","og_title":"Ma\u00dfgefertigtes Design - Finnsauna","og_description":"Bereits in kleineren Bestellmengen k\u00f6nnen Sie Ihr individuelles Design f\u00fcr Textilien erstellen und diese mit eigenem Logoetikett oder Anh\u00e4nger versehen.","og_url":"https:\/\/www.finnsauna.fi\/de\/textilien\/massgefertiges-design\/","og_site_name":"Finnsauna","article_modified_time":"2024-03-09T19:24:06+00:00","twitter_card":"summary_large_image","twitter_misc":{"Gesch\u00e4tzte Lesezeit":"1\u00a0Minute"},"schema":{"@context":"https:\/\/schema.org","@graph":[{"@type":"WebPage","@id":"https:\/\/www.finnsauna.fi\/de\/textilien\/massgefertiges-design\/","url":"https:\/\/www.finnsauna.fi\/de\/textilien\/massgefertiges-design\/","name":"Ma\u00dfgefertigtes Design - Finnsauna","isPartOf":{"@id":"https:\/\/www.finnsauna.fi\/#website"},"datePublished":"2018-09-07T11:31:11+00:00","dateModified":"2024-03-09T19:24:06+00:00","description":"Bereits in kleineren Bestellmengen k\u00f6nnen Sie Ihr individuelles Design f\u00fcr Textilien erstellen und diese mit eigenem Logoetikett oder Anh\u00e4nger versehen.","breadcrumb":{"@id":"https:\/\/www.finnsauna.fi\/de\/textilien\/massgefertiges-design\/#breadcrumb"},"inLanguage":"de","potentialAction":[{"@type":"ReadAction","target":["https:\/\/www.finnsauna.fi\/de\/textilien\/massgefertiges-design\/"]}]},{"@type":"BreadcrumbList","@id":"https:\/\/www.finnsauna.fi\/de\/textilien\/massgefertiges-design\/#breadcrumb","itemListElement":[{"@type":"ListItem","position":1,"name":"Home","item":"https:\/\/www.finnsauna.fi\/de\/"},{"@type":"ListItem","position":2,"name":"Textilien","item":"https:\/\/www.finnsauna.fi\/de\/textilien\/"},{"@type":"ListItem","position":3,"name":"Ma\u00dfgefertigtes Design"}]},{"@type":"WebSite","@id":"https:\/\/www.finnsauna.fi\/#website","url":"https:\/\/www.finnsauna.fi\/","name":"Finnsauna","description":"Sauna products from Finland","potentialAction":[{"@type":"SearchAction","target":{"@type":"EntryPoint","urlTemplate":"https:\/\/www.finnsauna.fi\/?s={search_term_string}"},"query-input":{"@type":"PropertyValueSpecification","valueRequired":true,"valueName":"search_term_string"}}],"inLanguage":"de"}]}},"_links":{"self":[{"href":"https:\/\/www.finnsauna.fi\/de\/wp-json\/wp\/v2\/pages\/2160","targetHints":{"allow":["GET"]}}],"collection":[{"href":"https:\/\/www.finnsauna.fi\/de\/wp-json\/wp\/v2\/pages"}],"about":[{"href":"https:\/\/www.finnsauna.fi\/de\/wp-json\/wp\/v2\/types\/page"}],"author":[{"embeddable":true,"href":"https:\/\/www.finnsauna.fi\/de\/wp-json\/wp\/v2\/users\/1"}],"replies":[{"embeddable":true,"href":"https:\/\/www.finnsauna.fi\/de\/wp-json\/wp\/v2\/comments?post=2160"}],"version-history":[{"count":9,"href":"https:\/\/www.finnsauna.fi\/de\/wp-json\/wp\/v2\/pages\/2160\/revisions"}],"predecessor-version":[{"id":3561,"href":"https:\/\/www.finnsauna.fi\/de\/wp-json\/wp\/v2\/pages\/2160\/revisions\/3561"}],"up":[{"embeddable":true,"href":"https:\/\/www.finnsauna.fi\/de\/wp-json\/wp\/v2\/pages\/1999"}],"wp:attachment":[{"href":"https:\/\/www.finnsauna.fi\/de\/wp-json\/wp\/v2\/media?parent=2160"}],"curies":[{"name":"wp","href":"https:\/\/api.w.org\/{rel}","templated":true}]}}