{"id":2152,"date":"2018-09-08T06:32:50","date_gmt":"2018-09-08T06:32:50","guid":{"rendered":"https:\/\/www.finnsauna.fi\/textilien\/bathrobe-kilts-wraptowels-slippers\/"},"modified":"2024-03-09T19:23:32","modified_gmt":"2024-03-09T19:23:32","slug":"bademantel-kilts-wickelhandtuecher-pantoffeln","status":"publish","type":"page","link":"https:\/\/www.finnsauna.fi\/de\/textilien\/bademantel-kilts-wickelhandtuecher-pantoffeln\/","title":{"rendered":"Badem\u00e4ntel, Kilts"},"content":{"rendered":"<section class=\"l-section wpb_row kuva-paddinki height_auto with_img\"><div class=\"l-section-img\" role=\"img\" aria-label=\"Bathrobe\" data-img-width=\"1920\" data-img-height=\"752\" style=\"background-image: url(https:\/\/www.finnsauna.fi\/wp-content\/uploads\/bathrobe-towel.jpg);background-position: top right;background-repeat: no-repeat;background-size: auto;\"><\/div><div class=\"l-section-h i-cf\"><div class=\"g-cols vc_row via_flex valign_top type_default stacking_default\"><div class=\"vc_col-sm-12 wpb_column vc_column_container has_bg_color\"><div class=\"vc_column-inner us_custom_f1cbd626\"><div class=\"wpb_wrapper\"><div class=\"g-cols wpb_row via_flex valign_top type_default stacking_default\"><div class=\"vc_col-sm-12 wpb_column vc_column_container\"><div class=\"vc_column-inner\"><div class=\"wpb_wrapper\">[vc_custom_heading text=&#8220;Badem\u00e4ntel, Kilts, Wickelhandt\u00fccher &amp; Pantoffeln&#8220; font_container=&#8220;tag:h1|text_align:center|color:%23ffffff&#8220; use_theme_fonts=&#8220;yes&#8220; css=&#8220;%7B%22default%22%3A%7B%22padding-top%22%3A%2220px%22%2C%22padding-bottom%22%3A%2220px%22%2C%22background-color%22%3A%22%230069b4%22%2C%22color%22%3A%22%23ffffff%22%7D%7D&#8220; el_class=&#8220;sivu-paddinki&#8220;]<\/div><\/div><\/div><\/div><div class=\"g-cols wpb_row us_custom_464722d3 sivu-paddinki via_flex valign_top type_default stacking_default\"><div class=\"vc_col-sm-2 wpb_column vc_column_container\"><div class=\"vc_column-inner\"><div class=\"wpb_wrapper\"><div class=\"w-separator size_custom\" style=\"height:2px\"><\/div><\/div><\/div><\/div><div class=\"vc_col-sm-8 wpb_column vc_column_container\"><div class=\"vc_column-inner\"><div class=\"wpb_wrapper\"><div class=\"w-separator size_small\"><\/div><div class=\"w-image align_center\"><div class=\"w-image-h\"><img decoding=\"async\" width=\"40\" height=\"40\" src=\"https:\/\/www.finnsauna.fi\/wp-content\/uploads\/icon-finnsaunas.png\" class=\"attachment-full size-full\" alt=\"\" loading=\"lazy\" \/><\/div><\/div><div class=\"w-separator size_small\"><\/div><div class=\"wpb_text_column ingressi\"><div class=\"wpb_wrapper\"><p style=\"text-align: center;\">Entspannen Sie sich und nehmen Sie sich Zeit nach dem Baden. Schl\u00fcpfen Sie in unseren kuscheligen Bademantel oder wickeln Sie sich in einen praktischen Kilt oder ein Wickeltuch. Halten Sie Ihre F\u00fc\u00dfe in unseren weichen Pantoffeln warm. Leinenfrottee ist ein absorbierendes nat\u00fcrliches, nicht allergenes Material. So bleiben Sie trocken und sind auch f\u00fcr Badeg\u00e4ste mit empfindlicher Haut geeignet.<\/p>\n<\/div><\/div><div class=\"w-separator size_medium\"><\/div><div class=\"w-btn-wrapper align_center\"><a class=\"w-btn us-btn-style_3 us_custom_6f9c3709 icon_atleft\" target=\"_blank\" rel=\"nofollow\" href=\"https:\/\/www.finnsauna.fi\/wp-content\/uploads\/JOKIPII-CATALOGUE_sauna-bath-2024-1-ma.pdf\"><i class=\"fas fa-download\"><\/i><span class=\"w-btn-label\">Katalog<\/span><\/a><\/div><div class=\"w-separator size_medium\"><\/div><\/div><\/div><\/div><div class=\"vc_col-sm-2 wpb_column vc_column_container\"><div class=\"vc_column-inner\"><div class=\"wpb_wrapper\"><\/div><\/div><\/div><\/div><\/div><\/div><\/div><\/div><\/div><\/section><section class=\"l-section wpb_row height_auto with_img\"><div class=\"l-section-img\" role=\"img\" aria-label=\"Finnsauna tunnus\" data-img-width=\"640\" data-img-height=\"640\" style=\"background-image: url(https:\/\/www.finnsauna.fi\/wp-content\/uploads\/finnsauna-tunnus.jpg);background-position: bottom right;background-repeat: no-repeat;background-size: contain;\"><\/div><div class=\"l-section-h i-cf\"><div class=\"g-cols vc_row via_flex valign_top type_default stacking_default\"><div class=\"vc_col-sm-12 wpb_column vc_column_container\"><div class=\"vc_column-inner\"><div class=\"wpb_wrapper\"><div class=\"w-separator size_medium with_line width_default thick_1 style_solid color_border align_center with_text with_content\"><div class=\"w-separator-h\"><h3 class=\"w-separator-text\"><span>Badem\u00e4ntel<\/span><\/h3><\/div><\/div><div class=\"g-cols wpb_row via_flex valign_middle type_default stacking_default\"><div class=\"vc_col-sm-6 wpb_column vc_column_container\"><div class=\"vc_column-inner\"><div class=\"wpb_wrapper\"><div class=\"w-grid us_grid type_grid layout_gallery_default cols_2 preload_style_spinner\" id=\"us_grid_1\" style=\"--columns:2;--gap:4px;\" data-filterable=\"true\"><style>.layout_gallery_default .w-grid-item-h{}<\/style><div class=\"w-grid-list\">\t<article class=\"w-grid-item size_1x1 post-3052 attachment type-attachment status-inherit hentry\" data-id=\"3052\">\r\n\t\t<div class=\"w-grid-item-h\">\r\n\t\t\t\t\t\t\t<a ref=\"magnificPopupGrid\" href=\"https:\/\/www.finnsauna.fi\/wp-content\/uploads\/bathrobee-white-laituri.jpg\" class=\"w-grid-item-anchor\" aria-label=\"Bathrobe Laituri: white\"><\/a>\r\n\t\t\t\t\t\t<div class=\"w-post-elm post_image usg_post_image_1 stretched\"><img loading=\"lazy\" decoding=\"async\" width=\"640\" height=\"780\" src=\"https:\/\/www.finnsauna.fi\/wp-content\/uploads\/bathrobee-white-laituri.jpg\" class=\"attachment-full size-full\" alt=\"Bathrobe Laituri: white\" srcset=\"https:\/\/www.finnsauna.fi\/wp-content\/uploads\/bathrobee-white-laituri.jpg 640w, https:\/\/www.finnsauna.fi\/wp-content\/uploads\/bathrobee-white-laituri-246x300.jpg 246w\" sizes=\"auto, (max-width: 640px) 100vw, 640px\" \/><\/div>\t\t<\/div>\r\n\t\t\t<\/article>\r\n\t<article class=\"w-grid-item size_1x1 post-3050 attachment type-attachment status-inherit hentry\" data-id=\"3050\">\r\n\t\t<div class=\"w-grid-item-h\">\r\n\t\t\t\t\t\t\t<a ref=\"magnificPopupGrid\" href=\"https:\/\/www.finnsauna.fi\/wp-content\/uploads\/bathrobee-natural-laituri.jpg\" class=\"w-grid-item-anchor\" aria-label=\"Bathrobe Laituri: natural\"><\/a>\r\n\t\t\t\t\t\t<div class=\"w-post-elm post_image usg_post_image_1 stretched\"><img loading=\"lazy\" decoding=\"async\" width=\"640\" height=\"780\" src=\"https:\/\/www.finnsauna.fi\/wp-content\/uploads\/bathrobee-natural-laituri.jpg\" class=\"attachment-full size-full\" alt=\"Bathrobe Laituri: natural\" srcset=\"https:\/\/www.finnsauna.fi\/wp-content\/uploads\/bathrobee-natural-laituri.jpg 640w, https:\/\/www.finnsauna.fi\/wp-content\/uploads\/bathrobee-natural-laituri-246x300.jpg 246w\" sizes=\"auto, (max-width: 640px) 100vw, 640px\" \/><\/div>\t\t<\/div>\r\n\t\t\t<\/article>\r\n<\/div>\t<div class=\"w-grid-preloader\">\r\n\t\t<div class=\"g-preloader type_1\">\r\n\t\t\t<div><\/div>\r\n\t\t<\/div>\r\n\t<\/div>\r\n\t\t<div class=\"w-grid-json hidden\" onclick='return {&quot;action&quot;:&quot;us_ajax_grid&quot;,&quot;infinite_scroll&quot;:0,&quot;max_num_pages&quot;:1,&quot;pagination&quot;:&quot;none&quot;,&quot;template_vars&quot;:{&quot;columns&quot;:&quot;2&quot;,&quot;exclude_items&quot;:&quot;none&quot;,&quot;img_size&quot;:&quot;full&quot;,&quot;ignore_items_size&quot;:0,&quot;items_layout&quot;:&quot;gallery_default&quot;,&quot;items_offset&quot;:&quot;1&quot;,&quot;load_animation&quot;:&quot;none&quot;,&quot;overriding_link&quot;:&quot;%7B%22type%22%3A%22popup_image%22%7D&quot;,&quot;post_id&quot;:0,&quot;query_args&quot;:{&quot;post_type&quot;:[&quot;attachment&quot;],&quot;post__in&quot;:[&quot;3052&quot;,&quot;3050&quot;],&quot;post_status&quot;:&quot;inherit&quot;,&quot;post_mime_type&quot;:&quot;image&quot;,&quot;posts_per_page&quot;:999},&quot;orderby_query_args&quot;:{&quot;orderby&quot;:{&quot;post__in&quot;:&quot;ASC&quot;},&quot;order&quot;:&quot;ASC&quot;},&quot;type&quot;:&quot;grid&quot;,&quot;us_grid_post_type&quot;:&quot;attachment&quot;,&quot;us_grid_ajax_index&quot;:1,&quot;us_grid_filter_query_string&quot;:null,&quot;us_grid_index&quot;:1,&quot;page_args&quot;:[],&quot;lang&quot;:&quot;de&quot;}}'><\/div>\r\n\t<\/div><\/div><\/div><\/div><div class=\"vc_col-sm-6 wpb_column vc_column_container\"><div class=\"vc_column-inner\"><div class=\"wpb_wrapper\"><div class=\"wpb_text_column\"><div class=\"wpb_wrapper\"><p>Nutzen Sie den Leinenbademantel nach dem Bad oder dem Saunagang. Das Material absorbiert effektiv die Feuchtigkeit auf Ihrer Haut. Die Jokipiin Pellava Badem\u00e4ntel wurden so geschnitten, dass sie erst nach dem Waschen der auf dem Etikett angegebenen Gr\u00f6\u00dfe entsprechen. Daher sitzt der Mantel vor dem ersten Waschen etwas locker.<\/p>\n<\/div><\/div><\/div><\/div><\/div><\/div><\/div><\/div><\/div><\/div><\/div><\/section><section class=\"l-section wpb_row height_auto\"><div class=\"l-section-h i-cf\"><div class=\"g-cols vc_row via_flex valign_top type_default stacking_default\"><div class=\"vc_col-sm-12 wpb_column vc_column_container\"><div class=\"vc_column-inner\"><div class=\"wpb_wrapper\"><div class=\"w-separator size_medium with_line width_default thick_1 style_solid color_border align_center with_text with_content\"><div class=\"w-separator-h\"><h3 class=\"w-separator-text\"><span>Kilts, Wickelhandt\u00fccher, Pantoffeln<\/span><\/h3><\/div><\/div><div class=\"g-cols wpb_row via_flex valign_middle type_default stacking_default\"><div class=\"vc_col-sm-8 wpb_column vc_column_container\"><div class=\"vc_column-inner\"><div class=\"wpb_wrapper\"><div class=\"w-grid us_grid type_grid layout_gallery_default cols_4 preload_style_spinner\" id=\"us_grid_2\" style=\"--columns:4;--gap:4px;\" data-filterable=\"true\"><style>@media (max-width:479px){#us_grid_2{--columns:2!important}}<\/style><div class=\"w-grid-list\">\t<article class=\"w-grid-item size_1x1 post-3055 attachment type-attachment status-inherit hentry\" data-id=\"3055\">\r\n\t\t<div class=\"w-grid-item-h\">\r\n\t\t\t\t\t\t\t<a ref=\"magnificPopupGrid\" href=\"https:\/\/www.finnsauna.fi\/wp-content\/uploads\/wrap-towel.jpg\" class=\"w-grid-item-anchor\" aria-label=\"Wrap towel Laituri\"><\/a>\r\n\t\t\t\t\t\t<div class=\"w-post-elm post_image usg_post_image_1 stretched\"><img loading=\"lazy\" decoding=\"async\" width=\"640\" height=\"780\" src=\"https:\/\/www.finnsauna.fi\/wp-content\/uploads\/wrap-towel.jpg\" class=\"attachment-full size-full\" alt=\"Wrap towel Laituri\" srcset=\"https:\/\/www.finnsauna.fi\/wp-content\/uploads\/wrap-towel.jpg 640w, https:\/\/www.finnsauna.fi\/wp-content\/uploads\/wrap-towel-246x300.jpg 246w\" sizes=\"auto, (max-width: 640px) 100vw, 640px\" \/><\/div>\t\t<\/div>\r\n\t\t\t<\/article>\r\n\t<article class=\"w-grid-item size_1x1 post-1299 attachment type-attachment status-inherit hentry\" data-id=\"1299\">\r\n\t\t<div class=\"w-grid-item-h\">\r\n\t\t\t\t\t\t\t<a ref=\"magnificPopupGrid\" href=\"https:\/\/www.finnsauna.fi\/wp-content\/uploads\/slippers-kuusi.jpg\" class=\"w-grid-item-anchor\" aria-label=\"Slippers: Kuusi natural\"><\/a>\r\n\t\t\t\t\t\t<div class=\"w-post-elm post_image usg_post_image_1 stretched\"><img loading=\"lazy\" decoding=\"async\" width=\"640\" height=\"780\" src=\"https:\/\/www.finnsauna.fi\/wp-content\/uploads\/slippers-kuusi.jpg\" class=\"attachment-full size-full\" alt=\"Slippers: Kuusi natural\" srcset=\"https:\/\/www.finnsauna.fi\/wp-content\/uploads\/slippers-kuusi.jpg 640w, https:\/\/www.finnsauna.fi\/wp-content\/uploads\/slippers-kuusi-246x300.jpg 246w\" sizes=\"auto, (max-width: 640px) 100vw, 640px\" \/><\/div>\t\t<\/div>\r\n\t\t\t<\/article>\r\n\t<article class=\"w-grid-item size_1x1 post-1298 attachment type-attachment status-inherit hentry\" data-id=\"1298\">\r\n\t\t<div class=\"w-grid-item-h\">\r\n\t\t\t\t\t\t\t<a ref=\"magnificPopupGrid\" href=\"https:\/\/www.finnsauna.fi\/wp-content\/uploads\/slippers-koivu.jpg\" class=\"w-grid-item-anchor\" aria-label=\"Slippers: Koivu off-white\"><\/a>\r\n\t\t\t\t\t\t<div class=\"w-post-elm post_image usg_post_image_1 stretched\"><img loading=\"lazy\" decoding=\"async\" width=\"640\" height=\"780\" src=\"https:\/\/www.finnsauna.fi\/wp-content\/uploads\/slippers-koivu.jpg\" class=\"attachment-full size-full\" alt=\"Slippers: Koivu off-white\" srcset=\"https:\/\/www.finnsauna.fi\/wp-content\/uploads\/slippers-koivu.jpg 640w, https:\/\/www.finnsauna.fi\/wp-content\/uploads\/slippers-koivu-246x300.jpg 246w\" sizes=\"auto, (max-width: 640px) 100vw, 640px\" \/><\/div>\t\t<\/div>\r\n\t\t\t<\/article>\r\n<\/div>\t<div class=\"w-grid-preloader\">\r\n\t\t<div class=\"g-preloader type_1\">\r\n\t\t\t<div><\/div>\r\n\t\t<\/div>\r\n\t<\/div>\r\n\t\t<div class=\"w-grid-json hidden\" onclick='return {&quot;action&quot;:&quot;us_ajax_grid&quot;,&quot;infinite_scroll&quot;:0,&quot;max_num_pages&quot;:1,&quot;pagination&quot;:&quot;none&quot;,&quot;template_vars&quot;:{&quot;columns&quot;:&quot;4&quot;,&quot;exclude_items&quot;:&quot;none&quot;,&quot;img_size&quot;:&quot;full&quot;,&quot;ignore_items_size&quot;:0,&quot;items_layout&quot;:&quot;gallery_default&quot;,&quot;items_offset&quot;:&quot;1&quot;,&quot;load_animation&quot;:&quot;none&quot;,&quot;overriding_link&quot;:&quot;%7B%22type%22%3A%22popup_image%22%7D&quot;,&quot;post_id&quot;:0,&quot;query_args&quot;:{&quot;post_type&quot;:[&quot;attachment&quot;],&quot;post__in&quot;:[&quot;3055&quot;,&quot;778&quot;,&quot;777&quot;],&quot;post_status&quot;:&quot;inherit&quot;,&quot;post_mime_type&quot;:&quot;image&quot;,&quot;posts_per_page&quot;:999},&quot;orderby_query_args&quot;:{&quot;orderby&quot;:{&quot;post__in&quot;:&quot;ASC&quot;},&quot;order&quot;:&quot;ASC&quot;},&quot;type&quot;:&quot;grid&quot;,&quot;us_grid_post_type&quot;:&quot;attachment&quot;,&quot;us_grid_ajax_index&quot;:2,&quot;us_grid_filter_query_string&quot;:null,&quot;us_grid_index&quot;:2,&quot;page_args&quot;:[],&quot;lang&quot;:&quot;de&quot;}}'><\/div>\r\n\t<\/div><\/div><\/div><\/div><div class=\"vc_col-sm-4 wpb_column vc_column_container\"><div class=\"vc_column-inner\"><div class=\"wpb_wrapper\"><div class=\"wpb_text_column\"><div class=\"wpb_wrapper\"><p>Die Abk\u00fchlung nach dem Saunieren oder Baden ist angenehm und unkompliziert, wenn Sie ein Wickelhandtuch (mit Klettverschluss) nutzen. Feuchtigkeit auf Ihrer Haut wird in der Textilien absorbiert und Ihre H\u00e4nde sind frei f\u00fcr andere Aktivit\u00e4ten. Waschen und Pflege Ihres Wickeltuches ist so einfach wie das Waschen eines normalen Handtuchs, denken Sie daran, die Klettb\u00e4nder zu schlie\u00dfen, bevor Sie es in die Maschine legen.<\/p>\n<\/div><\/div><\/div><\/div><\/div><\/div><div class=\"w-separator size_medium\"><\/div><\/div><\/div><\/div><\/div><\/div><\/section><section class=\"l-section wpb_row height_small color_primary\"><div class=\"l-section-h i-cf\"><div class=\"g-cols vc_row via_flex valign_top type_default stacking_default\"><div class=\"vc_col-sm-12 wpb_column vc_column_container\"><div class=\"vc_column-inner\"><div class=\"wpb_wrapper\"><div class=\"w-actionbox color_primary controls_right\"><div class=\"w-actionbox-text\"><h4 class=\"w-actionbox-title\">Gestallten Sie Ihr eigenes Produkt mit Ihrem Logo<\/h4><div class=\"w-actionbox-description\"><p>Die Jokipii Produkte k\u00f6nnen Sie Ihr individuelles Design f\u00fcr Textilien erstellen und diese mit eigenem Logoetikett oder Anh\u00e4nger versehen. <strong>Was f\u00fcr eine gro\u00dfartige Idee f\u00fcr ein Werbegeschenk!<\/strong><\/p>\n<\/div><\/div><div class=\"w-actionbox-controls\"><a class=\"w-btn us-btn-style_5\" href=\"https:\/\/www.finnsauna.fi\/de\/textilien\/massgefertiges-design\/\" style=\"font-size:13px;\"><span class=\"w-btn-label\">Mehr erfahren<\/span><\/a><\/div><\/div><\/div><\/div><\/div><\/div><\/div><\/section><section class=\"l-section wpb_row height_medium with_img\"><div class=\"l-section-img\" role=\"img\" aria-label=\"Bathrobe\" data-img-width=\"1920\" data-img-height=\"752\" style=\"background-image: url(https:\/\/www.finnsauna.fi\/wp-content\/uploads\/bathrobe.jpg);background-position: top center;background-repeat: no-repeat;\"><\/div><div class=\"l-section-h i-cf\"><div class=\"g-cols vc_row via_flex valign_top type_default stacking_default\"><div class=\"vc_col-sm-12 wpb_column vc_column_container\"><div class=\"vc_column-inner\"><div class=\"wpb_wrapper\"><div class=\"w-separator size_custom\" style=\"height:350px\"><\/div><\/div><\/div><\/div><\/div><\/div><\/section>\n","protected":false},"excerpt":{"rendered":"","protected":false},"author":1,"featured_media":0,"parent":1999,"menu_order":4,"comment_status":"closed","ping_status":"closed","template":"","meta":{"footnotes":""},"class_list":["post-2152","page","type-page","status-publish","hentry"],"yoast_head":"<!-- This site is optimized with the Yoast SEO plugin v27.1.1 - https:\/\/yoast.com\/product\/yoast-seo-wordpress\/ -->\n<title>Badem\u00e4ntel, Kilts - Finnsauna<\/title>\n<meta name=\"description\" content=\"Entspannen Sie sich und nehmen Sie sich Zeit nach dem Baden. Schl\u00fcpfen Sie in unseren kuscheligen Bademantel oder wickeln Sie sich in einen praktischen Kilt oder ein Wickeltuch. Halten Sie Ihre F\u00fc\u00dfe in unseren weichen Pantoffeln warm.\" \/>\n<meta name=\"robots\" content=\"index, follow, max-snippet:-1, max-image-preview:large, max-video-preview:-1\" \/>\n<link rel=\"canonical\" href=\"https:\/\/www.finnsauna.fi\/de\/textilien\/bademantel-kilts-wickelhandtuecher-pantoffeln\/\" \/>\n<meta property=\"og:locale\" content=\"de_DE\" \/>\n<meta property=\"og:type\" content=\"article\" \/>\n<meta property=\"og:title\" content=\"Badem\u00e4ntel, Kilts - Finnsauna\" \/>\n<meta property=\"og:description\" content=\"Entspannen Sie sich und nehmen Sie sich Zeit nach dem Baden. Schl\u00fcpfen Sie in unseren kuscheligen Bademantel oder wickeln Sie sich in einen praktischen Kilt oder ein Wickeltuch. Halten Sie Ihre F\u00fc\u00dfe in unseren weichen Pantoffeln warm.\" \/>\n<meta property=\"og:url\" content=\"https:\/\/www.finnsauna.fi\/de\/textilien\/bademantel-kilts-wickelhandtuecher-pantoffeln\/\" \/>\n<meta property=\"og:site_name\" content=\"Finnsauna\" \/>\n<meta property=\"article:modified_time\" content=\"2024-03-09T19:23:32+00:00\" \/>\n<meta name=\"twitter:card\" content=\"summary_large_image\" \/>\n<meta name=\"twitter:label1\" content=\"Gesch\u00e4tzte Lesezeit\" \/>\n\t<meta name=\"twitter:data1\" content=\"2\u00a0Minuten\" \/>\n<script type=\"application\/ld+json\" class=\"yoast-schema-graph\">{\"@context\":\"https:\/\/schema.org\",\"@graph\":[{\"@type\":\"WebPage\",\"@id\":\"https:\/\/www.finnsauna.fi\/de\/textilien\/bademantel-kilts-wickelhandtuecher-pantoffeln\/\",\"url\":\"https:\/\/www.finnsauna.fi\/de\/textilien\/bademantel-kilts-wickelhandtuecher-pantoffeln\/\",\"name\":\"Badem\u00e4ntel, Kilts - Finnsauna\",\"isPartOf\":{\"@id\":\"https:\/\/www.finnsauna.fi\/#website\"},\"datePublished\":\"2018-09-08T06:32:50+00:00\",\"dateModified\":\"2024-03-09T19:23:32+00:00\",\"description\":\"Entspannen Sie sich und nehmen Sie sich Zeit nach dem Baden. Schl\u00fcpfen Sie in unseren kuscheligen Bademantel oder wickeln Sie sich in einen praktischen Kilt oder ein Wickeltuch. Halten Sie Ihre F\u00fc\u00dfe in unseren weichen Pantoffeln warm.\",\"breadcrumb\":{\"@id\":\"https:\/\/www.finnsauna.fi\/de\/textilien\/bademantel-kilts-wickelhandtuecher-pantoffeln\/#breadcrumb\"},\"inLanguage\":\"de\",\"potentialAction\":[{\"@type\":\"ReadAction\",\"target\":[\"https:\/\/www.finnsauna.fi\/de\/textilien\/bademantel-kilts-wickelhandtuecher-pantoffeln\/\"]}]},{\"@type\":\"BreadcrumbList\",\"@id\":\"https:\/\/www.finnsauna.fi\/de\/textilien\/bademantel-kilts-wickelhandtuecher-pantoffeln\/#breadcrumb\",\"itemListElement\":[{\"@type\":\"ListItem\",\"position\":1,\"name\":\"Home\",\"item\":\"https:\/\/www.finnsauna.fi\/de\/\"},{\"@type\":\"ListItem\",\"position\":2,\"name\":\"Textilien\",\"item\":\"https:\/\/www.finnsauna.fi\/de\/textilien\/\"},{\"@type\":\"ListItem\",\"position\":3,\"name\":\"Badem\u00e4ntel, Kilts\"}]},{\"@type\":\"WebSite\",\"@id\":\"https:\/\/www.finnsauna.fi\/#website\",\"url\":\"https:\/\/www.finnsauna.fi\/\",\"name\":\"Finnsauna\",\"description\":\"Sauna products from Finland\",\"potentialAction\":[{\"@type\":\"SearchAction\",\"target\":{\"@type\":\"EntryPoint\",\"urlTemplate\":\"https:\/\/www.finnsauna.fi\/?s={search_term_string}\"},\"query-input\":{\"@type\":\"PropertyValueSpecification\",\"valueRequired\":true,\"valueName\":\"search_term_string\"}}],\"inLanguage\":\"de\"}]}<\/script>\n<!-- \/ Yoast SEO plugin. -->","yoast_head_json":{"title":"Badem\u00e4ntel, Kilts - Finnsauna","description":"Entspannen Sie sich und nehmen Sie sich Zeit nach dem Baden. Schl\u00fcpfen Sie in unseren kuscheligen Bademantel oder wickeln Sie sich in einen praktischen Kilt oder ein Wickeltuch. Halten Sie Ihre F\u00fc\u00dfe in unseren weichen Pantoffeln warm.","robots":{"index":"index","follow":"follow","max-snippet":"max-snippet:-1","max-image-preview":"max-image-preview:large","max-video-preview":"max-video-preview:-1"},"canonical":"https:\/\/www.finnsauna.fi\/de\/textilien\/bademantel-kilts-wickelhandtuecher-pantoffeln\/","og_locale":"de_DE","og_type":"article","og_title":"Badem\u00e4ntel, Kilts - Finnsauna","og_description":"Entspannen Sie sich und nehmen Sie sich Zeit nach dem Baden. Schl\u00fcpfen Sie in unseren kuscheligen Bademantel oder wickeln Sie sich in einen praktischen Kilt oder ein Wickeltuch. Halten Sie Ihre F\u00fc\u00dfe in unseren weichen Pantoffeln warm.","og_url":"https:\/\/www.finnsauna.fi\/de\/textilien\/bademantel-kilts-wickelhandtuecher-pantoffeln\/","og_site_name":"Finnsauna","article_modified_time":"2024-03-09T19:23:32+00:00","twitter_card":"summary_large_image","twitter_misc":{"Gesch\u00e4tzte Lesezeit":"2\u00a0Minuten"},"schema":{"@context":"https:\/\/schema.org","@graph":[{"@type":"WebPage","@id":"https:\/\/www.finnsauna.fi\/de\/textilien\/bademantel-kilts-wickelhandtuecher-pantoffeln\/","url":"https:\/\/www.finnsauna.fi\/de\/textilien\/bademantel-kilts-wickelhandtuecher-pantoffeln\/","name":"Badem\u00e4ntel, Kilts - Finnsauna","isPartOf":{"@id":"https:\/\/www.finnsauna.fi\/#website"},"datePublished":"2018-09-08T06:32:50+00:00","dateModified":"2024-03-09T19:23:32+00:00","description":"Entspannen Sie sich und nehmen Sie sich Zeit nach dem Baden. Schl\u00fcpfen Sie in unseren kuscheligen Bademantel oder wickeln Sie sich in einen praktischen Kilt oder ein Wickeltuch. Halten Sie Ihre F\u00fc\u00dfe in unseren weichen Pantoffeln warm.","breadcrumb":{"@id":"https:\/\/www.finnsauna.fi\/de\/textilien\/bademantel-kilts-wickelhandtuecher-pantoffeln\/#breadcrumb"},"inLanguage":"de","potentialAction":[{"@type":"ReadAction","target":["https:\/\/www.finnsauna.fi\/de\/textilien\/bademantel-kilts-wickelhandtuecher-pantoffeln\/"]}]},{"@type":"BreadcrumbList","@id":"https:\/\/www.finnsauna.fi\/de\/textilien\/bademantel-kilts-wickelhandtuecher-pantoffeln\/#breadcrumb","itemListElement":[{"@type":"ListItem","position":1,"name":"Home","item":"https:\/\/www.finnsauna.fi\/de\/"},{"@type":"ListItem","position":2,"name":"Textilien","item":"https:\/\/www.finnsauna.fi\/de\/textilien\/"},{"@type":"ListItem","position":3,"name":"Badem\u00e4ntel, Kilts"}]},{"@type":"WebSite","@id":"https:\/\/www.finnsauna.fi\/#website","url":"https:\/\/www.finnsauna.fi\/","name":"Finnsauna","description":"Sauna products from Finland","potentialAction":[{"@type":"SearchAction","target":{"@type":"EntryPoint","urlTemplate":"https:\/\/www.finnsauna.fi\/?s={search_term_string}"},"query-input":{"@type":"PropertyValueSpecification","valueRequired":true,"valueName":"search_term_string"}}],"inLanguage":"de"}]}},"_links":{"self":[{"href":"https:\/\/www.finnsauna.fi\/de\/wp-json\/wp\/v2\/pages\/2152","targetHints":{"allow":["GET"]}}],"collection":[{"href":"https:\/\/www.finnsauna.fi\/de\/wp-json\/wp\/v2\/pages"}],"about":[{"href":"https:\/\/www.finnsauna.fi\/de\/wp-json\/wp\/v2\/types\/page"}],"author":[{"embeddable":true,"href":"https:\/\/www.finnsauna.fi\/de\/wp-json\/wp\/v2\/users\/1"}],"replies":[{"embeddable":true,"href":"https:\/\/www.finnsauna.fi\/de\/wp-json\/wp\/v2\/comments?post=2152"}],"version-history":[{"count":14,"href":"https:\/\/www.finnsauna.fi\/de\/wp-json\/wp\/v2\/pages\/2152\/revisions"}],"predecessor-version":[{"id":3560,"href":"https:\/\/www.finnsauna.fi\/de\/wp-json\/wp\/v2\/pages\/2152\/revisions\/3560"}],"up":[{"embeddable":true,"href":"https:\/\/www.finnsauna.fi\/de\/wp-json\/wp\/v2\/pages\/1999"}],"wp:attachment":[{"href":"https:\/\/www.finnsauna.fi\/de\/wp-json\/wp\/v2\/media?parent=2152"}],"curies":[{"name":"wp","href":"https:\/\/api.w.org\/{rel}","templated":true}]}}