{"id":2147,"date":"2018-09-07T11:55:33","date_gmt":"2018-09-07T11:55:33","guid":{"rendered":"https:\/\/www.finnsauna.fi\/textilien\/wash-mitts-back-rubs\/"},"modified":"2024-03-09T19:22:09","modified_gmt":"2024-03-09T19:22:09","slug":"waschhandschuhe-rueckenmassagebaender","status":"publish","type":"page","link":"https:\/\/www.finnsauna.fi\/de\/textilien\/waschhandschuhe-rueckenmassagebaender\/","title":{"rendered":"Waschhandschuhe &#038; R\u00fcckenmassageb\u00e4nder"},"content":{"rendered":"<section class=\"l-section wpb_row kuva-paddinki height_auto with_img\"><div class=\"l-section-img\" role=\"img\" aria-label=\"Wash mitts, Back rubs\" data-img-width=\"1920\" data-img-height=\"752\" style=\"background-image: url(https:\/\/www.finnsauna.fi\/wp-content\/uploads\/bg-backrubs.jpg);background-position: top right;background-repeat: no-repeat;background-size: auto;\"><\/div><div class=\"l-section-h i-cf\"><div class=\"g-cols vc_row via_flex valign_top type_default stacking_default\"><div class=\"vc_col-sm-12 wpb_column vc_column_container has_bg_color\"><div class=\"vc_column-inner us_custom_f1cbd626\"><div class=\"wpb_wrapper\"><div class=\"g-cols wpb_row via_flex valign_top type_default stacking_default\"><div class=\"vc_col-sm-12 wpb_column vc_column_container\"><div class=\"vc_column-inner\"><div class=\"wpb_wrapper\">[vc_custom_heading text=&#8220;Waschhandschuhe &amp; R\u00fcckenmassageb\u00e4nder&#8220; font_container=&#8220;tag:h1|text_align:center|color:%23ffffff&#8220; use_theme_fonts=&#8220;yes&#8220; css=&#8220;%7B%22default%22%3A%7B%22padding-top%22%3A%2220px%22%2C%22padding-bottom%22%3A%2220px%22%2C%22background-color%22%3A%22%230069b4%22%2C%22color%22%3A%22%23ffffff%22%7D%7D&#8220; el_class=&#8220;sivu-paddinki&#8220;]<\/div><\/div><\/div><\/div><div class=\"g-cols wpb_row us_custom_464722d3 sivu-paddinki via_flex valign_top type_default stacking_default\"><div class=\"vc_col-sm-2 wpb_column vc_column_container\"><div class=\"vc_column-inner\"><div class=\"wpb_wrapper\"><div class=\"w-separator size_custom\" style=\"height:2px\"><\/div><\/div><\/div><\/div><div class=\"vc_col-sm-8 wpb_column vc_column_container\"><div class=\"vc_column-inner\"><div class=\"wpb_wrapper\"><div class=\"w-separator size_small\"><\/div><div class=\"w-image align_center\"><div class=\"w-image-h\"><img decoding=\"async\" width=\"40\" height=\"40\" src=\"https:\/\/www.finnsauna.fi\/wp-content\/uploads\/icon-finnsaunas.png\" class=\"attachment-full size-full\" alt=\"\" loading=\"lazy\" \/><\/div><\/div><div class=\"w-separator size_small\"><\/div><div class=\"wpb_text_column ingressi\"><div class=\"wpb_wrapper\"><p style=\"text-align: center;\">Mit einem Leinenfrottee-Waschhandschuh oder dem R\u00fcckenmassageband wird nicht nur die Haut gereinigt, sondern auch massiert und die oberfl\u00e4chliche Durchblutung angeregt. Die Haut wird schnell getrocknet und sie bleibt lange frisch.<\/p>\n<p style=\"text-align: center;\"><strong>Material:<\/strong> 70% LI 30% CO<\/p>\n<\/div><\/div><div class=\"w-separator size_medium\"><\/div><div class=\"w-btn-wrapper align_center\"><a class=\"w-btn us-btn-style_3 us_custom_6f9c3709 icon_atleft\" target=\"_blank\" rel=\"nofollow\" href=\"https:\/\/www.finnsauna.fi\/wp-content\/uploads\/JOKIPII-CATALOGUE_sauna-bath-2024-1-ma.pdf\"><i class=\"fas fa-download\"><\/i><span class=\"w-btn-label\">Katalog<\/span><\/a><\/div><div class=\"w-separator size_medium\"><\/div><\/div><\/div><\/div><div class=\"vc_col-sm-2 wpb_column vc_column_container\"><div class=\"vc_column-inner\"><div class=\"wpb_wrapper\"><\/div><\/div><\/div><\/div><\/div><\/div><\/div><\/div><\/div><\/section><section class=\"l-section wpb_row height_auto\"><div class=\"l-section-h i-cf\"><div class=\"g-cols vc_row via_flex valign_top type_default stacking_default\"><div class=\"vc_col-sm-12 wpb_column vc_column_container\"><div class=\"vc_column-inner\"><div class=\"wpb_wrapper\"><div class=\"w-separator size_medium with_line width_default thick_1 style_solid color_border align_center with_text with_content\"><div class=\"w-separator-h\"><h3 class=\"w-separator-text\"><span>Waschhandschuhe &amp; R\u00fcckenmassageb\u00e4nder<\/span><\/h3><\/div><\/div><div class=\"w-grid us_grid type_grid layout_gallery_default cols_5 preload_style_spinner\" id=\"us_grid_1\" style=\"--columns:5;--gap:4px;\" data-filterable=\"true\"><style>@media (max-width:767px){#us_grid_1{--columns:4!important}}@media (max-width:479px){#us_grid_1{--columns:2!important}}.layout_gallery_default .w-grid-item-h{}<\/style><div class=\"w-grid-list\">\t<article class=\"w-grid-item size_1x1 post-1291 attachment type-attachment status-inherit hentry\" data-id=\"1291\">\r\n\t\t<div class=\"w-grid-item-h\">\r\n\t\t\t\t\t\t\t<a ref=\"magnificPopupGrid\" href=\"https:\/\/www.finnsauna.fi\/wp-content\/uploads\/washmitt-Villa-valk_beige.jpg\" class=\"w-grid-item-anchor\" aria-label=\"Wash mitt: Villa white beige\"><\/a>\r\n\t\t\t\t\t\t<div class=\"w-post-elm post_image usg_post_image_1 stretched\"><img loading=\"lazy\" decoding=\"async\" width=\"640\" height=\"780\" src=\"https:\/\/www.finnsauna.fi\/wp-content\/uploads\/washmitt-Villa-valk_beige.jpg\" class=\"attachment-full size-full\" alt=\"Wash mitt: Villa white beige\" srcset=\"https:\/\/www.finnsauna.fi\/wp-content\/uploads\/washmitt-Villa-valk_beige.jpg 640w, https:\/\/www.finnsauna.fi\/wp-content\/uploads\/washmitt-Villa-valk_beige-246x300.jpg 246w\" sizes=\"auto, (max-width: 640px) 100vw, 640px\" \/><\/div>\t\t<\/div>\r\n\t\t\t<\/article>\r\n\t<article class=\"w-grid-item size_1x1 post-1290 attachment type-attachment status-inherit hentry\" data-id=\"1290\">\r\n\t\t<div class=\"w-grid-item-h\">\r\n\t\t\t\t\t\t\t<a ref=\"magnificPopupGrid\" href=\"https:\/\/www.finnsauna.fi\/wp-content\/uploads\/washmitt-Villa-pel_musta.jpg\" class=\"w-grid-item-anchor\" aria-label=\"Washmitt: Villa natural \/ black\"><\/a>\r\n\t\t\t\t\t\t<div class=\"w-post-elm post_image usg_post_image_1 stretched\"><img loading=\"lazy\" decoding=\"async\" width=\"640\" height=\"780\" src=\"https:\/\/www.finnsauna.fi\/wp-content\/uploads\/washmitt-Villa-pel_musta.jpg\" class=\"attachment-full size-full\" alt=\"Washmitt: Villa natural \/ black\" srcset=\"https:\/\/www.finnsauna.fi\/wp-content\/uploads\/washmitt-Villa-pel_musta.jpg 640w, https:\/\/www.finnsauna.fi\/wp-content\/uploads\/washmitt-Villa-pel_musta-246x300.jpg 246w\" sizes=\"auto, (max-width: 640px) 100vw, 640px\" \/><\/div>\t\t<\/div>\r\n\t\t\t<\/article>\r\n\t<article class=\"w-grid-item size_1x1 post-3023 attachment type-attachment status-inherit hentry\" data-id=\"3023\">\r\n\t\t<div class=\"w-grid-item-h\">\r\n\t\t\t\t\t\t\t<a ref=\"magnificPopupGrid\" href=\"https:\/\/www.finnsauna.fi\/wp-content\/uploads\/wash-mitt-beeige-1.jpg\" class=\"w-grid-item-anchor\" aria-label=\"Wash Mitt Laituri - beigee\"><\/a>\r\n\t\t\t\t\t\t<div class=\"w-post-elm post_image usg_post_image_1 stretched\"><img loading=\"lazy\" decoding=\"async\" width=\"640\" height=\"780\" src=\"https:\/\/www.finnsauna.fi\/wp-content\/uploads\/wash-mitt-beeige-1.jpg\" class=\"attachment-full size-full\" alt=\"Wash Mitt Laituri - beigee\" srcset=\"https:\/\/www.finnsauna.fi\/wp-content\/uploads\/wash-mitt-beeige-1.jpg 640w, https:\/\/www.finnsauna.fi\/wp-content\/uploads\/wash-mitt-beeige-1-246x300.jpg 246w\" sizes=\"auto, (max-width: 640px) 100vw, 640px\" \/><\/div>\t\t<\/div>\r\n\t\t\t<\/article>\r\n\t<article class=\"w-grid-item size_1x1 post-3015 attachment type-attachment status-inherit hentry\" data-id=\"3015\">\r\n\t\t<div class=\"w-grid-item-h\">\r\n\t\t\t\t\t\t\t<a ref=\"magnificPopupGrid\" href=\"https:\/\/www.finnsauna.fi\/wp-content\/uploads\/wash-mitt-laituri1.jpg\" class=\"w-grid-item-anchor\" aria-label=\"Wash Mitt Laituri - white\"><\/a>\r\n\t\t\t\t\t\t<div class=\"w-post-elm post_image usg_post_image_1 stretched\"><img loading=\"lazy\" decoding=\"async\" width=\"640\" height=\"780\" src=\"https:\/\/www.finnsauna.fi\/wp-content\/uploads\/wash-mitt-laituri1.jpg\" class=\"attachment-full size-full\" alt=\"Wash Mitt Laituri - white\" srcset=\"https:\/\/www.finnsauna.fi\/wp-content\/uploads\/wash-mitt-laituri1.jpg 640w, https:\/\/www.finnsauna.fi\/wp-content\/uploads\/wash-mitt-laituri1-246x300.jpg 246w\" sizes=\"auto, (max-width: 640px) 100vw, 640px\" \/><\/div>\t\t<\/div>\r\n\t\t\t<\/article>\r\n\t<article class=\"w-grid-item size_1x1 post-3021 attachment type-attachment status-inherit hentry\" data-id=\"3021\">\r\n\t\t<div class=\"w-grid-item-h\">\r\n\t\t\t\t\t\t\t<a ref=\"magnificPopupGrid\" href=\"https:\/\/www.finnsauna.fi\/wp-content\/uploads\/wash-mitt-black1.jpg\" class=\"w-grid-item-anchor\" aria-label=\"Wash Mitt Laituri - black\"><\/a>\r\n\t\t\t\t\t\t<div class=\"w-post-elm post_image usg_post_image_1 stretched\"><img loading=\"lazy\" decoding=\"async\" width=\"640\" height=\"780\" src=\"https:\/\/www.finnsauna.fi\/wp-content\/uploads\/wash-mitt-black1.jpg\" class=\"attachment-full size-full\" alt=\"Wash Mitt Laituri - black\" srcset=\"https:\/\/www.finnsauna.fi\/wp-content\/uploads\/wash-mitt-black1.jpg 640w, https:\/\/www.finnsauna.fi\/wp-content\/uploads\/wash-mitt-black1-246x300.jpg 246w\" sizes=\"auto, (max-width: 640px) 100vw, 640px\" \/><\/div>\t\t<\/div>\r\n\t\t\t<\/article>\r\n\t<article class=\"w-grid-item size_1x1 post-1285 attachment type-attachment status-inherit hentry\" data-id=\"1285\">\r\n\t\t<div class=\"w-grid-item-h\">\r\n\t\t\t\t\t\t\t<a ref=\"magnificPopupGrid\" href=\"https:\/\/www.finnsauna.fi\/wp-content\/uploads\/backrub-Villa-pell_musta.jpg\" class=\"w-grid-item-anchor\" aria-label=\"Back rub: Villa natural\/black\"><\/a>\r\n\t\t\t\t\t\t<div class=\"w-post-elm post_image usg_post_image_1 stretched\"><img loading=\"lazy\" decoding=\"async\" width=\"640\" height=\"780\" src=\"https:\/\/www.finnsauna.fi\/wp-content\/uploads\/backrub-Villa-pell_musta.jpg\" class=\"attachment-full size-full\" alt=\"Back rub: Villa natural\/black\" srcset=\"https:\/\/www.finnsauna.fi\/wp-content\/uploads\/backrub-Villa-pell_musta.jpg 640w, https:\/\/www.finnsauna.fi\/wp-content\/uploads\/backrub-Villa-pell_musta-246x300.jpg 246w\" sizes=\"auto, (max-width: 640px) 100vw, 640px\" \/><\/div>\t\t<\/div>\r\n\t\t\t<\/article>\r\n\t<article class=\"w-grid-item size_1x1 post-1286 attachment type-attachment status-inherit hentry\" data-id=\"1286\">\r\n\t\t<div class=\"w-grid-item-h\">\r\n\t\t\t\t\t\t\t<a ref=\"magnificPopupGrid\" href=\"https:\/\/www.finnsauna.fi\/wp-content\/uploads\/backrubVilla-valk_beige.jpg\" class=\"w-grid-item-anchor\" aria-label=\"Backrub: Villa white\/beige\"><\/a>\r\n\t\t\t\t\t\t<div class=\"w-post-elm post_image usg_post_image_1 stretched\"><img loading=\"lazy\" decoding=\"async\" width=\"640\" height=\"780\" src=\"https:\/\/www.finnsauna.fi\/wp-content\/uploads\/backrubVilla-valk_beige.jpg\" class=\"attachment-full size-full\" alt=\"Backrub: Villa white\/beige\" srcset=\"https:\/\/www.finnsauna.fi\/wp-content\/uploads\/backrubVilla-valk_beige.jpg 640w, https:\/\/www.finnsauna.fi\/wp-content\/uploads\/backrubVilla-valk_beige-246x300.jpg 246w\" sizes=\"auto, (max-width: 640px) 100vw, 640px\" \/><\/div>\t\t<\/div>\r\n\t\t\t<\/article>\r\n\t<article class=\"w-grid-item size_1x1 post-3013 attachment type-attachment status-inherit hentry\" data-id=\"3013\">\r\n\t\t<div class=\"w-grid-item-h\">\r\n\t\t\t\t\t\t\t<a ref=\"magnificPopupGrid\" href=\"https:\/\/www.finnsauna.fi\/wp-content\/uploads\/wash-mitt-laituri-grey1.jpg\" class=\"w-grid-item-anchor\" aria-label=\"Wash Mitt Laituri - grey\"><\/a>\r\n\t\t\t\t\t\t<div class=\"w-post-elm post_image usg_post_image_1 stretched\"><img loading=\"lazy\" decoding=\"async\" width=\"640\" height=\"780\" src=\"https:\/\/www.finnsauna.fi\/wp-content\/uploads\/wash-mitt-laituri-grey1.jpg\" class=\"attachment-full size-full\" alt=\"Wash Mitt Laituri - grey\" srcset=\"https:\/\/www.finnsauna.fi\/wp-content\/uploads\/wash-mitt-laituri-grey1.jpg 640w, https:\/\/www.finnsauna.fi\/wp-content\/uploads\/wash-mitt-laituri-grey1-246x300.jpg 246w\" sizes=\"auto, (max-width: 640px) 100vw, 640px\" \/><\/div>\t\t<\/div>\r\n\t\t\t<\/article>\r\n\t<article class=\"w-grid-item size_1x1 post-3019 attachment type-attachment status-inherit hentry\" data-id=\"3019\">\r\n\t\t<div class=\"w-grid-item-h\">\r\n\t\t\t\t\t\t\t<a ref=\"magnificPopupGrid\" href=\"https:\/\/www.finnsauna.fi\/wp-content\/uploads\/wash-mitt-white-dark-blue1.jpg\" class=\"w-grid-item-anchor\" aria-label=\"wash-mitt-white-dark-blue1\"><\/a>\r\n\t\t\t\t\t\t<div class=\"w-post-elm post_image usg_post_image_1 stretched\"><img loading=\"lazy\" decoding=\"async\" width=\"640\" height=\"780\" src=\"https:\/\/www.finnsauna.fi\/wp-content\/uploads\/wash-mitt-white-dark-blue1.jpg\" class=\"attachment-full size-full\" alt=\"\" srcset=\"https:\/\/www.finnsauna.fi\/wp-content\/uploads\/wash-mitt-white-dark-blue1.jpg 640w, https:\/\/www.finnsauna.fi\/wp-content\/uploads\/wash-mitt-white-dark-blue1-246x300.jpg 246w\" sizes=\"auto, (max-width: 640px) 100vw, 640px\" \/><\/div>\t\t<\/div>\r\n\t\t\t<\/article>\r\n<\/div>\t<div class=\"w-grid-preloader\">\r\n\t\t<div class=\"g-preloader type_1\">\r\n\t\t\t<div><\/div>\r\n\t\t<\/div>\r\n\t<\/div>\r\n\t\t<div class=\"w-grid-json hidden\" onclick='return {&quot;action&quot;:&quot;us_ajax_grid&quot;,&quot;infinite_scroll&quot;:0,&quot;max_num_pages&quot;:1,&quot;pagination&quot;:&quot;none&quot;,&quot;template_vars&quot;:{&quot;columns&quot;:&quot;5&quot;,&quot;exclude_items&quot;:&quot;none&quot;,&quot;img_size&quot;:&quot;full&quot;,&quot;ignore_items_size&quot;:0,&quot;items_layout&quot;:&quot;gallery_default&quot;,&quot;items_offset&quot;:&quot;1&quot;,&quot;load_animation&quot;:&quot;none&quot;,&quot;overriding_link&quot;:&quot;%7B%22type%22%3A%22popup_image%22%7D&quot;,&quot;post_id&quot;:0,&quot;query_args&quot;:{&quot;post_type&quot;:[&quot;attachment&quot;],&quot;post__in&quot;:[&quot;756&quot;,&quot;755&quot;,&quot;3023&quot;,&quot;3015&quot;,&quot;3021&quot;,&quot;750&quot;,&quot;751&quot;,&quot;3013&quot;,&quot;3019&quot;],&quot;post_status&quot;:&quot;inherit&quot;,&quot;post_mime_type&quot;:&quot;image&quot;,&quot;posts_per_page&quot;:999},&quot;orderby_query_args&quot;:{&quot;orderby&quot;:{&quot;post__in&quot;:&quot;ASC&quot;},&quot;order&quot;:&quot;ASC&quot;},&quot;type&quot;:&quot;grid&quot;,&quot;us_grid_post_type&quot;:&quot;attachment&quot;,&quot;us_grid_ajax_index&quot;:1,&quot;us_grid_filter_query_string&quot;:null,&quot;us_grid_index&quot;:1,&quot;page_args&quot;:[],&quot;lang&quot;:&quot;de&quot;}}'><\/div>\r\n\t<\/div><div class=\"w-separator size_large\"><\/div><\/div><\/div><\/div><\/div><\/div><\/section><section class=\"l-section wpb_row height_small color_primary\"><div class=\"l-section-h i-cf\"><div class=\"g-cols vc_row via_flex valign_top type_default stacking_default\"><div class=\"vc_col-sm-12 wpb_column vc_column_container\"><div class=\"vc_column-inner\"><div class=\"wpb_wrapper\"><div class=\"w-actionbox color_primary controls_right\"><div class=\"w-actionbox-text\"><h4 class=\"w-actionbox-title\">Gestallten Sie Ihr eigenes Produkt mit Ihrem Logo<\/h4><div class=\"w-actionbox-description\"><p>Die Jokipii Produkte k\u00f6nnen Sie Ihr individuelles Design f\u00fcr Textilien erstellen und diese mit eigenem Logoetikett oder Anh\u00e4nger versehen. <strong>Was f\u00fcr eine gro\u00dfartige Idee f\u00fcr ein Werbegeschenk!<\/strong><\/p>\n<\/div><\/div><div class=\"w-actionbox-controls\"><a class=\"w-btn us-btn-style_5\" href=\"https:\/\/www.finnsauna.fi\/de\/kontakt\/\" style=\"font-size:13px;\"><span class=\"w-btn-label\">Kontakt<\/span><\/a><\/div><\/div><\/div><\/div><\/div><\/div><\/div><\/section><section class=\"l-section wpb_row height_medium with_img\"><div class=\"l-section-img\" role=\"img\" aria-label=\"Wash mitts\" data-img-width=\"1920\" data-img-height=\"752\" style=\"background-image: url(https:\/\/www.finnsauna.fi\/wp-content\/uploads\/bg-wash-mitts.jpg);background-position: bottom right;background-repeat: no-repeat;\"><\/div><div class=\"l-section-h i-cf\"><div class=\"g-cols vc_row via_flex valign_top type_default stacking_default\"><div class=\"vc_col-sm-12 wpb_column vc_column_container\"><div class=\"vc_column-inner\"><div class=\"wpb_wrapper\"><div class=\"w-separator size_custom\" style=\"height:350px\"><\/div><\/div><\/div><\/div><\/div><\/div><\/section>\n","protected":false},"excerpt":{"rendered":"","protected":false},"author":1,"featured_media":0,"parent":1999,"menu_order":2,"comment_status":"closed","ping_status":"closed","template":"","meta":{"footnotes":""},"class_list":["post-2147","page","type-page","status-publish","hentry"],"yoast_head":"<!-- This site is optimized with the Yoast SEO plugin v27.1.1 - https:\/\/yoast.com\/product\/yoast-seo-wordpress\/ -->\n<title>Waschhandschuhe &amp; R\u00fcckenmassageb\u00e4nder - Finnsauna<\/title>\n<meta name=\"description\" content=\"Mit einem Leinenfrottee-Waschhandschuh oder dem R\u00fcckenmassageband wird nicht nur die Haut gereinigt, sondern auch massiert und die oberfl\u00e4chliche Durchblutung angeregt. Die Haut wird schnell getrocknet und sie bleibt lange frisch.\" \/>\n<meta name=\"robots\" content=\"index, follow, max-snippet:-1, max-image-preview:large, max-video-preview:-1\" \/>\n<link rel=\"canonical\" href=\"https:\/\/www.finnsauna.fi\/de\/textilien\/waschhandschuhe-rueckenmassagebaender\/\" \/>\n<meta property=\"og:locale\" content=\"de_DE\" \/>\n<meta property=\"og:type\" content=\"article\" \/>\n<meta property=\"og:title\" content=\"Waschhandschuhe &amp; R\u00fcckenmassageb\u00e4nder - Finnsauna\" \/>\n<meta property=\"og:description\" content=\"Mit einem Leinenfrottee-Waschhandschuh oder dem R\u00fcckenmassageband wird nicht nur die Haut gereinigt, sondern auch massiert und die oberfl\u00e4chliche Durchblutung angeregt. Die Haut wird schnell getrocknet und sie bleibt lange frisch.\" \/>\n<meta property=\"og:url\" content=\"https:\/\/www.finnsauna.fi\/de\/textilien\/waschhandschuhe-rueckenmassagebaender\/\" \/>\n<meta property=\"og:site_name\" content=\"Finnsauna\" \/>\n<meta property=\"article:modified_time\" content=\"2024-03-09T19:22:09+00:00\" \/>\n<meta name=\"twitter:card\" content=\"summary_large_image\" \/>\n<meta name=\"twitter:label1\" content=\"Gesch\u00e4tzte Lesezeit\" \/>\n\t<meta name=\"twitter:data1\" content=\"1\u00a0Minute\" \/>\n<script type=\"application\/ld+json\" class=\"yoast-schema-graph\">{\"@context\":\"https:\/\/schema.org\",\"@graph\":[{\"@type\":\"WebPage\",\"@id\":\"https:\/\/www.finnsauna.fi\/de\/textilien\/waschhandschuhe-rueckenmassagebaender\/\",\"url\":\"https:\/\/www.finnsauna.fi\/de\/textilien\/waschhandschuhe-rueckenmassagebaender\/\",\"name\":\"Waschhandschuhe & R\u00fcckenmassageb\u00e4nder - Finnsauna\",\"isPartOf\":{\"@id\":\"https:\/\/www.finnsauna.fi\/#website\"},\"datePublished\":\"2018-09-07T11:55:33+00:00\",\"dateModified\":\"2024-03-09T19:22:09+00:00\",\"description\":\"Mit einem Leinenfrottee-Waschhandschuh oder dem R\u00fcckenmassageband wird nicht nur die Haut gereinigt, sondern auch massiert und die oberfl\u00e4chliche Durchblutung angeregt. Die Haut wird schnell getrocknet und sie bleibt lange frisch.\",\"breadcrumb\":{\"@id\":\"https:\/\/www.finnsauna.fi\/de\/textilien\/waschhandschuhe-rueckenmassagebaender\/#breadcrumb\"},\"inLanguage\":\"de\",\"potentialAction\":[{\"@type\":\"ReadAction\",\"target\":[\"https:\/\/www.finnsauna.fi\/de\/textilien\/waschhandschuhe-rueckenmassagebaender\/\"]}]},{\"@type\":\"BreadcrumbList\",\"@id\":\"https:\/\/www.finnsauna.fi\/de\/textilien\/waschhandschuhe-rueckenmassagebaender\/#breadcrumb\",\"itemListElement\":[{\"@type\":\"ListItem\",\"position\":1,\"name\":\"Home\",\"item\":\"https:\/\/www.finnsauna.fi\/de\/\"},{\"@type\":\"ListItem\",\"position\":2,\"name\":\"Textilien\",\"item\":\"https:\/\/www.finnsauna.fi\/de\/textilien\/\"},{\"@type\":\"ListItem\",\"position\":3,\"name\":\"Waschhandschuhe &#038; R\u00fcckenmassageb\u00e4nder\"}]},{\"@type\":\"WebSite\",\"@id\":\"https:\/\/www.finnsauna.fi\/#website\",\"url\":\"https:\/\/www.finnsauna.fi\/\",\"name\":\"Finnsauna\",\"description\":\"Sauna products from Finland\",\"potentialAction\":[{\"@type\":\"SearchAction\",\"target\":{\"@type\":\"EntryPoint\",\"urlTemplate\":\"https:\/\/www.finnsauna.fi\/?s={search_term_string}\"},\"query-input\":{\"@type\":\"PropertyValueSpecification\",\"valueRequired\":true,\"valueName\":\"search_term_string\"}}],\"inLanguage\":\"de\"}]}<\/script>\n<!-- \/ Yoast SEO plugin. -->","yoast_head_json":{"title":"Waschhandschuhe & R\u00fcckenmassageb\u00e4nder - Finnsauna","description":"Mit einem Leinenfrottee-Waschhandschuh oder dem R\u00fcckenmassageband wird nicht nur die Haut gereinigt, sondern auch massiert und die oberfl\u00e4chliche Durchblutung angeregt. Die Haut wird schnell getrocknet und sie bleibt lange frisch.","robots":{"index":"index","follow":"follow","max-snippet":"max-snippet:-1","max-image-preview":"max-image-preview:large","max-video-preview":"max-video-preview:-1"},"canonical":"https:\/\/www.finnsauna.fi\/de\/textilien\/waschhandschuhe-rueckenmassagebaender\/","og_locale":"de_DE","og_type":"article","og_title":"Waschhandschuhe & R\u00fcckenmassageb\u00e4nder - Finnsauna","og_description":"Mit einem Leinenfrottee-Waschhandschuh oder dem R\u00fcckenmassageband wird nicht nur die Haut gereinigt, sondern auch massiert und die oberfl\u00e4chliche Durchblutung angeregt. Die Haut wird schnell getrocknet und sie bleibt lange frisch.","og_url":"https:\/\/www.finnsauna.fi\/de\/textilien\/waschhandschuhe-rueckenmassagebaender\/","og_site_name":"Finnsauna","article_modified_time":"2024-03-09T19:22:09+00:00","twitter_card":"summary_large_image","twitter_misc":{"Gesch\u00e4tzte Lesezeit":"1\u00a0Minute"},"schema":{"@context":"https:\/\/schema.org","@graph":[{"@type":"WebPage","@id":"https:\/\/www.finnsauna.fi\/de\/textilien\/waschhandschuhe-rueckenmassagebaender\/","url":"https:\/\/www.finnsauna.fi\/de\/textilien\/waschhandschuhe-rueckenmassagebaender\/","name":"Waschhandschuhe & R\u00fcckenmassageb\u00e4nder - Finnsauna","isPartOf":{"@id":"https:\/\/www.finnsauna.fi\/#website"},"datePublished":"2018-09-07T11:55:33+00:00","dateModified":"2024-03-09T19:22:09+00:00","description":"Mit einem Leinenfrottee-Waschhandschuh oder dem R\u00fcckenmassageband wird nicht nur die Haut gereinigt, sondern auch massiert und die oberfl\u00e4chliche Durchblutung angeregt. Die Haut wird schnell getrocknet und sie bleibt lange frisch.","breadcrumb":{"@id":"https:\/\/www.finnsauna.fi\/de\/textilien\/waschhandschuhe-rueckenmassagebaender\/#breadcrumb"},"inLanguage":"de","potentialAction":[{"@type":"ReadAction","target":["https:\/\/www.finnsauna.fi\/de\/textilien\/waschhandschuhe-rueckenmassagebaender\/"]}]},{"@type":"BreadcrumbList","@id":"https:\/\/www.finnsauna.fi\/de\/textilien\/waschhandschuhe-rueckenmassagebaender\/#breadcrumb","itemListElement":[{"@type":"ListItem","position":1,"name":"Home","item":"https:\/\/www.finnsauna.fi\/de\/"},{"@type":"ListItem","position":2,"name":"Textilien","item":"https:\/\/www.finnsauna.fi\/de\/textilien\/"},{"@type":"ListItem","position":3,"name":"Waschhandschuhe &#038; R\u00fcckenmassageb\u00e4nder"}]},{"@type":"WebSite","@id":"https:\/\/www.finnsauna.fi\/#website","url":"https:\/\/www.finnsauna.fi\/","name":"Finnsauna","description":"Sauna products from Finland","potentialAction":[{"@type":"SearchAction","target":{"@type":"EntryPoint","urlTemplate":"https:\/\/www.finnsauna.fi\/?s={search_term_string}"},"query-input":{"@type":"PropertyValueSpecification","valueRequired":true,"valueName":"search_term_string"}}],"inLanguage":"de"}]}},"_links":{"self":[{"href":"https:\/\/www.finnsauna.fi\/de\/wp-json\/wp\/v2\/pages\/2147","targetHints":{"allow":["GET"]}}],"collection":[{"href":"https:\/\/www.finnsauna.fi\/de\/wp-json\/wp\/v2\/pages"}],"about":[{"href":"https:\/\/www.finnsauna.fi\/de\/wp-json\/wp\/v2\/types\/page"}],"author":[{"embeddable":true,"href":"https:\/\/www.finnsauna.fi\/de\/wp-json\/wp\/v2\/users\/1"}],"replies":[{"embeddable":true,"href":"https:\/\/www.finnsauna.fi\/de\/wp-json\/wp\/v2\/comments?post=2147"}],"version-history":[{"count":14,"href":"https:\/\/www.finnsauna.fi\/de\/wp-json\/wp\/v2\/pages\/2147\/revisions"}],"predecessor-version":[{"id":3558,"href":"https:\/\/www.finnsauna.fi\/de\/wp-json\/wp\/v2\/pages\/2147\/revisions\/3558"}],"up":[{"embeddable":true,"href":"https:\/\/www.finnsauna.fi\/de\/wp-json\/wp\/v2\/pages\/1999"}],"wp:attachment":[{"href":"https:\/\/www.finnsauna.fi\/de\/wp-json\/wp\/v2\/media?parent=2147"}],"curies":[{"name":"wp","href":"https:\/\/api.w.org\/{rel}","templated":true}]}}