{"id":2135,"date":"2018-09-10T13:29:15","date_gmt":"2018-09-10T13:29:15","guid":{"rendered":"https:\/\/www.finnsauna.fi\/the-production-process-of-ecological-linen-products\/"},"modified":"2020-04-23T12:23:19","modified_gmt":"2020-04-23T12:23:19","slug":"the-produktion-oekologischer-leinenprodukte","status":"publish","type":"page","link":"https:\/\/www.finnsauna.fi\/de\/textilien\/handtuecher-finnsauna\/the-produktion-oekologischer-leinenprodukte\/","title":{"rendered":"Die Produktion \u00f6kologischer Leinenprodukte"},"content":{"rendered":"<section class=\"l-section wpb_row kuva-paddinki height_auto with_img\"><div class=\"l-section-img\" role=\"img\" aria-label=\"Background: Finnish nature\" data-img-width=\"1920\" data-img-height=\"752\" style=\"background-image: url(https:\/\/www.finnsauna.fi\/wp-content\/uploads\/bg-finland-nature.jpg);background-position: top left;background-repeat: no-repeat;background-size: auto;\"><\/div><div class=\"l-section-h i-cf\"><div class=\"g-cols vc_row via_flex valign_top type_default stacking_default\"><div class=\"vc_col-sm-12 wpb_column vc_column_container has_bg_color\"><div class=\"vc_column-inner us_custom_f1cbd626\"><div class=\"wpb_wrapper\"><div class=\"g-cols wpb_row via_flex valign_top type_default stacking_default\"><div class=\"vc_col-sm-12 wpb_column vc_column_container\"><div class=\"vc_column-inner\"><div class=\"wpb_wrapper\">[vc_custom_heading text=&#8220;Die Produktion \u00f6kologischer Leinenprodukte&#8220; font_container=&#8220;tag:h1|text_align:center|color:%23ffffff&#8220; use_theme_fonts=&#8220;yes&#8220; css=&#8220;%7B%22default%22%3A%7B%22padding-top%22%3A%2220px%22%2C%22padding-bottom%22%3A%2220px%22%2C%22background-color%22%3A%22%230069b4%22%2C%22color%22%3A%22%23ffffff%22%7D%7D&#8220; el_class=&#8220;sivu-paddinki&#8220;]<\/div><\/div><\/div><\/div><div class=\"g-cols wpb_row us_custom_464722d3 sivu-paddinki via_flex valign_top type_default stacking_default\"><div class=\"vc_col-sm-2 wpb_column vc_column_container\"><div class=\"vc_column-inner\"><div class=\"wpb_wrapper\"><div class=\"w-separator size_custom\" style=\"height:2px\"><\/div><\/div><\/div><\/div><div class=\"vc_col-sm-8 wpb_column vc_column_container\"><div class=\"vc_column-inner\"><div class=\"wpb_wrapper\"><div class=\"w-separator size_small\"><\/div><div class=\"w-image align_center\"><div class=\"w-image-h\"><img decoding=\"async\" width=\"40\" height=\"40\" src=\"https:\/\/www.finnsauna.fi\/wp-content\/uploads\/icon-finnsaunas.png\" class=\"attachment-full size-full\" alt=\"\" loading=\"lazy\" \/><\/div><\/div><div class=\"w-separator size_small\"><\/div><div class=\"wpb_text_column ingressi\"><div class=\"wpb_wrapper\"><p style=\"text-align: center;\"><a href=\"http:\/\/www.jokipiinpellava.fi\/\" target=\"_blank\" rel=\"noopener noreferrer\"><strong>Jokipiin Pellava<\/strong><\/a> arbeitet gem\u00e4\u00df einer Produktionspolitik, in welcher alle im Prozess verwendeten Materialien so rein wie m\u00f6glich sind. Der Umweltschutz ist ein Teil des verantwortungsvollen Gesch\u00e4fts des Herstellers.<\/p>\n<\/div><\/div><div class=\"w-separator size_medium\"><\/div><\/div><\/div><\/div><div class=\"vc_col-sm-2 wpb_column vc_column_container\"><div class=\"vc_column-inner\"><div class=\"wpb_wrapper\"><\/div><\/div><\/div><\/div><\/div><\/div><\/div><\/div><\/div><\/section><section class=\"l-section wpb_row height_auto\"><div class=\"l-section-h i-cf\"><div class=\"g-cols vc_row via_flex valign_top type_default stacking_default\"><div class=\"vc_col-sm-2 wpb_column vc_column_container\"><div class=\"vc_column-inner\"><div class=\"wpb_wrapper\"><\/div><\/div><\/div><div class=\"vc_col-sm-8 wpb_column vc_column_container\"><div class=\"vc_column-inner\"><div class=\"wpb_wrapper\"><div class=\"wpb_text_column\"><div class=\"wpb_wrapper\"><p>Jokipiin Pellava hat ein Umweltsystem entwickelt, welches alle Umweltprobleme bez\u00fcglich der industriellen Produktion ber\u00fccksichtigt:<\/p>\n<ul>\n<li>Die Produktion von Leinentextilien produziert kein Abwasser.<\/li>\n<li>Textilstreifen aus dem Webeprozess werden weitergeleitet und in der Produktion von Flickenteppichen verwendet.<\/li>\n<li>Restst\u00fccke aus der Fabrik, die im Zuschneideprozess anfallen, werden im Fabrik-Outlet zu einem g\u00fcnstigen Preis pro Kilogramm verkauft<\/li>\n<li>Das Garn, welches als Rohmaterial verwenden wird, wird mit Dampf aus reinem Wasser verst\u00e4rkt. Dies steigert die Effektivit\u00e4t der Produktion und das fertige Material muss nicht gewaschen werden, da bei der Produktion keine chemischen Substanzen verwendet werden. Es ist ein effektiver Weg, die Umwelt vor exzessivem Energieverbrauch und Abwasser zu sch\u00fctzen.<\/li>\n<\/ul>\n<p>Alle Produkte von Jokipiin Pellava sind umweltfreundlich und es wurden w\u00e4hrend des Herstellungsprozesses keine Chemikalien oder Zus\u00e4tze verwendet. Das bei Jokipiin Pellava verwendete Leinen wird ebenso gesponnen wie das Nord-Lin eco Leinen, aber es verf\u00fcgt nicht \u00fcber das offizielle Umweltzertifikat. Auch die gebleichte und gef\u00e4rbte Baumwolle, die wir verwenden, ist \u00d6kotex zertifiziert. \u00d6KOTEX ist ein Umwelttextilstandard-Zertifikat, welches europaweit anerkannt ist.<\/p>\n<p>Jokipiin Pellava verwendet nur Pappkartons aus recyceltem Material f\u00fcr die Verpackung der einzelnen Produkte. Die Pappkartons, die wir zusammen mit dem Rohmaterial erhalten, werden weitestgehend m\u00f6glich wiederverwendet, z.B. zum Versand unserer Endprodukte an die Kunden.<\/p>\n<\/div><\/div><div class=\"w-separator size_medium\"><\/div><\/div><\/div><\/div><div class=\"vc_col-sm-2 wpb_column vc_column_container\"><div class=\"vc_column-inner\"><div class=\"wpb_wrapper\"><\/div><\/div><\/div><\/div><\/div><\/section><section class=\"l-section wpb_row height_medium with_img\"><div class=\"l-section-img\" role=\"img\" aria-label=\"Linen Terry Towels\" data-img-width=\"1920\" data-img-height=\"752\" style=\"background-image: url(https:\/\/www.finnsauna.fi\/wp-content\/uploads\/towel.jpg);background-position: top center;background-repeat: no-repeat;\"><\/div><div class=\"l-section-h i-cf\"><div class=\"g-cols vc_row via_flex valign_top type_default stacking_default\"><div class=\"vc_col-sm-12 wpb_column vc_column_container\"><div class=\"vc_column-inner\"><div class=\"wpb_wrapper\"><div class=\"w-separator size_custom\" style=\"height:350px\"><\/div><\/div><\/div><\/div><\/div><\/div><\/section>\n","protected":false},"excerpt":{"rendered":"[vc_custom_heading text=\"Die Produktion \u00f6kologischer Leinenprodukte\" font_container=\"tag:h1|text_align:center|color:%23ffffff\" use_theme_fonts=\"yes\" css=\"%7B%22default%22%3A%7B%22padding-top%22%3A%2220px%22%2C%22padding-bottom%22%3A%2220px%22%2C%22background-color%22%3A%22%230069b4%22%2C%22color%22%3A%22%23ffffff%22%7D%7D\" el_class=\"sivu-paddinki\"]Jokipiin Pellava arbeitet gem\u00e4\u00df einer Produktionspolitik, in welcher alle im Prozess verwendeten Materialien so rein wie m\u00f6glich sind. Der Umweltschutz ist ein Teil des verantwortungsvollen Gesch\u00e4fts des Herstellers. Jokipiin Pellava hat ein Umweltsystem entwickelt, welches alle Umweltprobleme bez\u00fcglich der industriellen Produktion ber\u00fccksichtigt: Die Produktion von Leinentextilien produziert...","protected":false},"author":1,"featured_media":0,"parent":2154,"menu_order":0,"comment_status":"closed","ping_status":"closed","template":"","meta":{"footnotes":""},"class_list":["post-2135","page","type-page","status-publish","hentry"],"yoast_head":"<!-- This site is optimized with the Yoast SEO plugin v27.1.1 - https:\/\/yoast.com\/product\/yoast-seo-wordpress\/ -->\n<title>Die Produktion \u00f6kologischer Leinenprodukte - Finnsauna<\/title>\n<meta name=\"description\" content=\"Jokipiin Pellava has adopted a production policy where all materials used in the process are as clean as possible.\" \/>\n<meta name=\"robots\" content=\"index, follow, max-snippet:-1, max-image-preview:large, max-video-preview:-1\" \/>\n<link rel=\"canonical\" href=\"https:\/\/www.finnsauna.fi\/de\/textilien\/handtuecher-finnsauna\/the-produktion-oekologischer-leinenprodukte\/\" \/>\n<meta property=\"og:locale\" content=\"de_DE\" \/>\n<meta property=\"og:type\" content=\"article\" \/>\n<meta property=\"og:title\" content=\"Die Produktion \u00f6kologischer Leinenprodukte - Finnsauna\" \/>\n<meta property=\"og:description\" content=\"Jokipiin Pellava has adopted a production policy where all materials used in the process are as clean as possible.\" \/>\n<meta property=\"og:url\" content=\"https:\/\/www.finnsauna.fi\/de\/textilien\/handtuecher-finnsauna\/the-produktion-oekologischer-leinenprodukte\/\" \/>\n<meta property=\"og:site_name\" content=\"Finnsauna\" \/>\n<meta property=\"article:modified_time\" content=\"2020-04-23T12:23:19+00:00\" \/>\n<meta name=\"twitter:card\" content=\"summary_large_image\" \/>\n<meta name=\"twitter:label1\" content=\"Gesch\u00e4tzte Lesezeit\" \/>\n\t<meta name=\"twitter:data1\" content=\"2\u00a0Minuten\" \/>\n<script type=\"application\/ld+json\" class=\"yoast-schema-graph\">{\"@context\":\"https:\/\/schema.org\",\"@graph\":[{\"@type\":\"WebPage\",\"@id\":\"https:\/\/www.finnsauna.fi\/de\/textilien\/handtuecher-finnsauna\/the-produktion-oekologischer-leinenprodukte\/\",\"url\":\"https:\/\/www.finnsauna.fi\/de\/textilien\/handtuecher-finnsauna\/the-produktion-oekologischer-leinenprodukte\/\",\"name\":\"Die Produktion \u00f6kologischer Leinenprodukte - Finnsauna\",\"isPartOf\":{\"@id\":\"https:\/\/www.finnsauna.fi\/#website\"},\"datePublished\":\"2018-09-10T13:29:15+00:00\",\"dateModified\":\"2020-04-23T12:23:19+00:00\",\"description\":\"Jokipiin Pellava has adopted a production policy where all materials used in the process are as clean as possible.\",\"breadcrumb\":{\"@id\":\"https:\/\/www.finnsauna.fi\/de\/textilien\/handtuecher-finnsauna\/the-produktion-oekologischer-leinenprodukte\/#breadcrumb\"},\"inLanguage\":\"de\",\"potentialAction\":[{\"@type\":\"ReadAction\",\"target\":[\"https:\/\/www.finnsauna.fi\/de\/textilien\/handtuecher-finnsauna\/the-produktion-oekologischer-leinenprodukte\/\"]}]},{\"@type\":\"BreadcrumbList\",\"@id\":\"https:\/\/www.finnsauna.fi\/de\/textilien\/handtuecher-finnsauna\/the-produktion-oekologischer-leinenprodukte\/#breadcrumb\",\"itemListElement\":[{\"@type\":\"ListItem\",\"position\":1,\"name\":\"Home\",\"item\":\"https:\/\/www.finnsauna.fi\/de\/\"},{\"@type\":\"ListItem\",\"position\":2,\"name\":\"Textilien\",\"item\":\"https:\/\/www.finnsauna.fi\/de\/textilien\/\"},{\"@type\":\"ListItem\",\"position\":3,\"name\":\"Handt\u00fccher\",\"item\":\"https:\/\/www.finnsauna.fi\/de\/textilien\/handtuecher-finnsauna\/\"},{\"@type\":\"ListItem\",\"position\":4,\"name\":\"Die Produktion \u00f6kologischer Leinenprodukte\"}]},{\"@type\":\"WebSite\",\"@id\":\"https:\/\/www.finnsauna.fi\/#website\",\"url\":\"https:\/\/www.finnsauna.fi\/\",\"name\":\"Finnsauna\",\"description\":\"Sauna products from Finland\",\"potentialAction\":[{\"@type\":\"SearchAction\",\"target\":{\"@type\":\"EntryPoint\",\"urlTemplate\":\"https:\/\/www.finnsauna.fi\/?s={search_term_string}\"},\"query-input\":{\"@type\":\"PropertyValueSpecification\",\"valueRequired\":true,\"valueName\":\"search_term_string\"}}],\"inLanguage\":\"de\"}]}<\/script>\n<!-- \/ Yoast SEO plugin. -->","yoast_head_json":{"title":"Die Produktion \u00f6kologischer Leinenprodukte - Finnsauna","description":"Jokipiin Pellava has adopted a production policy where all materials used in the process are as clean as possible.","robots":{"index":"index","follow":"follow","max-snippet":"max-snippet:-1","max-image-preview":"max-image-preview:large","max-video-preview":"max-video-preview:-1"},"canonical":"https:\/\/www.finnsauna.fi\/de\/textilien\/handtuecher-finnsauna\/the-produktion-oekologischer-leinenprodukte\/","og_locale":"de_DE","og_type":"article","og_title":"Die Produktion \u00f6kologischer Leinenprodukte - Finnsauna","og_description":"Jokipiin Pellava has adopted a production policy where all materials used in the process are as clean as possible.","og_url":"https:\/\/www.finnsauna.fi\/de\/textilien\/handtuecher-finnsauna\/the-produktion-oekologischer-leinenprodukte\/","og_site_name":"Finnsauna","article_modified_time":"2020-04-23T12:23:19+00:00","twitter_card":"summary_large_image","twitter_misc":{"Gesch\u00e4tzte Lesezeit":"2\u00a0Minuten"},"schema":{"@context":"https:\/\/schema.org","@graph":[{"@type":"WebPage","@id":"https:\/\/www.finnsauna.fi\/de\/textilien\/handtuecher-finnsauna\/the-produktion-oekologischer-leinenprodukte\/","url":"https:\/\/www.finnsauna.fi\/de\/textilien\/handtuecher-finnsauna\/the-produktion-oekologischer-leinenprodukte\/","name":"Die Produktion \u00f6kologischer Leinenprodukte - Finnsauna","isPartOf":{"@id":"https:\/\/www.finnsauna.fi\/#website"},"datePublished":"2018-09-10T13:29:15+00:00","dateModified":"2020-04-23T12:23:19+00:00","description":"Jokipiin Pellava has adopted a production policy where all materials used in the process are as clean as possible.","breadcrumb":{"@id":"https:\/\/www.finnsauna.fi\/de\/textilien\/handtuecher-finnsauna\/the-produktion-oekologischer-leinenprodukte\/#breadcrumb"},"inLanguage":"de","potentialAction":[{"@type":"ReadAction","target":["https:\/\/www.finnsauna.fi\/de\/textilien\/handtuecher-finnsauna\/the-produktion-oekologischer-leinenprodukte\/"]}]},{"@type":"BreadcrumbList","@id":"https:\/\/www.finnsauna.fi\/de\/textilien\/handtuecher-finnsauna\/the-produktion-oekologischer-leinenprodukte\/#breadcrumb","itemListElement":[{"@type":"ListItem","position":1,"name":"Home","item":"https:\/\/www.finnsauna.fi\/de\/"},{"@type":"ListItem","position":2,"name":"Textilien","item":"https:\/\/www.finnsauna.fi\/de\/textilien\/"},{"@type":"ListItem","position":3,"name":"Handt\u00fccher","item":"https:\/\/www.finnsauna.fi\/de\/textilien\/handtuecher-finnsauna\/"},{"@type":"ListItem","position":4,"name":"Die Produktion \u00f6kologischer Leinenprodukte"}]},{"@type":"WebSite","@id":"https:\/\/www.finnsauna.fi\/#website","url":"https:\/\/www.finnsauna.fi\/","name":"Finnsauna","description":"Sauna products from Finland","potentialAction":[{"@type":"SearchAction","target":{"@type":"EntryPoint","urlTemplate":"https:\/\/www.finnsauna.fi\/?s={search_term_string}"},"query-input":{"@type":"PropertyValueSpecification","valueRequired":true,"valueName":"search_term_string"}}],"inLanguage":"de"}]}},"_links":{"self":[{"href":"https:\/\/www.finnsauna.fi\/de\/wp-json\/wp\/v2\/pages\/2135","targetHints":{"allow":["GET"]}}],"collection":[{"href":"https:\/\/www.finnsauna.fi\/de\/wp-json\/wp\/v2\/pages"}],"about":[{"href":"https:\/\/www.finnsauna.fi\/de\/wp-json\/wp\/v2\/types\/page"}],"author":[{"embeddable":true,"href":"https:\/\/www.finnsauna.fi\/de\/wp-json\/wp\/v2\/users\/1"}],"replies":[{"embeddable":true,"href":"https:\/\/www.finnsauna.fi\/de\/wp-json\/wp\/v2\/comments?post=2135"}],"version-history":[{"count":4,"href":"https:\/\/www.finnsauna.fi\/de\/wp-json\/wp\/v2\/pages\/2135\/revisions"}],"predecessor-version":[{"id":2542,"href":"https:\/\/www.finnsauna.fi\/de\/wp-json\/wp\/v2\/pages\/2135\/revisions\/2542"}],"up":[{"embeddable":true,"href":"https:\/\/www.finnsauna.fi\/de\/wp-json\/wp\/v2\/pages\/2154"}],"wp:attachment":[{"href":"https:\/\/www.finnsauna.fi\/de\/wp-json\/wp\/v2\/media?parent=2135"}],"curies":[{"name":"wp","href":"https:\/\/api.w.org\/{rel}","templated":true}]}}