{"id":2130,"date":"2018-09-10T13:17:59","date_gmt":"2018-09-10T13:17:59","guid":{"rendered":"https:\/\/www.finnsauna.fi\/linen-terry-towel\/"},"modified":"2021-12-28T15:25:55","modified_gmt":"2021-12-28T15:25:55","slug":"leinenfrottee-handtuecher","status":"publish","type":"page","link":"https:\/\/www.finnsauna.fi\/de\/textilien\/handtuecher-finnsauna\/leinenfrottee-handtuecher\/","title":{"rendered":"Leinenfrottee Handt\u00fccher"},"content":{"rendered":"<section class=\"l-section wpb_row kuva-paddinki height_auto with_img\"><div class=\"l-section-img\" role=\"img\" aria-label=\"Linen Terry Towels\" data-img-width=\"1920\" data-img-height=\"752\" style=\"background-image: url(https:\/\/www.finnsauna.fi\/wp-content\/uploads\/bg-linen-terrytowel.jpg);background-position: top left;background-repeat: no-repeat;background-size: auto;\"><\/div><div class=\"l-section-h i-cf\"><div class=\"g-cols vc_row via_flex valign_top type_default stacking_default\"><div class=\"vc_col-sm-12 wpb_column vc_column_container has_bg_color\"><div class=\"vc_column-inner us_custom_f1cbd626\"><div class=\"wpb_wrapper\"><div class=\"g-cols wpb_row via_flex valign_top type_default stacking_default\"><div class=\"vc_col-sm-12 wpb_column vc_column_container\"><div class=\"vc_column-inner\"><div class=\"wpb_wrapper\">[vc_custom_heading text=&#8220;Leinenfrottee Handt\u00fccher&#8220; font_container=&#8220;tag:h1|text_align:center|color:%23ffffff&#8220; use_theme_fonts=&#8220;yes&#8220; css=&#8220;%7B%22default%22%3A%7B%22padding-top%22%3A%2220px%22%2C%22padding-bottom%22%3A%2220px%22%2C%22background-color%22%3A%22%230069b4%22%2C%22color%22%3A%22%23ffffff%22%7D%7D&#8220; el_class=&#8220;sivu-paddinki&#8220;]<\/div><\/div><\/div><\/div><div class=\"g-cols wpb_row us_custom_464722d3 sivu-paddinki via_flex valign_top type_default stacking_default\"><div class=\"vc_col-sm-2 wpb_column vc_column_container\"><div class=\"vc_column-inner\"><div class=\"wpb_wrapper\"><div class=\"w-separator size_custom\" style=\"height:2px\"><\/div><\/div><\/div><\/div><div class=\"vc_col-sm-8 wpb_column vc_column_container\"><div class=\"vc_column-inner\"><div class=\"wpb_wrapper\"><div class=\"w-separator size_small\"><\/div><div class=\"w-image align_center\"><div class=\"w-image-h\"><img decoding=\"async\" width=\"40\" height=\"40\" src=\"https:\/\/www.finnsauna.fi\/wp-content\/uploads\/icon-finnsaunas.png\" class=\"attachment-full size-full\" alt=\"\" loading=\"lazy\" \/><\/div><\/div><div class=\"w-separator size_small\"><\/div><div class=\"wpb_text_column ingressi\"><div class=\"wpb_wrapper\"><p style=\"text-align: center;\">Der finnische Hersteller <a href=\"http:\/\/www.jokipiinpellava.fi\/\" target=\"_blank\" rel=\"noopener noreferrer\"><strong>Jokipiin Pellava Oy<\/strong><\/a> hat ein neues Frottee-Tuch entwickelt, bestehend aus\u00a070 % reines Leinen und nur 30 % Baumwolle.<\/p>\n<p style=\"text-align: center;\">Leinenfrottee hat eine sehr hohe Saugf\u00e4higkeit. Auch als Massagetuch ist Leinenfrottee zu empfehlen. Beim Frottieren mit Jokipiin Leinenfrottee wird die Durchblutung angeregt und die abgestorbenen Hautzellen werden beseitigt. Auf Grund der Massage nach dem Baden oder Duschen f\u00fchlt der K\u00f6rper sich warm und wohl.<\/p>\n<\/div><\/div><div class=\"w-separator size_medium\"><\/div><div class=\"w-btn-wrapper align_center\"><a class=\"w-btn us-btn-style_3 us_custom_6f9c3709 icon_atleft\" target=\" _blank\" rel=\"nofollow\" href=\"https:\/\/www.finnsauna.fi\/wp-content\/uploads\/JOKIPII.Catalogue2019.01.pdf\"><i class=\"fas fa-download\"><\/i><span class=\"w-btn-label\">Product catalog<\/span><\/a><\/div><div class=\"w-separator size_medium\"><\/div><\/div><\/div><\/div><div class=\"vc_col-sm-2 wpb_column vc_column_container\"><div class=\"vc_column-inner\"><div class=\"wpb_wrapper\"><\/div><\/div><\/div><\/div><\/div><\/div><\/div><\/div><\/div><\/section><section class=\"l-section wpb_row height_auto\"><div class=\"l-section-h i-cf\"><div class=\"g-cols vc_row via_flex valign_top type_default stacking_default\"><div class=\"vc_col-sm-12 wpb_column vc_column_container\"><div class=\"vc_column-inner\"><div class=\"wpb_wrapper\"><div class=\"w-separator size_medium with_line width_default thick_1 style_solid color_border align_center with_text with_content\"><div class=\"w-separator-h\"><h3 class=\"w-separator-text\"><span>Warum die Frotteet\u00fccher aus Leinen als die besten gelten zum frottieren nach Sauna, Bad oder Dusche?<\/span><\/h3><\/div><\/div><div class=\"w-separator size_medium\"><\/div><div class=\"g-cols wpb_row via_flex valign_top type_default stacking_default\" style=\"--additional-gap:25;\"><div class=\"vc_col-sm-2 wpb_column vc_column_container\"><div class=\"vc_column-inner\"><div class=\"wpb_wrapper\"><\/div><\/div><\/div><div class=\"vc_col-sm-8 wpb_column vc_column_container\"><div class=\"vc_column-inner\"><div class=\"wpb_wrapper\"><div class=\"wpb_text_column\"><div class=\"wpb_wrapper\"><ul>\n<li><strong>Leinenfrottier nimmt bis das 3-fache seines Eigengewichts an Wasser auf.<br \/>\n<\/strong>Wenn es das 1,5-fache seines Eigengewichts an Wasser aufnimmt, f\u00fchlt es immer noch trocken. Die Leinenfaser ist die hygroscopischte aller Textielfasern.<\/li>\n<li><strong>Durch die Festigkeit der Leinenshlinge ist Leinenfrott\u00e9 bestens geeignet f\u00fcr Trockenmassage<\/strong><br \/>\n&#8211; Es f\u00f6rdert die Durchblutung<br \/>\n&#8211; Es beseitigt die alten Hautzellen<\/li>\n<li><strong>Nur nat\u00fcrliche Materialen werden bei den Frottiert\u00fccher verwendet<\/strong><br \/>\n&#8211; 70 % Leinen (=Frottee Schlinge), 30 % Baumwolle (=Kette und Weft)<br \/>\n&#8211; Etiketten (zum Aufh\u00e4ngen des Handtuchs) bestehen aus 100% Baumwolle \u00a0 &#8211; Alle N\u00e4hf\u00e4den sind aus 100% Baumwolle<\/li>\n<li><strong>Die Herstellung von Leinenfrott\u00e9 schont die Natur<\/strong><br \/>\n&#8211; Zur Produktion werden keinerlei Chemikalien verwendet<br \/>\n&#8211; Die Leinenfarben sind natur und halbgebleicht, dadurch erh\u00e4lt Leinenfrott\u00e9 eine beige F\u00e4rbung welche dem Original der Leinenfaser entspricht. Nach jedem Waschen bleicht es etwas mehr aus. Da Leinenfrottee ohne Chemikalien hergestellt wird, l\u00e4uft es bei der ersten W\u00e4sche ca. 10 % ein.<\/li>\n<li><strong>Leinenfrottee hat eine lange Lebensdauer.<\/strong><\/li>\n<li><strong>Leinenfrottee ist aus Naturfasern, es erzeugt deshalb keine Allergien.<\/strong><br \/>\nDie benutzung von Leinenfrottee dient der Gesundheit.<\/li>\n<li><strong>Je mehr Sie Ihre Frottierw\u00e4sche waschen, desto weicher und saugf\u00e4higer werden sie.<br \/>\n<\/strong>Dies liegt an der Wachsoberfl\u00e4che der Faser, die sich beim Waschen \u00f6ffnet.<\/li>\n<\/ul>\n<\/div><\/div><\/div><\/div><\/div><div class=\"vc_col-sm-2 wpb_column vc_column_container\"><div class=\"vc_column-inner\"><div class=\"wpb_wrapper\"><\/div><\/div><\/div><\/div><div class=\"w-separator size_medium\"><\/div><div class=\"g-cols wpb_row via_flex valign_top type_default stacking_default\"><div class=\"vc_col-sm-4 wpb_column vc_column_container\"><div class=\"vc_column-inner\"><div class=\"wpb_wrapper\"><\/div><\/div><\/div><div class=\"vc_col-sm-4 wpb_column vc_column_container\"><div class=\"vc_column-inner\"><div class=\"wpb_wrapper\"><div class=\"w-image align_center\"><div class=\"w-image-h\"><img decoding=\"async\" width=\"255\" height=\"230\" src=\"https:\/\/www.finnsauna.fi\/wp-content\/uploads\/linen_terry.png\" class=\"attachment-full size-full\" alt=\"\" loading=\"lazy\" \/><\/div><\/div><\/div><\/div><\/div><div class=\"vc_col-sm-4 wpb_column vc_column_container\"><div class=\"vc_column-inner\"><div class=\"wpb_wrapper\"><\/div><\/div><\/div><\/div><div class=\"w-separator size_medium\"><\/div><\/div><\/div><\/div><\/div><\/div><\/section><section class=\"l-section wpb_row height_medium with_img\"><div class=\"l-section-img\" role=\"img\" aria-label=\"Bath textiles\" data-img-width=\"1920\" data-img-height=\"752\" style=\"background-image: url(https:\/\/www.finnsauna.fi\/wp-content\/uploads\/bathtextiles.jpg);background-position: top center;background-repeat: no-repeat;\"><\/div><div class=\"l-section-h i-cf\"><div class=\"g-cols vc_row via_flex valign_top type_default stacking_default\"><div class=\"vc_col-sm-12 wpb_column vc_column_container\"><div class=\"vc_column-inner\"><div class=\"wpb_wrapper\"><div class=\"w-separator size_custom\" style=\"height:350px\"><\/div><\/div><\/div><\/div><\/div><\/div><\/section>\n","protected":false},"excerpt":{"rendered":"[vc_custom_heading text=\"Leinenfrottee Handt\u00fccher\" font_container=\"tag:h1|text_align:center|color:%23ffffff\" use_theme_fonts=\"yes\" css=\"%7B%22default%22%3A%7B%22padding-top%22%3A%2220px%22%2C%22padding-bottom%22%3A%2220px%22%2C%22background-color%22%3A%22%230069b4%22%2C%22color%22%3A%22%23ffffff%22%7D%7D\" el_class=\"sivu-paddinki\"]Der finnische Hersteller Jokipiin Pellava Oy hat ein neues Frottee-Tuch entwickelt, bestehend aus\u00a070 % reines Leinen und nur 30 % Baumwolle. Leinenfrottee hat eine sehr hohe Saugf\u00e4higkeit. Auch als Massagetuch ist Leinenfrottee zu empfehlen. Beim Frottieren mit Jokipiin Leinenfrottee wird die Durchblutung angeregt und die abgestorbenen Hautzellen werden beseitigt....","protected":false},"author":1,"featured_media":0,"parent":2154,"menu_order":0,"comment_status":"closed","ping_status":"closed","template":"","meta":{"footnotes":""},"class_list":["post-2130","page","type-page","status-publish","hentry"],"yoast_head":"<!-- This site is optimized with the Yoast SEO plugin v27.1.1 - https:\/\/yoast.com\/product\/yoast-seo-wordpress\/ -->\n<title>Leinenfrottee Handt\u00fccher - Finnsauna<\/title>\n<meta name=\"description\" content=\"Leinenfrottee hat eine sehr hohe Saugf\u00e4higkeit. Auch als Massagetuch ist Leinenfrottee zu empfehlen. Beim Frottieren mit Jokipiin Leinenfrottee wird die Durchblutung angeregt und die abgestorbenen Hautzellen werden beseitigt.\" \/>\n<meta name=\"robots\" content=\"index, follow, max-snippet:-1, max-image-preview:large, max-video-preview:-1\" \/>\n<link rel=\"canonical\" href=\"https:\/\/www.finnsauna.fi\/de\/textilien\/handtuecher-finnsauna\/leinenfrottee-handtuecher\/\" \/>\n<meta property=\"og:locale\" content=\"de_DE\" \/>\n<meta property=\"og:type\" content=\"article\" \/>\n<meta property=\"og:title\" content=\"Leinenfrottee Handt\u00fccher - Finnsauna\" \/>\n<meta property=\"og:description\" content=\"Leinenfrottee hat eine sehr hohe Saugf\u00e4higkeit. Auch als Massagetuch ist Leinenfrottee zu empfehlen. Beim Frottieren mit Jokipiin Leinenfrottee wird die Durchblutung angeregt und die abgestorbenen Hautzellen werden beseitigt.\" \/>\n<meta property=\"og:url\" content=\"https:\/\/www.finnsauna.fi\/de\/textilien\/handtuecher-finnsauna\/leinenfrottee-handtuecher\/\" \/>\n<meta property=\"og:site_name\" content=\"Finnsauna\" \/>\n<meta property=\"article:modified_time\" content=\"2021-12-28T15:25:55+00:00\" \/>\n<meta name=\"twitter:card\" content=\"summary_large_image\" \/>\n<meta name=\"twitter:label1\" content=\"Gesch\u00e4tzte Lesezeit\" \/>\n\t<meta name=\"twitter:data1\" content=\"3\u00a0Minuten\" \/>\n<script type=\"application\/ld+json\" class=\"yoast-schema-graph\">{\"@context\":\"https:\/\/schema.org\",\"@graph\":[{\"@type\":\"WebPage\",\"@id\":\"https:\/\/www.finnsauna.fi\/de\/textilien\/handtuecher-finnsauna\/leinenfrottee-handtuecher\/\",\"url\":\"https:\/\/www.finnsauna.fi\/de\/textilien\/handtuecher-finnsauna\/leinenfrottee-handtuecher\/\",\"name\":\"Leinenfrottee Handt\u00fccher - Finnsauna\",\"isPartOf\":{\"@id\":\"https:\/\/www.finnsauna.fi\/#website\"},\"datePublished\":\"2018-09-10T13:17:59+00:00\",\"dateModified\":\"2021-12-28T15:25:55+00:00\",\"description\":\"Leinenfrottee hat eine sehr hohe Saugf\u00e4higkeit. Auch als Massagetuch ist Leinenfrottee zu empfehlen. Beim Frottieren mit Jokipiin Leinenfrottee wird die Durchblutung angeregt und die abgestorbenen Hautzellen werden beseitigt.\",\"breadcrumb\":{\"@id\":\"https:\/\/www.finnsauna.fi\/de\/textilien\/handtuecher-finnsauna\/leinenfrottee-handtuecher\/#breadcrumb\"},\"inLanguage\":\"de\",\"potentialAction\":[{\"@type\":\"ReadAction\",\"target\":[\"https:\/\/www.finnsauna.fi\/de\/textilien\/handtuecher-finnsauna\/leinenfrottee-handtuecher\/\"]}]},{\"@type\":\"BreadcrumbList\",\"@id\":\"https:\/\/www.finnsauna.fi\/de\/textilien\/handtuecher-finnsauna\/leinenfrottee-handtuecher\/#breadcrumb\",\"itemListElement\":[{\"@type\":\"ListItem\",\"position\":1,\"name\":\"Home\",\"item\":\"https:\/\/www.finnsauna.fi\/de\/\"},{\"@type\":\"ListItem\",\"position\":2,\"name\":\"Textilien\",\"item\":\"https:\/\/www.finnsauna.fi\/de\/textilien\/\"},{\"@type\":\"ListItem\",\"position\":3,\"name\":\"Handt\u00fccher\",\"item\":\"https:\/\/www.finnsauna.fi\/de\/textilien\/handtuecher-finnsauna\/\"},{\"@type\":\"ListItem\",\"position\":4,\"name\":\"Leinenfrottee Handt\u00fccher\"}]},{\"@type\":\"WebSite\",\"@id\":\"https:\/\/www.finnsauna.fi\/#website\",\"url\":\"https:\/\/www.finnsauna.fi\/\",\"name\":\"Finnsauna\",\"description\":\"Sauna products from Finland\",\"potentialAction\":[{\"@type\":\"SearchAction\",\"target\":{\"@type\":\"EntryPoint\",\"urlTemplate\":\"https:\/\/www.finnsauna.fi\/?s={search_term_string}\"},\"query-input\":{\"@type\":\"PropertyValueSpecification\",\"valueRequired\":true,\"valueName\":\"search_term_string\"}}],\"inLanguage\":\"de\"}]}<\/script>\n<!-- \/ Yoast SEO plugin. -->","yoast_head_json":{"title":"Leinenfrottee Handt\u00fccher - Finnsauna","description":"Leinenfrottee hat eine sehr hohe Saugf\u00e4higkeit. Auch als Massagetuch ist Leinenfrottee zu empfehlen. Beim Frottieren mit Jokipiin Leinenfrottee wird die Durchblutung angeregt und die abgestorbenen Hautzellen werden beseitigt.","robots":{"index":"index","follow":"follow","max-snippet":"max-snippet:-1","max-image-preview":"max-image-preview:large","max-video-preview":"max-video-preview:-1"},"canonical":"https:\/\/www.finnsauna.fi\/de\/textilien\/handtuecher-finnsauna\/leinenfrottee-handtuecher\/","og_locale":"de_DE","og_type":"article","og_title":"Leinenfrottee Handt\u00fccher - Finnsauna","og_description":"Leinenfrottee hat eine sehr hohe Saugf\u00e4higkeit. Auch als Massagetuch ist Leinenfrottee zu empfehlen. Beim Frottieren mit Jokipiin Leinenfrottee wird die Durchblutung angeregt und die abgestorbenen Hautzellen werden beseitigt.","og_url":"https:\/\/www.finnsauna.fi\/de\/textilien\/handtuecher-finnsauna\/leinenfrottee-handtuecher\/","og_site_name":"Finnsauna","article_modified_time":"2021-12-28T15:25:55+00:00","twitter_card":"summary_large_image","twitter_misc":{"Gesch\u00e4tzte Lesezeit":"3\u00a0Minuten"},"schema":{"@context":"https:\/\/schema.org","@graph":[{"@type":"WebPage","@id":"https:\/\/www.finnsauna.fi\/de\/textilien\/handtuecher-finnsauna\/leinenfrottee-handtuecher\/","url":"https:\/\/www.finnsauna.fi\/de\/textilien\/handtuecher-finnsauna\/leinenfrottee-handtuecher\/","name":"Leinenfrottee Handt\u00fccher - Finnsauna","isPartOf":{"@id":"https:\/\/www.finnsauna.fi\/#website"},"datePublished":"2018-09-10T13:17:59+00:00","dateModified":"2021-12-28T15:25:55+00:00","description":"Leinenfrottee hat eine sehr hohe Saugf\u00e4higkeit. Auch als Massagetuch ist Leinenfrottee zu empfehlen. Beim Frottieren mit Jokipiin Leinenfrottee wird die Durchblutung angeregt und die abgestorbenen Hautzellen werden beseitigt.","breadcrumb":{"@id":"https:\/\/www.finnsauna.fi\/de\/textilien\/handtuecher-finnsauna\/leinenfrottee-handtuecher\/#breadcrumb"},"inLanguage":"de","potentialAction":[{"@type":"ReadAction","target":["https:\/\/www.finnsauna.fi\/de\/textilien\/handtuecher-finnsauna\/leinenfrottee-handtuecher\/"]}]},{"@type":"BreadcrumbList","@id":"https:\/\/www.finnsauna.fi\/de\/textilien\/handtuecher-finnsauna\/leinenfrottee-handtuecher\/#breadcrumb","itemListElement":[{"@type":"ListItem","position":1,"name":"Home","item":"https:\/\/www.finnsauna.fi\/de\/"},{"@type":"ListItem","position":2,"name":"Textilien","item":"https:\/\/www.finnsauna.fi\/de\/textilien\/"},{"@type":"ListItem","position":3,"name":"Handt\u00fccher","item":"https:\/\/www.finnsauna.fi\/de\/textilien\/handtuecher-finnsauna\/"},{"@type":"ListItem","position":4,"name":"Leinenfrottee Handt\u00fccher"}]},{"@type":"WebSite","@id":"https:\/\/www.finnsauna.fi\/#website","url":"https:\/\/www.finnsauna.fi\/","name":"Finnsauna","description":"Sauna products from Finland","potentialAction":[{"@type":"SearchAction","target":{"@type":"EntryPoint","urlTemplate":"https:\/\/www.finnsauna.fi\/?s={search_term_string}"},"query-input":{"@type":"PropertyValueSpecification","valueRequired":true,"valueName":"search_term_string"}}],"inLanguage":"de"}]}},"_links":{"self":[{"href":"https:\/\/www.finnsauna.fi\/de\/wp-json\/wp\/v2\/pages\/2130","targetHints":{"allow":["GET"]}}],"collection":[{"href":"https:\/\/www.finnsauna.fi\/de\/wp-json\/wp\/v2\/pages"}],"about":[{"href":"https:\/\/www.finnsauna.fi\/de\/wp-json\/wp\/v2\/types\/page"}],"author":[{"embeddable":true,"href":"https:\/\/www.finnsauna.fi\/de\/wp-json\/wp\/v2\/users\/1"}],"replies":[{"embeddable":true,"href":"https:\/\/www.finnsauna.fi\/de\/wp-json\/wp\/v2\/comments?post=2130"}],"version-history":[{"count":8,"href":"https:\/\/www.finnsauna.fi\/de\/wp-json\/wp\/v2\/pages\/2130\/revisions"}],"predecessor-version":[{"id":3244,"href":"https:\/\/www.finnsauna.fi\/de\/wp-json\/wp\/v2\/pages\/2130\/revisions\/3244"}],"up":[{"embeddable":true,"href":"https:\/\/www.finnsauna.fi\/de\/wp-json\/wp\/v2\/pages\/2154"}],"wp:attachment":[{"href":"https:\/\/www.finnsauna.fi\/de\/wp-json\/wp\/v2\/media?parent=2130"}],"curies":[{"name":"wp","href":"https:\/\/api.w.org\/{rel}","templated":true}]}}