{"id":1999,"date":"2018-09-03T17:20:19","date_gmt":"2018-09-03T17:20:19","guid":{"rendered":"https:\/\/www.finnsauna.fi\/textiles\/"},"modified":"2024-03-09T19:20:15","modified_gmt":"2024-03-09T19:20:15","slug":"textilien","status":"publish","type":"page","link":"https:\/\/www.finnsauna.fi\/de\/textilien\/","title":{"rendered":"Textilien"},"content":{"rendered":"<section class=\"l-section wpb_row kuva-paddinki height_auto with_img\"><div class=\"l-section-img\" role=\"img\" aria-label=\"Bathrobe\" data-img-width=\"1920\" data-img-height=\"752\" style=\"background-image: url(https:\/\/www.finnsauna.fi\/wp-content\/uploads\/bathrobe-towel.jpg);background-position: top left;background-repeat: no-repeat;background-size: auto;\"><\/div><div class=\"l-section-h i-cf\"><div class=\"g-cols vc_row via_flex valign_top type_default stacking_default\"><div class=\"vc_col-sm-12 wpb_column vc_column_container has_bg_color\"><div class=\"vc_column-inner us_custom_f1cbd626\"><div class=\"wpb_wrapper\"><div class=\"g-cols wpb_row via_flex valign_top type_default stacking_default\"><div class=\"vc_col-sm-12 wpb_column vc_column_container\"><div class=\"vc_column-inner\"><div class=\"wpb_wrapper\">[vc_custom_heading text=&#8220;Bad und Saunatextilien&#8220; font_container=&#8220;tag:h1|text_align:center|color:%23ffffff&#8220; use_theme_fonts=&#8220;yes&#8220; css=&#8220;%7B%22default%22%3A%7B%22padding-top%22%3A%2220px%22%2C%22padding-bottom%22%3A%2220px%22%2C%22background-color%22%3A%22%230069b4%22%2C%22color%22%3A%22%23ffffff%22%7D%7D&#8220; el_class=&#8220;sivu-paddinki&#8220;]<\/div><\/div><\/div><\/div><div class=\"g-cols wpb_row us_custom_464722d3 sivu-paddinki via_flex valign_top type_default stacking_default\"><div class=\"vc_col-sm-2 wpb_column vc_column_container\"><div class=\"vc_column-inner\"><div class=\"wpb_wrapper\"><div class=\"w-separator size_custom\" style=\"height:2px\"><\/div><\/div><\/div><\/div><div class=\"vc_col-sm-8 wpb_column vc_column_container\"><div class=\"vc_column-inner\"><div class=\"wpb_wrapper\"><div class=\"w-separator size_small\"><\/div><div class=\"w-image align_center\"><div class=\"w-image-h\"><img decoding=\"async\" width=\"40\" height=\"40\" src=\"https:\/\/www.finnsauna.fi\/wp-content\/uploads\/icon-finnsaunas.png\" class=\"attachment-full size-full\" alt=\"\" loading=\"lazy\" \/><\/div><\/div><div class=\"w-separator size_small\"><\/div><div class=\"wpb_text_column ingressi\"><div class=\"wpb_wrapper\"><p style=\"text-align: center;\"><strong>Saugf\u00e4hige, allergiefreundliche, strapazierf\u00e4hige Leinentextilien mit Trockenmassageeffekt.<\/strong><\/p>\n<p style=\"text-align: center;\"><strong>Jokipiin Pellava<\/strong> bietet eine gro\u00dfe Auswahl an finnischen Leinentextilien f\u00fcr Bad und Sauna. Da Leinenfasern eine sehr hohe Saugf\u00e4higkeit aufweisen, nimmt das Tuch sehr gut Feuchtigkeit von der Haut auf. Das Material kann bis zu dreimal das eigene Gewicht in Wasser aufnehmen. Je mehr Sie die Leinent\u00fccher waschen, desto saugf\u00e4higer werden sie.<\/p>\n<p style=\"text-align: center;\">Das Leinen Frottee, einschlie\u00dflich 70% Leinen und 30% Baumwolle, eignet sich gut f\u00fcr eine Trockenmassage. Sie k\u00f6nnen die abgestorbenen Zellen von der Haut entfernen und die Durchblutung verbessern und stimulieren. Bei Nutzung des Handtuches nach dem Saunabad oder nach der Dusche, wird Ihnen aufgrund der Anregung der Durchblutung nicht kalt.<\/p>\n<\/div><\/div><div class=\"w-separator size_medium\"><\/div><div class=\"w-btn-wrapper align_center\"><a class=\"w-btn us-btn-style_3 us_custom_6f9c3709 icon_atleft\" target=\"_blank\" rel=\"nofollow\" href=\"https:\/\/www.finnsauna.fi\/wp-content\/uploads\/JOKIPII-CATALOGUE_sauna-bath-2024-1-ma.pdf\"><i class=\"fas fa-download\"><\/i><span class=\"w-btn-label\">Katalog<\/span><\/a><\/div><div class=\"w-separator size_medium\"><\/div><\/div><\/div><\/div><div class=\"vc_col-sm-2 wpb_column vc_column_container\"><div class=\"vc_column-inner\"><div class=\"wpb_wrapper\"><\/div><\/div><\/div><\/div><\/div><\/div><\/div><\/div><\/div><\/section><section class=\"l-section wpb_row us_custom_33c3a0a5 height_auto\"><div class=\"l-section-h i-cf\"><div class=\"g-cols vc_row via_flex valign_top type_boxes stacking_default\" style=\"--additional-gap:5px;\"><div class=\"vc_col-sm-6 wpb_column vc_column_container\"><div class=\"vc_column-inner us_custom_1dfdc494\"><div class=\"wpb_wrapper\"><div class=\"w-image us_custom_0490361b align_none\"><a href=\"https:\/\/www.finnsauna.fi\/de\/textilien\/saunakissen-sitzunterlagen-badematten\/\" aria-label=\"saunapillows-seatcover-backrest\" class=\"w-image-h\"><img decoding=\"async\" width=\"960\" height=\"550\" src=\"https:\/\/www.finnsauna.fi\/wp-content\/uploads\/saunapillows-seatcover-backrest.jpg\" class=\"attachment-full size-full\" alt=\"\" loading=\"lazy\" srcset=\"https:\/\/www.finnsauna.fi\/wp-content\/uploads\/saunapillows-seatcover-backrest.jpg 960w, https:\/\/www.finnsauna.fi\/wp-content\/uploads\/saunapillows-seatcover-backrest-300x172.jpg 300w, https:\/\/www.finnsauna.fi\/wp-content\/uploads\/saunapillows-seatcover-backrest-768x440.jpg 768w\" sizes=\"auto, (max-width: 960px) 100vw, 960px\" \/><\/a><\/div>[vc_custom_heading text=&#8220;Saunakissen, Sitzunterlagen and Badematten&#8220; font_container=&#8220;tag:h5|text_align:center|color:%23ffffff&#8220; use_theme_fonts=&#8220;yes&#8220; css=&#8220;%7B%22default%22%3A%7B%22padding-top%22%3A%2215px%22%2C%22padding-right%22%3A%2215px%22%2C%22padding-bottom%22%3A%2215px%22%2C%22padding-left%22%3A%2215px%22%2C%22background-color%22%3A%22%230069b4%22%2C%22color%22%3A%22%23ffffff%22%7D%7D&#8220;]<div class=\"w-image us_custom_0490361b align_none\"><a href=\"https:\/\/www.finnsauna.fi\/de\/textilien\/handtuecher-finnsauna\/\" aria-label=\"s-toweels\" class=\"w-image-h\"><img decoding=\"async\" width=\"960\" height=\"550\" src=\"https:\/\/www.finnsauna.fi\/wp-content\/uploads\/s-toweels.jpg\" class=\"attachment-full size-full\" alt=\"Towels\" loading=\"lazy\" srcset=\"https:\/\/www.finnsauna.fi\/wp-content\/uploads\/s-toweels.jpg 960w, https:\/\/www.finnsauna.fi\/wp-content\/uploads\/s-toweels-300x172.jpg 300w, https:\/\/www.finnsauna.fi\/wp-content\/uploads\/s-toweels-768x440.jpg 768w\" sizes=\"auto, (max-width: 960px) 100vw, 960px\" \/><\/a><\/div>[vc_custom_heading text=&#8220;Handt\u00fccher&#8220; font_container=&#8220;tag:h5|text_align:center|color:%23ffffff&#8220; use_theme_fonts=&#8220;yes&#8220; css=&#8220;%7B%22default%22%3A%7B%22padding-top%22%3A%2215px%22%2C%22padding-right%22%3A%2215px%22%2C%22padding-bottom%22%3A%2215px%22%2C%22padding-left%22%3A%2215px%22%2C%22background-color%22%3A%22%230069b4%22%2C%22color%22%3A%22%23ffffff%22%7D%7D&#8220;]<div class=\"w-image us_custom_0490361b align_none\"><a href=\"https:\/\/www.finnsauna.fi\/de\/textilien\/massgefertiges-design\/\" aria-label=\"Custom design\" class=\"w-image-h\"><img decoding=\"async\" width=\"960\" height=\"550\" src=\"https:\/\/www.finnsauna.fi\/wp-content\/uploads\/t-custom-designs.jpg\" class=\"attachment-full size-full\" alt=\"\" loading=\"lazy\" srcset=\"https:\/\/www.finnsauna.fi\/wp-content\/uploads\/t-custom-designs.jpg 960w, https:\/\/www.finnsauna.fi\/wp-content\/uploads\/t-custom-designs-300x172.jpg 300w, https:\/\/www.finnsauna.fi\/wp-content\/uploads\/t-custom-designs-768x440.jpg 768w\" sizes=\"auto, (max-width: 960px) 100vw, 960px\" \/><\/a><\/div>[vc_custom_heading text=&#8220;Eigenes Design&#8220; font_container=&#8220;tag:h5|text_align:center|color:%23ffffff&#8220; use_theme_fonts=&#8220;yes&#8220; css=&#8220;%7B%22default%22%3A%7B%22padding-top%22%3A%2215px%22%2C%22padding-right%22%3A%2215px%22%2C%22padding-bottom%22%3A%2215px%22%2C%22padding-left%22%3A%2215px%22%2C%22background-color%22%3A%22%230069b4%22%2C%22color%22%3A%22%23ffffff%22%7D%7D&#8220;]<\/div><\/div><\/div><div class=\"vc_col-sm-6 wpb_column vc_column_container\"><div class=\"vc_column-inner us_custom_1dfdc494\"><div class=\"wpb_wrapper\"><div class=\"w-image us_custom_0490361b align_none\"><a href=\"https:\/\/www.finnsauna.fi\/de\/textilien\/waschhandschuhe-rueckenmassagebaender\/\" aria-label=\"washmitts\" class=\"w-image-h\"><img decoding=\"async\" width=\"960\" height=\"550\" src=\"https:\/\/www.finnsauna.fi\/wp-content\/uploads\/washmitts-1.jpg\" class=\"attachment-full size-full\" alt=\"Washmitts &amp; Backrubs\" loading=\"lazy\" srcset=\"https:\/\/www.finnsauna.fi\/wp-content\/uploads\/washmitts-1.jpg 960w, https:\/\/www.finnsauna.fi\/wp-content\/uploads\/washmitts-1-300x172.jpg 300w, https:\/\/www.finnsauna.fi\/wp-content\/uploads\/washmitts-1-768x440.jpg 768w\" sizes=\"auto, (max-width: 960px) 100vw, 960px\" \/><\/a><\/div>[vc_custom_heading text=&#8220;Waschhandschuhe &amp; R\u00fcckenmassageb\u00e4nder&#8220; font_container=&#8220;tag:h5|text_align:center|color:%23ffffff&#8220; use_theme_fonts=&#8220;yes&#8220; css=&#8220;%7B%22default%22%3A%7B%22padding-top%22%3A%2215px%22%2C%22padding-right%22%3A%2215px%22%2C%22padding-bottom%22%3A%2215px%22%2C%22padding-left%22%3A%2215px%22%2C%22background-color%22%3A%22%230069b4%22%2C%22color%22%3A%22%23ffffff%22%7D%7D&#8220;]<div class=\"w-image us_custom_0490361b align_none\"><a href=\"https:\/\/www.finnsauna.fi\/de\/textilien\/bademantel-kilts-wickelhandtuecher-pantoffeln\/\" aria-label=\"s-bathrobe\" class=\"w-image-h\"><img decoding=\"async\" width=\"960\" height=\"550\" src=\"https:\/\/www.finnsauna.fi\/wp-content\/uploads\/s-bathrobe.jpg\" class=\"attachment-full size-full\" alt=\"Bathrobes\" loading=\"lazy\" srcset=\"https:\/\/www.finnsauna.fi\/wp-content\/uploads\/s-bathrobe.jpg 960w, https:\/\/www.finnsauna.fi\/wp-content\/uploads\/s-bathrobe-300x172.jpg 300w, https:\/\/www.finnsauna.fi\/wp-content\/uploads\/s-bathrobe-768x440.jpg 768w\" sizes=\"auto, (max-width: 960px) 100vw, 960px\" \/><\/a><\/div>[vc_custom_heading text=&#8220;Bademantel, Kilts, Wickelhandt\u00fccher &amp; Slippers&#8220; font_container=&#8220;tag:h5|text_align:center|color:%23ffffff&#8220; use_theme_fonts=&#8220;yes&#8220; css=&#8220;%7B%22default%22%3A%7B%22padding-top%22%3A%2215px%22%2C%22padding-right%22%3A%2215px%22%2C%22padding-bottom%22%3A%2215px%22%2C%22padding-left%22%3A%2215px%22%2C%22background-color%22%3A%22%230069b4%22%2C%22color%22%3A%22%23ffffff%22%7D%7D&#8220;]<div class=\"w-image us_custom_0490361b align_none\"><a href=\"https:\/\/www.finnsauna.fi\/de\/textilien\/ueberwurfdecke\/\" aria-label=\"Throw Blanket\" class=\"w-image-h\"><img decoding=\"async\" width=\"960\" height=\"550\" src=\"https:\/\/www.finnsauna.fi\/wp-content\/uploads\/throw-blanket.jpg\" class=\"attachment-full size-full\" alt=\"\" loading=\"lazy\" srcset=\"https:\/\/www.finnsauna.fi\/wp-content\/uploads\/throw-blanket.jpg 960w, https:\/\/www.finnsauna.fi\/wp-content\/uploads\/throw-blanket-300x172.jpg 300w, https:\/\/www.finnsauna.fi\/wp-content\/uploads\/throw-blanket-768x440.jpg 768w\" sizes=\"auto, (max-width: 960px) 100vw, 960px\" \/><\/a><\/div>[vc_custom_heading text=&#8220;\u00dcberwurfdecke&#8220; font_container=&#8220;tag:h5|text_align:center|color:%23ffffff&#8220; use_theme_fonts=&#8220;yes&#8220; css=&#8220;%7B%22default%22%3A%7B%22padding-top%22%3A%2215px%22%2C%22padding-right%22%3A%2215px%22%2C%22padding-bottom%22%3A%2215px%22%2C%22padding-left%22%3A%2215px%22%2C%22background-color%22%3A%22%230069b4%22%2C%22color%22%3A%22%23ffffff%22%7D%7D&#8220;]<\/div><\/div><\/div><\/div><\/div><\/section><section class=\"l-section wpb_row height_medium with_img\"><div class=\"l-section-img\" role=\"img\" aria-label=\"Finnsauna tunnus\" data-img-width=\"640\" data-img-height=\"640\" style=\"background-image: url(https:\/\/www.finnsauna.fi\/wp-content\/uploads\/finnsauna-tunnus.jpg);background-position: bottom right;background-repeat: no-repeat;background-size: contain;\"><\/div><div class=\"l-section-h i-cf\"><div class=\"g-cols vc_row via_flex valign_top type_default stacking_default\"><div class=\"vc_col-sm-12 wpb_column vc_column_container\"><div class=\"vc_column-inner\"><div class=\"wpb_wrapper\">[vc_custom_heading text=&#8220;Jokipiin Pellava Textilien&#8220; font_container=&#8220;tag:h3|text_align:center|color:%230069b4&#8243; use_theme_fonts=&#8220;yes&#8220; css=&#8220;%7B%22default%22%3A%7B%22color%22%3A%22%230069b4%22%7D%7D&#8220;]<div class=\"w-image align_center\"><div class=\"w-image-h\"><img decoding=\"async\" width=\"40\" height=\"40\" src=\"https:\/\/www.finnsauna.fi\/wp-content\/uploads\/icon-finnsaunas.png\" class=\"attachment-full size-full\" alt=\"\" loading=\"lazy\" \/><\/div><\/div><div class=\"w-separator size_small\"><\/div><div class=\"g-cols wpb_row via_flex valign_top type_default stacking_default\" style=\"--additional-gap:25;\"><div class=\"vc_col-sm-6 wpb_column vc_column_container\"><div class=\"vc_column-inner\"><div class=\"wpb_wrapper\"><div class=\"wpb_text_column\"><div class=\"wpb_wrapper\"><p>Als Naturfaser ist Leinen nichtallergen und umweltfreundlich. <strong>Alle Produkte von Jokipiin Pellava sind frei von Chemikalien oder Zusatzstoffen.<\/strong> Leinenstoffe sind in der Regel sehr langlebige Materialien. Diese Produkte sind f\u00fcr eine lange Lebensdauer ausgelegt, was wahrscheinlich der wichtigste Grund f\u00fcr ihren geringen \u00f6kologischen Fu\u00dfabdruck ist.<\/p>\n<ul>\n<li><a href=\"https:\/\/www.finnsauna.fi\/de\/leinenfrottee-handtuecher\/\">Leinen Frotee f\u00fcr Fitnessund Massage<\/a><\/li>\n<li><a href=\"https:\/\/www.finnsauna.fi\/de\/the-produktion-oekologischer-leinenprodukte\/\">Die Herstellung von \u00f6kologischen Leinen<\/a><\/li>\n<li><a href=\"https:\/\/www.finnsauna.fi\/wp-content\/uploads\/JP.-Pflegehinweise.pdf\">Pflegehinweise<\/a><\/li>\n<\/ul>\n<\/div><\/div><\/div><\/div><\/div><div class=\"vc_col-sm-6 wpb_column vc_column_container\"><div class=\"vc_column-inner\"><div class=\"wpb_wrapper\"><div class=\"wpb_text_column\"><div class=\"wpb_wrapper\"><p>Das Bad- und Saunatextilsortiment umfasst Saunakissen, Sitzunterlagen, Waschhandschuhe, Pantoffeln, Kopfbedeckungen, Matten, Handt\u00fccher, Badem\u00e4ntel, Kilts und \u00dcberwurfdecken. <strong>Bereits in kleinen Mengen k\u00f6nnen Sie Ihr eigenes Design erstellen und \/ oder die Textilien mit Ihrem eigenen Logo versehen!<\/strong><\/p>\n<\/div><\/div><\/div><\/div><\/div><\/div><div class=\"w-separator size_medium\"><\/div><div class=\"g-cols wpb_row via_flex valign_top type_default stacking_default\"><div class=\"vc_col-sm-2 wpb_column vc_column_container\"><div class=\"vc_column-inner\"><div class=\"wpb_wrapper\"><\/div><\/div><\/div><div class=\"vc_col-sm-8 wpb_column vc_column_container\"><div class=\"vc_column-inner\"><div class=\"wpb_wrapper\"><div class=\"w-video align_none ratio_16x9\"><div class=\"w-video-h\"><iframe loading=\"lazy\" title=\"Jokipiin Pellava - Valmistettu Suomessa\" width=\"640\" height=\"360\" src=\"https:\/\/www.youtube.com\/embed\/PBm3_c8Mids?feature=oembed\" frameborder=\"0\" allow=\"accelerometer; autoplay; encrypted-media; gyroscope; picture-in-picture\" allowfullscreen><\/iframe><\/div><\/div><\/div><\/div><\/div><div class=\"vc_col-sm-2 wpb_column vc_column_container\"><div class=\"vc_column-inner\"><div class=\"wpb_wrapper\"><\/div><\/div><\/div><\/div><\/div><\/div><\/div><\/div><\/div><\/section><section class=\"l-section wpb_row height_medium with_img\"><div class=\"l-section-img\" role=\"img\" aria-label=\"Bath textiles\" data-img-width=\"1920\" data-img-height=\"752\" style=\"background-image: url(https:\/\/www.finnsauna.fi\/wp-content\/uploads\/bathtextiles.jpg);background-position: top center;background-repeat: no-repeat;\"><\/div><div class=\"l-section-h i-cf\"><div class=\"g-cols vc_row via_flex valign_top type_default stacking_default\"><div class=\"vc_col-sm-12 wpb_column vc_column_container\"><div class=\"vc_column-inner\"><div class=\"wpb_wrapper\"><div class=\"w-separator size_custom\" style=\"height:350px\"><\/div><\/div><\/div><\/div><\/div><\/div><\/section>\n","protected":false},"excerpt":{"rendered":"[vc_custom_heading text=\"Bad und Saunatextilien\" font_container=\"tag:h1|text_align:center|color:%23ffffff\" use_theme_fonts=\"yes\" css=\"%7B%22default%22%3A%7B%22padding-top%22%3A%2220px%22%2C%22padding-bottom%22%3A%2220px%22%2C%22background-color%22%3A%22%230069b4%22%2C%22color%22%3A%22%23ffffff%22%7D%7D\" el_class=\"sivu-paddinki\"]Saugf\u00e4hige, allergiefreundliche, strapazierf\u00e4hige Leinentextilien mit Trockenmassageeffekt. Jokipiin Pellava bietet eine gro\u00dfe Auswahl an finnischen Leinentextilien f\u00fcr Bad und Sauna. Da Leinenfasern eine sehr hohe Saugf\u00e4higkeit aufweisen, nimmt das Tuch sehr gut Feuchtigkeit von der Haut auf. Das Material kann bis zu dreimal das eigene Gewicht in Wasser aufnehmen....","protected":false},"author":1,"featured_media":0,"parent":0,"menu_order":7,"comment_status":"closed","ping_status":"closed","template":"","meta":{"footnotes":""},"class_list":["post-1999","page","type-page","status-publish","hentry"],"yoast_head":"<!-- This site is optimized with the Yoast SEO plugin v27.1.1 - https:\/\/yoast.com\/product\/yoast-seo-wordpress\/ -->\n<title>Textilien - Finnsauna<\/title>\n<meta name=\"description\" content=\"Jokipiin Pellava bietet eine gro\u00dfe Auswahl an finnischen Leinentextilien f\u00fcr Bad und Sauna. Da Leinenfasern eine sehr hohe Saugf\u00e4higkeit aufweisen, nimmt das Tuch sehr gut Feuchtigkeit von der Haut auf.\" \/>\n<meta name=\"robots\" content=\"index, follow, max-snippet:-1, max-image-preview:large, max-video-preview:-1\" \/>\n<link rel=\"canonical\" href=\"https:\/\/www.finnsauna.fi\/de\/textilien\/\" \/>\n<meta property=\"og:locale\" content=\"de_DE\" \/>\n<meta property=\"og:type\" content=\"article\" \/>\n<meta property=\"og:title\" content=\"Textilien - Finnsauna\" \/>\n<meta property=\"og:description\" content=\"Jokipiin Pellava bietet eine gro\u00dfe Auswahl an finnischen Leinentextilien f\u00fcr Bad und Sauna. Da Leinenfasern eine sehr hohe Saugf\u00e4higkeit aufweisen, nimmt das Tuch sehr gut Feuchtigkeit von der Haut auf.\" \/>\n<meta property=\"og:url\" content=\"https:\/\/www.finnsauna.fi\/de\/textilien\/\" \/>\n<meta property=\"og:site_name\" content=\"Finnsauna\" \/>\n<meta property=\"article:modified_time\" content=\"2024-03-09T19:20:15+00:00\" \/>\n<meta name=\"twitter:card\" content=\"summary_large_image\" \/>\n<meta name=\"twitter:label1\" content=\"Gesch\u00e4tzte Lesezeit\" \/>\n\t<meta name=\"twitter:data1\" content=\"2\u00a0Minuten\" \/>\n<script type=\"application\/ld+json\" class=\"yoast-schema-graph\">{\"@context\":\"https:\/\/schema.org\",\"@graph\":[{\"@type\":\"WebPage\",\"@id\":\"https:\/\/www.finnsauna.fi\/de\/textilien\/\",\"url\":\"https:\/\/www.finnsauna.fi\/de\/textilien\/\",\"name\":\"Textilien - Finnsauna\",\"isPartOf\":{\"@id\":\"https:\/\/www.finnsauna.fi\/#website\"},\"datePublished\":\"2018-09-03T17:20:19+00:00\",\"dateModified\":\"2024-03-09T19:20:15+00:00\",\"description\":\"Jokipiin Pellava bietet eine gro\u00dfe Auswahl an finnischen Leinentextilien f\u00fcr Bad und Sauna. Da Leinenfasern eine sehr hohe Saugf\u00e4higkeit aufweisen, nimmt das Tuch sehr gut Feuchtigkeit von der Haut auf.\",\"breadcrumb\":{\"@id\":\"https:\/\/www.finnsauna.fi\/de\/textilien\/#breadcrumb\"},\"inLanguage\":\"de\",\"potentialAction\":[{\"@type\":\"ReadAction\",\"target\":[\"https:\/\/www.finnsauna.fi\/de\/textilien\/\"]}]},{\"@type\":\"BreadcrumbList\",\"@id\":\"https:\/\/www.finnsauna.fi\/de\/textilien\/#breadcrumb\",\"itemListElement\":[{\"@type\":\"ListItem\",\"position\":1,\"name\":\"Home\",\"item\":\"https:\/\/www.finnsauna.fi\/de\/\"},{\"@type\":\"ListItem\",\"position\":2,\"name\":\"Textilien\"}]},{\"@type\":\"WebSite\",\"@id\":\"https:\/\/www.finnsauna.fi\/#website\",\"url\":\"https:\/\/www.finnsauna.fi\/\",\"name\":\"Finnsauna\",\"description\":\"Sauna products from Finland\",\"potentialAction\":[{\"@type\":\"SearchAction\",\"target\":{\"@type\":\"EntryPoint\",\"urlTemplate\":\"https:\/\/www.finnsauna.fi\/?s={search_term_string}\"},\"query-input\":{\"@type\":\"PropertyValueSpecification\",\"valueRequired\":true,\"valueName\":\"search_term_string\"}}],\"inLanguage\":\"de\"}]}<\/script>\n<!-- \/ Yoast SEO plugin. -->","yoast_head_json":{"title":"Textilien - Finnsauna","description":"Jokipiin Pellava bietet eine gro\u00dfe Auswahl an finnischen Leinentextilien f\u00fcr Bad und Sauna. Da Leinenfasern eine sehr hohe Saugf\u00e4higkeit aufweisen, nimmt das Tuch sehr gut Feuchtigkeit von der Haut auf.","robots":{"index":"index","follow":"follow","max-snippet":"max-snippet:-1","max-image-preview":"max-image-preview:large","max-video-preview":"max-video-preview:-1"},"canonical":"https:\/\/www.finnsauna.fi\/de\/textilien\/","og_locale":"de_DE","og_type":"article","og_title":"Textilien - Finnsauna","og_description":"Jokipiin Pellava bietet eine gro\u00dfe Auswahl an finnischen Leinentextilien f\u00fcr Bad und Sauna. Da Leinenfasern eine sehr hohe Saugf\u00e4higkeit aufweisen, nimmt das Tuch sehr gut Feuchtigkeit von der Haut auf.","og_url":"https:\/\/www.finnsauna.fi\/de\/textilien\/","og_site_name":"Finnsauna","article_modified_time":"2024-03-09T19:20:15+00:00","twitter_card":"summary_large_image","twitter_misc":{"Gesch\u00e4tzte Lesezeit":"2\u00a0Minuten"},"schema":{"@context":"https:\/\/schema.org","@graph":[{"@type":"WebPage","@id":"https:\/\/www.finnsauna.fi\/de\/textilien\/","url":"https:\/\/www.finnsauna.fi\/de\/textilien\/","name":"Textilien - Finnsauna","isPartOf":{"@id":"https:\/\/www.finnsauna.fi\/#website"},"datePublished":"2018-09-03T17:20:19+00:00","dateModified":"2024-03-09T19:20:15+00:00","description":"Jokipiin Pellava bietet eine gro\u00dfe Auswahl an finnischen Leinentextilien f\u00fcr Bad und Sauna. Da Leinenfasern eine sehr hohe Saugf\u00e4higkeit aufweisen, nimmt das Tuch sehr gut Feuchtigkeit von der Haut auf.","breadcrumb":{"@id":"https:\/\/www.finnsauna.fi\/de\/textilien\/#breadcrumb"},"inLanguage":"de","potentialAction":[{"@type":"ReadAction","target":["https:\/\/www.finnsauna.fi\/de\/textilien\/"]}]},{"@type":"BreadcrumbList","@id":"https:\/\/www.finnsauna.fi\/de\/textilien\/#breadcrumb","itemListElement":[{"@type":"ListItem","position":1,"name":"Home","item":"https:\/\/www.finnsauna.fi\/de\/"},{"@type":"ListItem","position":2,"name":"Textilien"}]},{"@type":"WebSite","@id":"https:\/\/www.finnsauna.fi\/#website","url":"https:\/\/www.finnsauna.fi\/","name":"Finnsauna","description":"Sauna products from Finland","potentialAction":[{"@type":"SearchAction","target":{"@type":"EntryPoint","urlTemplate":"https:\/\/www.finnsauna.fi\/?s={search_term_string}"},"query-input":{"@type":"PropertyValueSpecification","valueRequired":true,"valueName":"search_term_string"}}],"inLanguage":"de"}]}},"_links":{"self":[{"href":"https:\/\/www.finnsauna.fi\/de\/wp-json\/wp\/v2\/pages\/1999","targetHints":{"allow":["GET"]}}],"collection":[{"href":"https:\/\/www.finnsauna.fi\/de\/wp-json\/wp\/v2\/pages"}],"about":[{"href":"https:\/\/www.finnsauna.fi\/de\/wp-json\/wp\/v2\/types\/page"}],"author":[{"embeddable":true,"href":"https:\/\/www.finnsauna.fi\/de\/wp-json\/wp\/v2\/users\/1"}],"replies":[{"embeddable":true,"href":"https:\/\/www.finnsauna.fi\/de\/wp-json\/wp\/v2\/comments?post=1999"}],"version-history":[{"count":16,"href":"https:\/\/www.finnsauna.fi\/de\/wp-json\/wp\/v2\/pages\/1999\/revisions"}],"predecessor-version":[{"id":3557,"href":"https:\/\/www.finnsauna.fi\/de\/wp-json\/wp\/v2\/pages\/1999\/revisions\/3557"}],"wp:attachment":[{"href":"https:\/\/www.finnsauna.fi\/de\/wp-json\/wp\/v2\/media?parent=1999"}],"curies":[{"name":"wp","href":"https:\/\/api.w.org\/{rel}","templated":true}]}}