{"id":1612,"date":"2018-04-17T10:45:01","date_gmt":"2018-04-17T10:45:01","guid":{"rendered":"https:\/\/www.finnsauna.fi\/https-www-finnsauna-fi\/"},"modified":"2026-01-05T15:32:04","modified_gmt":"2026-01-05T15:32:04","slug":"https-www-finnsauna-fi","status":"publish","type":"page","link":"https:\/\/www.finnsauna.fi\/de\/","title":{"rendered":"Startseite"},"content":{"rendered":"<section class=\"l-section wpb_row height_auto width_full\"><div class=\"l-section-h i-cf\"><div class=\"g-cols vc_row via_flex valign_top type_default stacking_default\"><div class=\"vc_col-sm-12 wpb_column vc_column_container\"><div class=\"vc_column-inner\"><div class=\"wpb_wrapper\">[rev_slider_vc alias=&#8220;finnsauna-1&#8243;]<\/div><\/div><\/div><\/div><\/div><\/section><section class=\"l-section wpb_row height_medium\"><div class=\"l-section-h i-cf\"><div class=\"g-cols vc_row via_flex valign_top type_default stacking_default\"><div class=\"vc_col-sm-2 wpb_column vc_column_container\"><div class=\"vc_column-inner\"><div class=\"wpb_wrapper\"><\/div><\/div><\/div><div class=\"vc_col-sm-8 wpb_column vc_column_container\"><div class=\"vc_column-inner\"><div class=\"wpb_wrapper\">[vc_custom_heading text=&#8220;Saunaprodukte aus Finnland&#8220; font_container=&#8220;tag:h1|text_align:center|color:%230069b4&#8243; use_theme_fonts=&#8220;yes&#8220; css=&#8220;%7B%22default%22%3A%7B%22color%22%3A%22%230069b4%22%7D%7D&#8220;]<div class=\"wpb_text_column ingressi\"><div class=\"wpb_wrapper\"><p style=\"text-align: center;\"><b>Finnsauna f\u00fchrt Sie in die einzigartige Welt der Saunaprodukte aus Finnland ein.<\/b> Unsere weitgef\u00e4cherte Palette an Saunaprodukten umfasst Infrarotstrahler, Saunabaumaterialien, Saunazubeh\u00f6r und Saunatextilien. Finnsauna arbeitet eng mit ausgew\u00e4hlten finnischen Herstellern als ausgelagerte Exporthilfe zusammen.<\/p>\n<p style=\"text-align: center;\"><strong>Genie\u00dfen Sie das finnische Saunaerlebnis ganz nach Ihrem pers\u00f6nlichen Geschmack.<\/strong><\/p>\n<\/div><\/div><\/div><\/div><\/div><div class=\"vc_col-sm-2 wpb_column vc_column_container\"><div class=\"vc_column-inner\"><div class=\"wpb_wrapper\"><\/div><\/div><\/div><\/div><\/div><\/section><section class=\"l-section wpb_row height_auto\"><div class=\"l-section-h i-cf\"><div class=\"g-cols vc_row via_flex valign_top type_default stacking_default\"><div class=\"vc_col-sm-12 wpb_column vc_column_container\"><div class=\"vc_column-inner\"><div class=\"wpb_wrapper\"><div class=\"g-cols wpb_row via_flex valign_top type_default stacking_default\"><div class=\"vc_col-sm-12 wpb_column vc_column_container\"><div class=\"vc_column-inner us_custom_33c3a0a5\"><div class=\"wpb_wrapper\"><\/div><\/div><\/div><\/div><div class=\"g-cols wpb_row paddinki via_flex valign_middle type_boxes stacking_default\"><div class=\"vc_col-sm-4 wpb_column vc_column_container has_bg_color\"><div class=\"vc_column-inner us_custom_341a13b8\"><div class=\"wpb_wrapper\"><div class=\"w-separator size_custom\" style=\"height:330px\"><\/div><\/div><\/div><\/div><div class=\"vc_col-sm-8 wpb_column vc_column_container\"><div class=\"vc_column-inner\"><div class=\"wpb_wrapper\">[vc_custom_heading text=&#8220;Infrarotstrahler&#8220; font_container=&#8220;tag:h3|text_align:left&#8220; use_theme_fonts=&#8220;yes&#8220;]<div class=\"wpb_text_column\"><div class=\"wpb_wrapper\"><p>Die <strong>Infrarotheizungen von Duetto<\/strong> sind vielseitig einsetzbar, da sie auch in einer Sauna mit einem traditionellen Saunaofen installiert werden k\u00f6nnen. Mit dem Duetto k\u00f6nnen Sie eine Kombination aus einer traditionellen Sauna und einer Infrarotkabine schaffen.<\/p>\n<\/div><\/div><div class=\"w-separator size_small\"><\/div><div class=\"w-btn-wrapper align_none\"><a class=\"w-btn us-btn-style_4 us_custom_6f9c3709\" href=\"https:\/\/www.finnsauna.fi\/de\/infrarotstrahler\/\"><span class=\"w-btn-label\">Infrarotstrahler<\/span><\/a><\/div><\/div><\/div><\/div><\/div><\/div><\/div><\/div><\/div><\/div><\/section><section class=\"l-section wpb_row us_custom_b63a3654 height_auto\"><div class=\"l-section-h i-cf\"><div class=\"g-cols vc_row via_flex valign_top type_default stacking_default\"><div class=\"vc_col-sm-12 wpb_column vc_column_container\"><div class=\"vc_column-inner\"><div class=\"wpb_wrapper\"><div class=\"g-cols wpb_row via_flex valign_top type_default stacking_default\"><div class=\"vc_col-sm-12 wpb_column vc_column_container\"><div class=\"vc_column-inner us_custom_33c3a0a5\"><div class=\"wpb_wrapper\"><div class=\"w-image us_custom_e11ab399 align_none\"><div class=\"w-image-h\"><img decoding=\"async\" width=\"1920\" height=\"752\" src=\"https:\/\/www.finnsauna.fi\/wp-content\/uploads\/bg-towels.jpg\" class=\"attachment-full size-full\" alt=\"\" loading=\"lazy\" srcset=\"https:\/\/www.finnsauna.fi\/wp-content\/uploads\/bg-towels.jpg 1920w, https:\/\/www.finnsauna.fi\/wp-content\/uploads\/bg-towels-300x118.jpg 300w, https:\/\/www.finnsauna.fi\/wp-content\/uploads\/bg-towels-1024x401.jpg 1024w, https:\/\/www.finnsauna.fi\/wp-content\/uploads\/bg-towels-768x301.jpg 768w\" sizes=\"auto, (max-width: 1920px) 100vw, 1920px\" \/><\/div><\/div><\/div><\/div><\/div><\/div><div class=\"g-cols wpb_row paddinki via_flex valign_middle type_boxes stacking_default\"><div class=\"vc_col-sm-8 wpb_column vc_column_container\"><div class=\"vc_column-inner\"><div class=\"wpb_wrapper\">[vc_custom_heading text=&#8220;Saunatextilien und Zubeh\u00f6r&#8220; font_container=&#8220;tag:h3|text_align:left&#8220; use_theme_fonts=&#8220;yes&#8220; link=&#8220;url:%2Ftextiles|||&#8220;]<div class=\"wpb_text_column\"><div class=\"wpb_wrapper\"><p><span lang=\"DE\"><strong>Jokipiin Pellava<\/strong> bietet eine gro\u00dfe Auswahl an finnischen Leinentextilien f\u00fcr Bad und Sauna. Da Leinenfasern eine sehr hohe Saugf\u00e4higkeit aufweisen, nimmt das Tuch sehr gut Feuchtigkeit von der Haut auf. Das Material kann bis zu dreimal das eigene Gewicht in Wasser aufnehmen.\u00a0Das Leinenfrottee eignet sich gut f\u00fcr eine Trockenmassage<\/span><\/p>\n<p><span class=\"\" title=\"\">Die stilvollen <strong>KOLO<\/strong> Eimer, Sch\u00f6pfkellen und Thermometer zeichnen sich durch ihre Funktionalit\u00e4t und ihre nordische Stil aus.<\/span> <span class=\"\" title=\"\">Die moderne Raita Saunalampe leuchtet behaglich und indirekt auf und bildet an den Seiten einen sch\u00f6nen Lichtrahmen.<\/span><\/p>\n<\/div><\/div><div class=\"w-separator size_small\"><\/div><div class=\"w-btn-wrapper align_none\"><a class=\"w-btn us-btn-style_4 us_custom_6f9c3709\" href=\"https:\/\/www.finnsauna.fi\/de\/textilien\/\"><span class=\"w-btn-label\">TEXTILIEN<\/span><\/a><\/div><div class=\"w-btn-wrapper align_none\"><a class=\"w-btn us-btn-style_4 us_custom_6f9c3709\" href=\"https:\/\/www.finnsauna.fi\/de\/accessories\/\"><span class=\"w-btn-label\">ZUBEH\u00d6R<\/span><\/a><\/div><\/div><\/div><\/div><div class=\"vc_col-sm-4 wpb_column vc_column_container has_bg_color\"><div class=\"vc_column-inner us_custom_911341a1\"><div class=\"wpb_wrapper\"><div class=\"w-separator size_custom\" style=\"height:330px\"><\/div><\/div><\/div><\/div><\/div><\/div><\/div><\/div><\/div><\/div><\/section><section class=\"l-section wpb_row height_medium color_alternate with_img\"><div class=\"l-section-img\" role=\"img\" aria-label=\"Finnsauna icon\" data-img-width=\"640\" data-img-height=\"640\" style=\"background-image: url(https:\/\/www.finnsauna.fi\/wp-content\/uploads\/finnsauna-tunnus-w.png);background-position: top right;background-repeat: no-repeat;background-size: contain;\"><\/div><div class=\"l-section-h i-cf\"><div class=\"g-cols vc_row via_flex valign_top type_default stacking_default\"><div class=\"vc_col-sm-2 wpb_column vc_column_container\"><div class=\"vc_column-inner\"><div class=\"wpb_wrapper\"><\/div><\/div><\/div><div class=\"vc_col-sm-8 wpb_column vc_column_container\"><div class=\"vc_column-inner\"><div class=\"wpb_wrapper\"><div class=\"w-grid us_carousel type_carousel layout_16 preload_style_spinner\" id=\"us_grid_1\"><style>.layout_16 .w-grid-item-h{}.layout_16 .usg_post_title_1{margin-bottom:0!important;font-family:var(--h1-font-family)!important;font-size:1rem!important}.layout_16 .usg_post_title_2{font-family:var(--h1-font-family)!important;font-size:16px!important;font-weight:700!important}<\/style><div class=\"w-grid-list owl-carousel valign_stretch dotstyle_circle navstyle_circle arrows-ver-pos_middle arrows-hor-pos_on_sides_outside arrows-disabled_hide owl-responsive-2000\" style=\"--transition-duration:350ms;\">\t<article class=\"w-grid-item post-3287 post type-post status-publish format-standard hentry category-unkategorisiert\" data-id=\"3287\">\r\n\t\t<div class=\"w-grid-item-h\">\r\n\t\t\t\t\t\t<h4 class=\"w-post-elm post_title usg_post_title_2 entry-title color_link_inherit\">WORLD SAUNA FORUM<\/h4><time class=\"w-post-elm post_date usg_post_date_3 entry-date published\" datetime=\"2025-01-05T10:00:48+00:00\">05\/01\/2025<\/time><div class=\"w-post-elm post_content usg_post_content_1\"><section class=\"l-section wpb_row height_medium\"><div class=\"l-section-h i-cf\"><div class=\"g-cols vc_row via_flex valign_top type_default stacking_default\"><div class=\"vc_col-sm-12 wpb_column vc_column_container\"><div class=\"vc_column-inner\"><div class=\"wpb_wrapper\"><div class=\"wpb_text_column\"><div class=\"wpb_wrapper\"><p><strong>Treffen Sie uns beim World Sauna Forum in Jyv\u00e4skyl\u00e4, Finnland!<\/strong><\/p>\n<p>Jokipiin Pellava ist vom <strong>9.\u201311. Juni 2026<\/strong> beim <a href=\"https:\/\/worldsaunaforum.com\">World Sauna Forum<\/a> in Jyv\u00e4skyl\u00e4, Finnland, dabei.<\/p>\n<p>Entdecken Sie unsere neuesten Saunatextilien und erfahren Sie, wie sie individuell an Ihre Marke angepasst werden k\u00f6nnen.<\/p>\n<p>Wir freuen uns darauf, Sie beim entspannendsten Business-Event der Welt zu treffen!<\/p>\n<p><img loading=\"lazy\" decoding=\"async\" class=\"alignnone size-full wp-image-3755\" src=\"https:\/\/www.finnsauna.fi\/wp-content\/uploads\/Screenshot-2026-01-12-at-12.45.52.png\" alt=\"\" width=\"170\" height=\"134\" \/><\/p>\n<\/div><\/div><\/div><\/div><\/div><\/div><\/div><\/section>\n<\/div>\t\t<\/div>\r\n\t\t\t<\/article>\r\n<\/div><div class=\"w-grid-carousel-json hidden\" onclick='return {&quot;carousel_settings&quot;:{&quot;aria_labels&quot;:{&quot;prev&quot;:&quot;Zur\\u00fcck&quot;,&quot;next&quot;:&quot;Weiter&quot;},&quot;autoplayContinual&quot;:false,&quot;autoplayHoverPause&quot;:false,&quot;autoplayTimeout&quot;:3000,&quot;autoWidth&quot;:false,&quot;smartSpeed&quot;:350,&quot;margin&quot;:0,&quot;mouseDrag&quot;:true,&quot;rtl&quot;:false,&quot;slideBy&quot;:&quot;1&quot;,&quot;touchDrag&quot;:true,&quot;slideTransition&quot;:&quot;&quot;,&quot;responsive&quot;:{&quot;0&quot;:{&quot;autoHeight&quot;:false,&quot;autoplay&quot;:false,&quot;autoWidth&quot;:false,&quot;center&quot;:false,&quot;dots&quot;:false,&quot;items&quot;:1,&quot;loop&quot;:false,&quot;nav&quot;:false,&quot;stagePadding&quot;:0,&quot;slideBy&quot;:&quot;1&quot;},&quot;601&quot;:{&quot;items&quot;:1,&quot;autoplay&quot;:false,&quot;center&quot;:false,&quot;dots&quot;:false,&quot;nav&quot;:false,&quot;autoHeight&quot;:false,&quot;autoWidth&quot;:false,&quot;loop&quot;:false,&quot;stagePadding&quot;:0}}}}'><\/div><\/div><\/div><\/div><\/div><div class=\"vc_col-sm-2 wpb_column vc_column_container\"><div class=\"vc_column-inner\"><div class=\"wpb_wrapper\"><\/div><\/div><\/div><\/div><\/div><\/section>\n","protected":false},"excerpt":{"rendered":"Treffen Sie uns beim World Sauna Forum in Jyv\u00e4skyl\u00e4, Finnland! Jokipiin Pellava ist vom 9.\u201311. Juni 2026 beim World Sauna Forum in Jyv\u00e4skyl\u00e4, Finnland, dabei. Entdecken Sie unsere neuesten Saunatextilien und erfahren Sie, wie sie individuell an Ihre Marke angepasst werden k\u00f6nnen. Wir freuen uns darauf, Sie beim entspannendsten Business-Event der Welt zu treffen!","protected":false},"author":1,"featured_media":0,"parent":0,"menu_order":1,"comment_status":"closed","ping_status":"closed","template":"","meta":{"footnotes":""},"class_list":["post-1612","page","type-page","status-publish","hentry"],"yoast_head":"<!-- This site is optimized with the Yoast SEO plugin v27.1.1 - https:\/\/yoast.com\/product\/yoast-seo-wordpress\/ -->\n<title>Enjoy the Finnish sauna experience just the way you prefer it<\/title>\n<meta name=\"description\" content=\"We offer saunas, sauna heaters, infrared heaters, sauna building materials, sauna accessories and sauna textiles directly from Finland.\" \/>\n<meta name=\"robots\" content=\"index, follow, max-snippet:-1, max-image-preview:large, max-video-preview:-1\" \/>\n<link rel=\"canonical\" href=\"https:\/\/www.finnsauna.fi\/de\/\" \/>\n<meta property=\"og:locale\" content=\"de_DE\" \/>\n<meta property=\"og:type\" content=\"article\" \/>\n<meta property=\"og:title\" content=\"Enjoy the Finnish sauna experience just the way you prefer it\" \/>\n<meta property=\"og:description\" content=\"We offer saunas, sauna heaters, infrared heaters, sauna building materials, sauna accessories and sauna textiles directly from Finland.\" \/>\n<meta property=\"og:url\" content=\"https:\/\/www.finnsauna.fi\/de\/\" \/>\n<meta property=\"og:site_name\" content=\"Finnsauna\" \/>\n<meta property=\"article:modified_time\" content=\"2026-01-05T15:32:04+00:00\" \/>\n<meta name=\"twitter:card\" content=\"summary_large_image\" \/>\n<meta name=\"twitter:label1\" content=\"Gesch\u00e4tzte Lesezeit\" \/>\n\t<meta name=\"twitter:data1\" content=\"2\u00a0Minuten\" \/>\n<script type=\"application\/ld+json\" class=\"yoast-schema-graph\">{\"@context\":\"https:\/\/schema.org\",\"@graph\":[{\"@type\":\"WebPage\",\"@id\":\"https:\/\/www.finnsauna.fi\/de\/\",\"url\":\"https:\/\/www.finnsauna.fi\/de\/\",\"name\":\"Enjoy the Finnish sauna experience just the way you prefer it\",\"isPartOf\":{\"@id\":\"https:\/\/www.finnsauna.fi\/#website\"},\"datePublished\":\"2018-04-17T10:45:01+00:00\",\"dateModified\":\"2026-01-05T15:32:04+00:00\",\"description\":\"We offer saunas, sauna heaters, infrared heaters, sauna building materials, sauna accessories and sauna textiles directly from Finland.\",\"breadcrumb\":{\"@id\":\"https:\/\/www.finnsauna.fi\/de\/#breadcrumb\"},\"inLanguage\":\"de\",\"potentialAction\":[{\"@type\":\"ReadAction\",\"target\":[\"https:\/\/www.finnsauna.fi\/de\/\"]}]},{\"@type\":\"BreadcrumbList\",\"@id\":\"https:\/\/www.finnsauna.fi\/de\/#breadcrumb\",\"itemListElement\":[{\"@type\":\"ListItem\",\"position\":1,\"name\":\"Home\",\"item\":\"https:\/\/www.finnsauna.fi\/de\/\"},{\"@type\":\"ListItem\",\"position\":2,\"name\":\"Startseite\"}]},{\"@type\":\"WebSite\",\"@id\":\"https:\/\/www.finnsauna.fi\/#website\",\"url\":\"https:\/\/www.finnsauna.fi\/\",\"name\":\"Finnsauna\",\"description\":\"Sauna products from Finland\",\"potentialAction\":[{\"@type\":\"SearchAction\",\"target\":{\"@type\":\"EntryPoint\",\"urlTemplate\":\"https:\/\/www.finnsauna.fi\/?s={search_term_string}\"},\"query-input\":{\"@type\":\"PropertyValueSpecification\",\"valueRequired\":true,\"valueName\":\"search_term_string\"}}],\"inLanguage\":\"de\"}]}<\/script>\n<!-- \/ Yoast SEO plugin. -->","yoast_head_json":{"title":"Enjoy the Finnish sauna experience just the way you prefer it","description":"We offer saunas, sauna heaters, infrared heaters, sauna building materials, sauna accessories and sauna textiles directly from Finland.","robots":{"index":"index","follow":"follow","max-snippet":"max-snippet:-1","max-image-preview":"max-image-preview:large","max-video-preview":"max-video-preview:-1"},"canonical":"https:\/\/www.finnsauna.fi\/de\/","og_locale":"de_DE","og_type":"article","og_title":"Enjoy the Finnish sauna experience just the way you prefer it","og_description":"We offer saunas, sauna heaters, infrared heaters, sauna building materials, sauna accessories and sauna textiles directly from Finland.","og_url":"https:\/\/www.finnsauna.fi\/de\/","og_site_name":"Finnsauna","article_modified_time":"2026-01-05T15:32:04+00:00","twitter_card":"summary_large_image","twitter_misc":{"Gesch\u00e4tzte Lesezeit":"2\u00a0Minuten"},"schema":{"@context":"https:\/\/schema.org","@graph":[{"@type":"WebPage","@id":"https:\/\/www.finnsauna.fi\/de\/","url":"https:\/\/www.finnsauna.fi\/de\/","name":"Enjoy the Finnish sauna experience just the way you prefer it","isPartOf":{"@id":"https:\/\/www.finnsauna.fi\/#website"},"datePublished":"2018-04-17T10:45:01+00:00","dateModified":"2026-01-05T15:32:04+00:00","description":"We offer saunas, sauna heaters, infrared heaters, sauna building materials, sauna accessories and sauna textiles directly from Finland.","breadcrumb":{"@id":"https:\/\/www.finnsauna.fi\/de\/#breadcrumb"},"inLanguage":"de","potentialAction":[{"@type":"ReadAction","target":["https:\/\/www.finnsauna.fi\/de\/"]}]},{"@type":"BreadcrumbList","@id":"https:\/\/www.finnsauna.fi\/de\/#breadcrumb","itemListElement":[{"@type":"ListItem","position":1,"name":"Home","item":"https:\/\/www.finnsauna.fi\/de\/"},{"@type":"ListItem","position":2,"name":"Startseite"}]},{"@type":"WebSite","@id":"https:\/\/www.finnsauna.fi\/#website","url":"https:\/\/www.finnsauna.fi\/","name":"Finnsauna","description":"Sauna products from Finland","potentialAction":[{"@type":"SearchAction","target":{"@type":"EntryPoint","urlTemplate":"https:\/\/www.finnsauna.fi\/?s={search_term_string}"},"query-input":{"@type":"PropertyValueSpecification","valueRequired":true,"valueName":"search_term_string"}}],"inLanguage":"de"}]}},"_links":{"self":[{"href":"https:\/\/www.finnsauna.fi\/de\/wp-json\/wp\/v2\/pages\/1612","targetHints":{"allow":["GET"]}}],"collection":[{"href":"https:\/\/www.finnsauna.fi\/de\/wp-json\/wp\/v2\/pages"}],"about":[{"href":"https:\/\/www.finnsauna.fi\/de\/wp-json\/wp\/v2\/types\/page"}],"author":[{"embeddable":true,"href":"https:\/\/www.finnsauna.fi\/de\/wp-json\/wp\/v2\/users\/1"}],"replies":[{"embeddable":true,"href":"https:\/\/www.finnsauna.fi\/de\/wp-json\/wp\/v2\/comments?post=1612"}],"version-history":[{"count":21,"href":"https:\/\/www.finnsauna.fi\/de\/wp-json\/wp\/v2\/pages\/1612\/revisions"}],"predecessor-version":[{"id":3752,"href":"https:\/\/www.finnsauna.fi\/de\/wp-json\/wp\/v2\/pages\/1612\/revisions\/3752"}],"wp:attachment":[{"href":"https:\/\/www.finnsauna.fi\/de\/wp-json\/wp\/v2\/media?parent=1612"}],"curies":[{"name":"wp","href":"https:\/\/api.w.org\/{rel}","templated":true}]}}